{"id":17804,"date":"2025-01-05T17:44:29","date_gmt":"2025-01-05T17:44:29","guid":{"rendered":"https:\/\/www.tcm-vet.com\/newsletter\/"},"modified":"2025-11-20T16:18:21","modified_gmt":"2025-11-20T16:18:21","slug":"nyhedsbrev","status":"publish","type":"page","link":"https:\/\/www.tcm-vet.com\/da_dk\/newsletter\/","title":{"rendered":"Nyhedsbrev"},"content":{"rendered":"<p>[newsletter]<\/p>\n","protected":false},"excerpt":{"rendered":"<p>[newsletter]<\/p>\n","protected":false},"author":1,"featured_media":0,"parent":0,"menu_order":0,"comment_status":"closed","ping_status":"closed","template":"","meta":{"_et_pb_use_builder":"","_et_pb_old_content":"","_et_gb_content_width":"","footnotes":""},"class_list":["post-17804","page","type-page","status-publish","hentry"],"jetpack-related-posts":[{"id":3,"url":"https:\/\/www.tcm-vet.com\/da_dk\/privacy-policy\/","url_meta":{"origin":17804,"position":0},"title":"Privatlivspolitik","author":"TCMVET","date":"oktober 7, 2022","format":false,"excerpt":"Hvem vi erVores hjemmeside er: https:\/\/www.tcm-vet.com. KommentarerN\u00e5r en bes\u00f8gende efterlader en kommentar p\u00e5 siden, indsamler vi de data, der vises i kommentarformularen,\u2026","rel":"","context":"Similar post","block_context":{"text":"Similar post","link":""},"img":{"alt_text":"","src":"","width":0,"height":0},"classes":[]},{"id":20760,"url":"https:\/\/www.tcm-vet.com\/da_dk\/affiliate-terms-of-use\/","url_meta":{"origin":17804,"position":1},"title":"Vilk\u00e5r for brug af affiliate","author":"TCMVET","date":"oktober 19, 2025","format":false,"excerpt":"Som en autoriseret affiliate (Affiliate) af TCMVET, accepterer du at overholde de vilk\u00e5r og betingelser, der er indeholdt i denne aftale (Aftale).","rel":"","context":"Similar post","block_context":{"text":"Similar post","link":""},"img":{"alt_text":"","src":"","width":0,"height":0},"classes":[]}],"jetpack_sharing_enabled":true,"jetpack_likes_enabled":true,"_links":{"self":[{"href":"https:\/\/www.tcm-vet.com\/da_dk\/wp-json\/wp\/v2\/pages\/17804","targetHints":{"allow":["GET"]}}],"collection":[{"href":"https:\/\/www.tcm-vet.com\/da_dk\/wp-json\/wp\/v2\/pages"}],"about":[{"href":"https:\/\/www.tcm-vet.com\/da_dk\/wp-json\/wp\/v2\/types\/page"}],"author":[{"embeddable":true,"href":"https:\/\/www.tcm-vet.com\/da_dk\/wp-json\/wp\/v2\/users\/1"}],"replies":[{"embeddable":true,"href":"https:\/\/www.tcm-vet.com\/da_dk\/wp-json\/wp\/v2\/comments?post=17804"}],"version-history":[{"count":0,"href":"https:\/\/www.tcm-vet.com\/da_dk\/wp-json\/wp\/v2\/pages\/17804\/revisions"}],"wp:attachment":[{"href":"https:\/\/www.tcm-vet.com\/da_dk\/wp-json\/wp\/v2\/media?parent=17804"}],"curies":[{"name":"wp","href":"https:\/\/api.w.org\/{rel}","templated":true}]}}