{"id":20749,"date":"2025-10-19T17:27:38","date_gmt":"2025-10-19T17:27:38","guid":{"rendered":"https:\/\/www.tcm-vet.com\/affiliate-area\/"},"modified":"2025-11-20T16:17:06","modified_gmt":"2025-11-20T16:17:06","slug":"affiliate-omrade","status":"publish","type":"page","link":"https:\/\/www.tcm-vet.com\/da_dk\/affiliate-area\/","title":{"rendered":"Affilieret omr\u00e5de"},"content":{"rendered":"<p class=\"affwp-notice\">Du har ikke tilladelse til at se denne side. Venligst <a href=\"https:\/\/www.tcm-vet.com\/da_dk\/affiliate-login\/\">log ind<\/a> og pr\u00f8v igen.<\/p>","protected":false},"excerpt":{"rendered":"","protected":false},"author":1,"featured_media":0,"parent":0,"menu_order":0,"comment_status":"closed","ping_status":"closed","template":"","meta":{"_et_pb_use_builder":"off","_et_pb_old_content":"<!-- wp:affiliatewp\/affiliate-area \/-->","_et_gb_content_width":"1080","footnotes":""},"class_list":["post-20749","page","type-page","status-publish","hentry"],"jetpack-related-posts":[{"id":26307,"url":"https:\/\/www.tcm-vet.com\/da_dk\/anal-sac-carcinoma-dogs\/","url_meta":{"origin":20749,"position":0},"title":"Anal kirtelkr\u00e6ft hos hunde: Symptomer, diagnose, behandling og langsigtet h\u00e5ndtering","author":"TCMVET","date":"januar 15, 2026","format":false,"excerpt":"Hjem \/ Anals\u00e6kstumorer og anals\u00e6kkr\u00e6ft hos hunde Anals\u00e6kstumorer og anals\u00e6kkr\u00e6ft hos hunde Evidensbaseret veterin\u00e6rguide til symptomer, diagnose, stadieinddeling, behandlingsmuligheder og langsigtet h\u00e5ndtering for k\u00e6ledyrsejere og veterin\u00e6rteams. Veterin\u00e6ruddannelse Ejer-venlig Evidensbaseret Integrativ onkologi Sidst opdateret: 2026-01-16 \u00b7 Gennemg\u00e5et af:\u2026","rel":"","context":"Similar post","block_context":{"text":"Similar post","link":""},"img":{"alt_text":"","src":"","width":0,"height":0},"classes":[]}],"jetpack_sharing_enabled":true,"jetpack_likes_enabled":true,"_links":{"self":[{"href":"https:\/\/www.tcm-vet.com\/da_dk\/wp-json\/wp\/v2\/pages\/20749","targetHints":{"allow":["GET"]}}],"collection":[{"href":"https:\/\/www.tcm-vet.com\/da_dk\/wp-json\/wp\/v2\/pages"}],"about":[{"href":"https:\/\/www.tcm-vet.com\/da_dk\/wp-json\/wp\/v2\/types\/page"}],"author":[{"embeddable":true,"href":"https:\/\/www.tcm-vet.com\/da_dk\/wp-json\/wp\/v2\/users\/1"}],"replies":[{"embeddable":true,"href":"https:\/\/www.tcm-vet.com\/da_dk\/wp-json\/wp\/v2\/comments?post=20749"}],"version-history":[{"count":0,"href":"https:\/\/www.tcm-vet.com\/da_dk\/wp-json\/wp\/v2\/pages\/20749\/revisions"}],"wp:attachment":[{"href":"https:\/\/www.tcm-vet.com\/da_dk\/wp-json\/wp\/v2\/media?parent=20749"}],"curies":[{"name":"wp","href":"https:\/\/api.w.org\/{rel}","templated":true}]}}