{"id":20750,"date":"2025-10-19T17:27:40","date_gmt":"2025-10-19T17:27:40","guid":{"rendered":"https:\/\/www.tcm-vet.com\/affiliate-login\/"},"modified":"2025-12-04T21:10:04","modified_gmt":"2025-12-04T21:10:04","slug":"affiliate-login","status":"publish","type":"page","link":"https:\/\/www.tcm-vet.com\/da_dk\/affiliate-login\/","title":{"rendered":"Affiliate-login"},"content":{"rendered":"<form id=\"affwp-login-form-69f41b20b8228\" class=\"affwp-form affwp-login-form\" action=\"\" method=\"post\" data-trp-original-action=\"\">\n\t\t\t\n\t\t\t<fieldset>\n\t\t\t\t<legend>Log ind p\u00e5 din konto<\/legend>\n\n\t\t\t\t\n\t\t\t\t<p>\n\t\t\t\t\t<label for=\"affwp-login-user-login\">Brugernavn<\/label>\n\t\t\t\t\t<input\n\t\t\t\t\t\tid=\"affwp-login-user-login\"\n\t\t\t\t\t\tclass=\"required\"\n\t\t\t\t\t\ttype=\"text\"\n\t\t\t\t\t\tname=\"affwp_user_login\"\n\t\t\t\t\t\ttitle=\"Brugernavn\"\n\t\t\t\t\t\tplaceholder=\"\"\n\t\t\t\t\t\/>\n\t\t\t\t<\/p>\n\n\t\t\t\t<p>\n\t\t\t\t\t<label for=\"affwp-login-user-pass\">Adgangskode<\/label>\n\t\t\t\t\t<input\n\t\t\t\t\t\tid=\"affwp-login-user-pass\"\n\t\t\t\t\t\tclass=\"password required\"\n\t\t\t\t\t\ttype=\"password\"\n\t\t\t\t\t\tname=\"affwp_user_pass\"\n\t\t\t\t\t\ttitle=\"Adgangskode\"\n\t\t\t\t\t\tplaceholder=\"\"\n\t\t\t\t\t\/>\n\t\t\t\t<\/p>\n\n\t\t\t\t<p>\n\t\t\t\t\t<label class=\"affwp-user-remember\" for=\"affwp-user-remember\">\n\t\t\t\t\t\t<input\n\t\t\t\t\t\t\tid=\"affwp-user-remember\"\n\t\t\t\t\t\t\ttype=\"checkbox\"\n\t\t\t\t\t\t\tname=\"affwp_user_remember\"\n\t\t\t\t\t\t\tvalue=\"1\"\n\t\t\t\t\t\t\/> Husk mig\t\t\t\t\t<\/label>\n\t\t\t\t<\/p>\n\n\n\t\t\t\t<p>\n\t\t\t\t\t<input type=\"hidden\" name=\"affwp_redirect\" value=\"https:\/\/wordpress\/da_dk\/wp-json\/wp\/v2\/pages\/20750\"\/>\n\t\t\t\t\t<input type=\"hidden\" name=\"affwp_login_nonce\" value=\"846708b797\"\/>\n\t\t\t\t\t<input type=\"hidden\" name=\"affwp_action\" value=\"user_login\"\/>\n\n\t\t\t\t\t<input type=\"submit\" class=\"button\" value=\"Log ind\" \/>\t\t\t\t<\/p>\n\n\t\t\t\t<p class=\"affwp-lost-password\">\n\t\t\t\t\t<a href=\"https:\/\/www.tcm-vet.com\/da_dk\/my-account\/lost-password\/\">Glemt dit kodeord \/ Brugernavn?<\/a>\n\t\t\t\t<\/p>\n\n\t\t\t\t\t\t\t<\/fieldset>\n\n\t\t\t\t\t<input type=\"hidden\" name=\"trp-form-language\" value=\"da_dk\"\/><\/form>","protected":false},"excerpt":{"rendered":"","protected":false},"author":1,"featured_media":0,"parent":0,"menu_order":0,"comment_status":"closed","ping_status":"closed","template":"","meta":{"_et_pb_use_builder":"","_et_pb_old_content":"","_et_gb_content_width":"1080","footnotes":""},"class_list":["post-20750","page","type-page","status-publish","hentry"],"jetpack-related-posts":[{"id":20760,"url":"https:\/\/www.tcm-vet.com\/da_dk\/affiliate-terms-of-use\/","url_meta":{"origin":20750,"position":0},"title":"Vilk\u00e5r for brug af affiliate","author":"TCMVET","date":"oktober 19, 2025","format":false,"excerpt":"Som en autoriseret affiliate (Affiliate) af TCMVET, accepterer du at overholde de vilk\u00e5r og betingelser, der er indeholdt i denne aftale (Aftale).","rel":"","context":"Similar post","block_context":{"text":"Similar post","link":""},"img":{"alt_text":"","src":"","width":0,"height":0},"classes":[]},{"id":3,"url":"https:\/\/www.tcm-vet.com\/da_dk\/privacy-policy\/","url_meta":{"origin":20750,"position":1},"title":"Privatlivspolitik","author":"TCMVET","date":"oktober 7, 2022","format":false,"excerpt":"Hvem vi erVores hjemmeside er: https:\/\/www.tcm-vet.com. KommentarerN\u00e5r en bes\u00f8gende efterlader en kommentar p\u00e5 siden, indsamler vi de data, der vises i kommentarformularen,\u2026","rel":"","context":"Similar post","block_context":{"text":"Similar post","link":""},"img":{"alt_text":"","src":"","width":0,"height":0},"classes":[]}],"jetpack_sharing_enabled":true,"jetpack_likes_enabled":true,"_links":{"self":[{"href":"https:\/\/www.tcm-vet.com\/da_dk\/wp-json\/wp\/v2\/pages\/20750","targetHints":{"allow":["GET"]}}],"collection":[{"href":"https:\/\/www.tcm-vet.com\/da_dk\/wp-json\/wp\/v2\/pages"}],"about":[{"href":"https:\/\/www.tcm-vet.com\/da_dk\/wp-json\/wp\/v2\/types\/page"}],"author":[{"embeddable":true,"href":"https:\/\/www.tcm-vet.com\/da_dk\/wp-json\/wp\/v2\/users\/1"}],"replies":[{"embeddable":true,"href":"https:\/\/www.tcm-vet.com\/da_dk\/wp-json\/wp\/v2\/comments?post=20750"}],"version-history":[{"count":0,"href":"https:\/\/www.tcm-vet.com\/da_dk\/wp-json\/wp\/v2\/pages\/20750\/revisions"}],"wp:attachment":[{"href":"https:\/\/www.tcm-vet.com\/da_dk\/wp-json\/wp\/v2\/media?parent=20750"}],"curies":[{"name":"wp","href":"https:\/\/api.w.org\/{rel}","templated":true}]}}