{"id":20760,"date":"2025-10-19T19:23:55","date_gmt":"2025-10-19T19:23:55","guid":{"rendered":"https:\/\/www.tcm-vet.com\/?page_id=20760"},"modified":"2025-11-20T16:17:27","modified_gmt":"2025-11-20T16:17:27","slug":"affiliate-vilkar-for-brug","status":"publish","type":"page","link":"https:\/\/www.tcm-vet.com\/da_dk\/affiliate-terms-of-use\/","title":{"rendered":"Vilk\u00e5r for brug af affiliate"},"content":{"rendered":"<p>Som en autoriseret affiliate (Affiliate) af TCMVET, accepterer du at overholde de vilk\u00e5r og betingelser, der er indeholdt i denne aftale (Aftale). L\u00e6s venligst hele aftalen omhyggeligt, f\u00f8r du registrerer dig og promoverer TCMVET som en affiliate.<\/p>\n\t\n\n\t\n\t\t<p>Din deltagelse i programmet er udelukkende for lovligt at annoncere vores hjemmeside for at modtage en provision p\u00e5 medlemskaber og produkter k\u00f8bt af personer, der henvises til TCMVET af din egen hjemmeside eller personlige henvisninger.<\/p>\n\t\n\n\t\n\t\t<p>Ved at tilmelde dig TCMVET Affiliate Program (Programmet) angiver du din accept af denne aftale og dens vilk\u00e5r og betingelser.<\/p>\n\t\n\n\t\n\t<h2 class=\"wp-block-heading\" id=\"approval-or-rejection\">Godkendelse eller afvisning af ans\u00f8gningen<\/h2>\n\t\n\n\t\n\t<p>Vi forbeholder os retten til at godkende eller afvise enhver affiliate programans\u00f8gning efter vores eget og absolutte sk\u00f8n. Du vil ikke have nogen juridisk ret til at klage over os for afvisningen af din affiliate programans\u00f8gning.<\/p>\n\t\n\n\t\n\t<h2 class=\"wp-block-heading\" id=\"commissions\">Provisioner<\/h2>\n\t\n\n\t\n\t<p>Provisioner vil blive udbetalt \u00e9n gang om m\u00e5neden. For at en affiliate kan modtage en provision, skal den henviste konto forblive aktiv i minimum 31 dage.<\/p>\n\t\n\n\t\n\t<p>Du kan ikke henvise dig selv, og du vil ikke modtage en provision p\u00e5 dine egne konti.<\/p>\n\t\n\n\t\n\t<p>Betalinger vil kun blive sendt for transaktioner, der er blevet gennemf\u00f8rt med succes. Transaktioner, der resulterer i tilbagef\u00f8rsler eller refusioner, vil ikke blive udbetalt.<\/p>\n\t\n\n\t\n\t<h2 class=\"wp-block-heading\" id=\"termination\">Opsigelse<\/h2>\n\t\n\n\t\n\t<p>Din affiliateans\u00f8gning og status i programmet kan blive suspenderet eller opsagt af en hvilken som helst af f\u00f8lgende grunde:<\/p>\n\t\n\n\t\n\t<ul class=\"wp-block-list\">\n\t\t<li>Upassende annoncering (falske p\u00e5stande, vildledende hyperlinks osv.).<\/li>\n\t\t<li>Spam (masse-e-mail, masse opslag i nyhedsgrupper osv.).<\/li>\n\t\t<li>Annoncering p\u00e5 sider, der indeholder eller promoverer ulovlige aktiviteter.<\/li>\n\t\t<li>Manglende oplysning om affiliate-forholdet for enhver promotion, der kvalificerer som en endorsement under eksisterende retningslinjer og regler fra Federal Trade Commission, eller enhver g\u00e6ldende statslovgivning.<\/li>\n\t\t\t\t<li>Overtr\u00e6delse af intellektuelle ejendomsretter. TCMVET forbeholder sig retten til at kr\u00e6ve licensaftaler fra dem, der anvender varem\u00e6rker fra TCMVET for at beskytte vores intellektuelle ejendomsretter.<\/li>\n\t\t\t\t<li>Tilbud om rabatter, kuponer eller anden form for lovede kick-backs fra din affiliate provision som incitament. At tilf\u00f8je bonusser eller pakke andre produkter med TCMVET er dog acceptabelt.<\/li>\n\t\t<li>Selvhenvisninger, svigagtige transaktioner, mist\u00e6nkt affiliate-svig.<\/li>\n\t<\/ul>\n\t\n\n\t\n\t\t<p>Ud over det foreg\u00e5ende forbeholder TCMVET sig retten til at opsige enhver affiliate-konto n\u00e5r som helst, for enhver overtr\u00e6delse af denne aftale eller uden grund.<\/p>\n\t\n\n\t\n\t<h2 class=\"wp-block-heading\" id=\"affiliate-links\">Affiliate-links<\/h2>\n\t\n\n\t\n\t\t<p>Du m\u00e5 bruge grafiske og tekstlinks b\u00e5de p\u00e5 din hjemmeside og i dine e-mailbeskeder. Du m\u00e5 ogs\u00e5 annoncere TCMVET-siden i online og offline klassificerede annoncer, magasiner og aviser.<\/p>\n\t\n\n\t\n\t<p>Du m\u00e5 bruge de grafikker og tekster, vi har leveret, eller du m\u00e5 skabe dine egne, s\u00e5 l\u00e6nge de anses for passende i henhold til betingelserne og ikke er i strid med det, der er beskrevet i opsigelsesafsnittet.<\/p>\n\t\n\n\t\n\t<h2 class=\"wp-block-heading\" id=\"coupon-and-deal-sites\">Kupon- og tilbudssider<\/h2>\n\t\n\n\t\n\t\t<p>TCMVET tilbyder lejlighedsvis kuponer til udvalgte partnere og til vores nyhedsbrevsabonnenter. Hvis du ikke er forh\u00e5ndsgodkendt \/ tildelt en m\u00e6rket kupon, s\u00e5 er du ikke tilladt at promovere kuponen. Nedenfor er de vilk\u00e5r, der g\u00e6lder for enhver partner, der overvejer at promovere vores produkter i relation til et tilbud eller en kupon:<\/p>\n\t\n\n\t\n\t<ul class=\"wp-block-list\">\n\t\t<li>Partnere m\u00e5 ikke bruge vildledende tekst p\u00e5 partnerlinks, knapper eller billeder for at antyde, at der er noget andet end de aktuelt autoriserede tilbud til den specifikke partner.<\/li>\n\t\t\t\t<li>Partnere m\u00e5 ikke byde p\u00e5 TCMVET-kuponer, TCMVET-rabatter eller andre s\u00e6tninger, der antyder, at kuponer er tilg\u00e6ngelige.<\/li>\n\t\t<li>Partnere m\u00e5 ikke generere pop-ups, pop-unders, iframes, rammer eller andre synlige eller usynlige handlinger, der s\u00e6tter partnercookies, medmindre brugeren har udtrykt en klar og eksplicit interesse i at aktivere en specifik besparelse ved at klikke p\u00e5 et klart markeret link, knap eller billede for den p\u00e5g\u00e6ldende kupon eller tilbud. Dit link skal sende bes\u00f8gende til forhandlerens side.<\/li>\n\t\t<li>Brugeren skal kunne se kupon-\/tilbud-\/besparelsesinformation og detaljer, f\u00f8r en partnercookie s\u00e6ttes (dvs. \u201cklik her for at se kuponer og \u00e5bne et vindue til forhandlerens side\u201d er IKKE tilladt).<\/li>\n\t\t<li>Partnersteder m\u00e5 ikke have \u201cKlik for (eller for at se) tilbud\/kupon\u201d eller nogen variation, n\u00e5r der ikke er kuponer eller tilbud tilg\u00e6ngelige, og klikket \u00e5bner forhandlerens side eller s\u00e6tter en cookie. Partnere med s\u00e5dan tekst p\u00e5 forhandlerens landing page vil blive fjernet fra programmet straks.<\/li>\n\t<\/ul>\n\t\n\n\t\n\t<h2 class=\"wp-block-heading\" id=\"ppc-policy\">Betal pr. klik (PPC) politik<\/h2>\n\t\n\n\t\n\t<p>PPC-budgivning er IKKE tilladt uden forudg\u00e5ende skriftlig tilladelse.<\/p>\n\t\n\n\t\n\t<h2 class=\"wp-block-heading\" id=\"liability\">Ansvar<\/h2>\n\t\n\n\t\n\t\t<p>TCMVET vil ikke v\u00e6re ansvarlig for indirekte eller utilsigtede skader (tab af indt\u00e6gter, provisioner) p\u00e5 grund af fejl i partnertracking, tab af databasefiler eller nogen resultater af skader p\u00e5 Programmet og\/eller vores hjemmeside(r).<\/p>\n\t\n\n\t\n\t\t<p>Vi giver ingen udtrykkelige eller underforst\u00e5ede garantier med hensyn til Programmet og\/eller medlemskaberne eller produkter solgt af TCMVET. Vi g\u00f8r ikke krav p\u00e5, at driften af Programmet og\/eller vores hjemmeside(r) vil v\u00e6re fejlfri, og vi vil ikke v\u00e6re ansvarlige for eventuelle afbrydelser eller fejl.<\/p>\n\t\n\n\t\n\t<h2 class=\"wp-block-heading\" id=\"term-of-agreement\">Aftalens varighed<\/h2>\n\t\n\n\t\n\t<p>Aftalens varighed begynder ved din accept i Programmet og slutter, n\u00e5r din partnerkonto opsiges.<\/p>\n\t\n\n\t\n\t<p>Vilk\u00e5rene og betingelserne for denne aftale kan \u00e6ndres af os til enhver tid. Hvis nogen \u00e6ndring af vilk\u00e5rene og betingelserne for denne aftale er uacceptable for dig, er dit eneste valg at opsige din partnerkonto. Din fortsatte deltagelse i Programmet vil udg\u00f8re din accept af enhver \u00e6ndring.<\/p>\n\t\n\n\t\n\t<h2 class=\"wp-block-heading\" id=\"indemnification\">Skadesl\u00f8sholdelse<\/h2>\n\t\n\n\t\n\t\t<p>Partneren skal skadesl\u00f8sholde og holde TCMVET og dets tilknyttede og datterselskaber, officerer, direkt\u00f8rer, medarbejdere, licenshavere, efterf\u00f8lgere og tildelere, herunder dem, der er licenseret eller autoriseret af TCMVET til at transmittere og distribuere materialer, skadesl\u00f8se for enhver og alle forpligtelser, skader, b\u00f8der, domme, krav, omkostninger, tab og udgifter (herunder rimelige juridiske gebyrer og omkostninger), der opst\u00e5r som f\u00f8lge af eller relaterer til enhver og alle krav, der opretholdes i forbindelse med denne aftale p\u00e5 grund af uagtsomhed, fejlinformation, manglende oplysning eller fors\u00e6tlig forseelse fra partnerens side.<\/p>\n\t\n\n\t\n\t<h2 class=\"wp-block-heading\" id=\"electronic-signatures-effective\">Elektroniske underskrifter effektive<\/h2>\n\t\n\n\t\n\t\t<p>Aftalen er en elektronisk kontrakt, der fasts\u00e6tter de juridisk bindende vilk\u00e5r for din deltagelse i TCMVET affiliate programmet.<\/p>","protected":false},"excerpt":{"rendered":"<p>As an authorized affiliate (Affiliate) of TCMVET, you agree to abide by the terms and conditions contained in this Agreement (Agreement). Please read the entire Agreement carefully before registering and promoting TCMVET as an Affiliate. Your participation in the Program is solely to legally advertise our website to receive a commission on memberships and products [&hellip;]<\/p>\n","protected":false},"author":1,"featured_media":0,"parent":0,"menu_order":0,"comment_status":"closed","ping_status":"closed","template":"","meta":{"_et_pb_use_builder":"","_et_pb_old_content":"","_et_gb_content_width":"1080","footnotes":""},"class_list":["post-20760","page","type-page","status-publish","hentry"],"jetpack-related-posts":[],"jetpack_sharing_enabled":true,"jetpack_likes_enabled":true,"_links":{"self":[{"href":"https:\/\/www.tcm-vet.com\/da_dk\/wp-json\/wp\/v2\/pages\/20760","targetHints":{"allow":["GET"]}}],"collection":[{"href":"https:\/\/www.tcm-vet.com\/da_dk\/wp-json\/wp\/v2\/pages"}],"about":[{"href":"https:\/\/www.tcm-vet.com\/da_dk\/wp-json\/wp\/v2\/types\/page"}],"author":[{"embeddable":true,"href":"https:\/\/www.tcm-vet.com\/da_dk\/wp-json\/wp\/v2\/users\/1"}],"replies":[{"embeddable":true,"href":"https:\/\/www.tcm-vet.com\/da_dk\/wp-json\/wp\/v2\/comments?post=20760"}],"version-history":[{"count":0,"href":"https:\/\/www.tcm-vet.com\/da_dk\/wp-json\/wp\/v2\/pages\/20760\/revisions"}],"wp:attachment":[{"href":"https:\/\/www.tcm-vet.com\/da_dk\/wp-json\/wp\/v2\/media?parent=20760"}],"curies":[{"name":"wp","href":"https:\/\/api.w.org\/{rel}","templated":true}]}}