{"id":26806,"date":"2026-02-01T11:41:00","date_gmt":"2026-02-01T11:41:00","guid":{"rendered":"https:\/\/www.tcm-vet.com\/?post_type=product&#038;p=26806"},"modified":"2026-04-26T01:26:51","modified_gmt":"2026-04-26T01:26:51","slug":"yunnan-baiyao-kapsler-til-kaeledyr-10-pakke","status":"publish","type":"product","link":"https:\/\/www.tcm-vet.com\/da_dk\/product\/yunnan-baiyao-capsules-for-pets-10-pack\/","title":{"rendered":"Yunnan Baiyao kosttilskud kapsler til k\u00e6ledyr 10-pak"},"content":{"rendered":"<p>Yunnan Baiyao kosttilskud til hunde<\/p>\n<p>Produktfunktioner:<\/p>\n<p>\u2022 Bedst s\u00e6lgende og betroet af k\u00e6ledyrsejere<\/p>\n<p>\u2022 Fra Yunnan Baiyao, et velkendt og betroet traditionelt kinesisk m\u00e6rke<\/p>\n<p>\u2022 Traditionel urtebaseret formel<\/p>\n<p>Hvorfor v\u00e6lge dette produkt:<\/p>\n<p>1. Direkte forsendelse fra Kina<\/p>\n<p>Sendes direkte fra Hong Kong \/ Fastlands-Kina.<\/p>\n<p>2. Betroet traditionelt m\u00e6rke<\/p>\n<p>Fra Yunnan Baiyao, et velkendt og betroet traditionelt kinesisk m\u00e6rke med et langvarigt omd\u00f8mme.<\/p>\n<p>3. Bekvem langvarig forsyning<\/p>\n<p>10-boks s\u00e6t emballage hj\u00e6lper med at forenkle planl\u00e6gning og sikrer kontinuitet uden hyppig genbestilling.<\/p>\n<p>Produktinformation:<\/p>\n<p>Type: Urte kosttilskud<\/p>\n<p>Format: Kapsler<\/p>\n<p>Styrke: 250 mg pr. kapsel<\/p>\n<p>Pakke st\u00f8rrelse: 10-boks s\u00e6t (16 kapsler pr. boks; i alt 160 kapsler)<\/p>\n<p>Opbevaring:<\/p>\n<p>Opbevares p\u00e5 et k\u00f8ligt, t\u00f8rt sted.<\/p>\n<p>Lageropbevaringspakke:<\/p>\n<p>Leveres som et 10-boks s\u00e6t for bekvemmelighed og kontinuitet i brugen.<\/p>\n<p>Forsendelse &amp; levering:<\/p>\n<p>Afsendelse fra: Hong Kong \/ Fastlands Kina<\/p>\n<p>Leveringstid: 10\u201315 arbejdsdage<\/p>\n<p>Sporingsnummer: Internationalt sporingsnummer leveres.<\/p>\n<p>Produktion &amp; Kvalitet:<\/p>\n<p>Alle varer er friskproduceret med en holdbarhed p\u00e5 3 \u00e5r.<\/p>","protected":false},"excerpt":{"rendered":"<ul>\n<li><strong>Pakke st\u00f8rrelse:<\/strong> 10 bokse<\/li>\n<li><strong>Per boks:<\/strong> 16 kapsler + 1 r\u00f8d \u201cn\u00f8dpille\u201d<\/li>\n<li><strong>Styrke:<\/strong> 250 mg (0,25 g) per kapsel<\/li>\n<li><strong>Bruge:<\/strong> Almindeligt brugt til bl\u00f8dningsst\u00f8tte som anvist af en dyrl\u00e6ge<\/li>\n<\/ul>","protected":false},"featured_media":26876,"comment_status":"open","ping_status":"closed","template":"","meta":{"_et_pb_use_builder":"","_et_pb_old_content":"","_et_gb_content_width":""},"product_brand":[15360],"product_cat":[23],"product_tag":[15361,15363,15362],"class_list":{"0":"post-26806","1":"product","2":"type-product","3":"status-publish","4":"has-post-thumbnail","6":"product_brand-yunnan-baiyao","7":"product_cat-pet-vitamins-supplements","8":"product_tag-yunnan-baiyao","9":"product_tag-yunnan-baiyao-for-cats","10":"product_tag-yunnan-baiyao-for-dogs","11":"product_shipping_class-ynby","13":"first","14":"instock","15":"sale","16":"shipping-taxable","17":"purchasable","18":"product-type-simple"},"jetpack_sharing_enabled":false,"jetpack_likes_enabled":false,"jetpack-related-posts":[{"id":21151,"url":"https:\/\/www.tcm-vet.com\/da_dk\/product\/tcmvet-baituxiao-5-bottle-bundle\/","url_meta":{"origin":26806,"position":0},"title":"TCMVET Baituxiao \u2013 Omfattende Naturlig Botanisk Kosttilskud \u2013 5-Flaske Bundle (300 Kapsler)","author":"TCMVET","date":"november 23, 2025","format":false,"excerpt":"Et naturligt urtetilskud designet til at underst\u00f8tte daglig velv\u00e6re, vitalitet og immunforsvar hos hunde og katte, inklusive \u00e6ldre k\u00e6ledyr. Denne pakke med 5 flasker indeholder 300 brugervenlige kapsler lavet af traditionelle urteingredienser. Velegnet til langvarige rutiner og husholdninger med flere k\u00e6ledyr.","rel":"","context":"Similar post","block_context":{"text":"Similar post","link":""},"img":{"alt_text":"","src":"https:\/\/i0.wp.com\/www.tcm-vet.com\/wp-content\/uploads\/2023\/06\/DSC00169.jpg?resize=350%2C200&ssl=1","width":350,"height":200,"srcset":"https:\/\/i0.wp.com\/www.tcm-vet.com\/wp-content\/uploads\/2023\/06\/DSC00169.jpg?resize=350%2C200&ssl=1 1x, https:\/\/i0.wp.com\/www.tcm-vet.com\/wp-content\/uploads\/2023\/06\/DSC00169.jpg?resize=525%2C300&ssl=1 1.5x, https:\/\/i0.wp.com\/www.tcm-vet.com\/wp-content\/uploads\/2023\/06\/DSC00169.jpg?resize=700%2C400&ssl=1 2x"},"classes":[]},{"id":23359,"url":"https:\/\/www.tcm-vet.com\/da_dk\/product\/tcmvet-baituxiao-10-bottle-bundle\/","url_meta":{"origin":26806,"position":1},"title":"TCMVET Baituxiao \u2013 Omfattende Naturlig Botanisk Kosttilskud \u2013 10-Flaske Bundle (600 Kapsler)","author":"TCMVET","date":"december 3, 2025","format":false,"excerpt":"Dette naturlige urte kosttilskud er specielt formuleret til at st\u00f8tte daglig velv\u00e6re, immunfunktion og vitalitet.","rel":"","context":"Similar post","block_context":{"text":"Similar post","link":""},"img":{"alt_text":"","src":"https:\/\/i0.wp.com\/www.tcm-vet.com\/wp-content\/uploads\/2023\/06\/DSC00170.jpg?resize=350%2C200&ssl=1","width":350,"height":200,"srcset":"https:\/\/i0.wp.com\/www.tcm-vet.com\/wp-content\/uploads\/2023\/06\/DSC00170.jpg?resize=350%2C200&ssl=1 1x, https:\/\/i0.wp.com\/www.tcm-vet.com\/wp-content\/uploads\/2023\/06\/DSC00170.jpg?resize=525%2C300&ssl=1 1.5x, https:\/\/i0.wp.com\/www.tcm-vet.com\/wp-content\/uploads\/2023\/06\/DSC00170.jpg?resize=700%2C400&ssl=1 2x"},"classes":[]},{"id":23357,"url":"https:\/\/www.tcm-vet.com\/da_dk\/product\/tcmvet-baituxiao-for-cats-1-bottle\/","url_meta":{"origin":26806,"position":2},"title":"TCMVET Baituxiao til Katte \u2013 Omfattende Naturligt Botanisk Kosttilskud \u2013 1-Flaske Bundle","author":"TCMVET","date":"december 3, 2025","format":false,"excerpt":"Dette naturlige urtepr\u00e6parat er specielt formuleret til hunde og katte for at st\u00f8tte daglig velv\u00e6re, immunfunktion og vitalitet. Senior k\u00e6ledyr, dyr i bedring og k\u00e6ledyr, der oplever h\u00f8jere stressniveauer, kan alle drage fordel af dens plantebaserede ern\u00e6ringsm\u00e6ssige st\u00f8tte. Hver flaske indeholder 60 nemme at bruge kapsler, der kan tils\u00e6ttes til din\u2026","rel":"","context":"Similar post","block_context":{"text":"Similar post","link":""},"img":{"alt_text":"Baituxiaoshop","src":"https:\/\/i0.wp.com\/www.tcm-vet.com\/wp-content\/uploads\/2022\/11\/DSC00163.jpg?resize=350%2C200&ssl=1","width":350,"height":200,"srcset":"https:\/\/i0.wp.com\/www.tcm-vet.com\/wp-content\/uploads\/2022\/11\/DSC00163.jpg?resize=350%2C200&ssl=1 1x, https:\/\/i0.wp.com\/www.tcm-vet.com\/wp-content\/uploads\/2022\/11\/DSC00163.jpg?resize=525%2C300&ssl=1 1.5x, https:\/\/i0.wp.com\/www.tcm-vet.com\/wp-content\/uploads\/2022\/11\/DSC00163.jpg?resize=700%2C400&ssl=1 2x"},"classes":[]},{"id":1270,"url":"https:\/\/www.tcm-vet.com\/da_dk\/product\/baituxiao\/","url_meta":{"origin":26806,"position":3},"title":"TCMVET Baituxiao Omfattende Formel","author":"TCMVET","date":"november 6, 2022","format":false,"excerpt":"Omfattende urtetilskud til tumorer hos hunde og katte; reishi, kalkunhale og dusinvis af urter blandet sammen.","rel":"","context":"Similar post","block_context":{"text":"Similar post","link":""},"img":{"alt_text":"Baituxiaoshop","src":"https:\/\/i0.wp.com\/www.tcm-vet.com\/wp-content\/uploads\/2022\/11\/DSC00163.jpg?resize=350%2C200&ssl=1","width":350,"height":200,"srcset":"https:\/\/i0.wp.com\/www.tcm-vet.com\/wp-content\/uploads\/2022\/11\/DSC00163.jpg?resize=350%2C200&ssl=1 1x, https:\/\/i0.wp.com\/www.tcm-vet.com\/wp-content\/uploads\/2022\/11\/DSC00163.jpg?resize=525%2C300&ssl=1 1.5x, https:\/\/i0.wp.com\/www.tcm-vet.com\/wp-content\/uploads\/2022\/11\/DSC00163.jpg?resize=700%2C400&ssl=1 2x"},"classes":[]}],"_links":{"self":[{"href":"https:\/\/www.tcm-vet.com\/da_dk\/wp-json\/wp\/v2\/product\/26806","targetHints":{"allow":["GET"]}}],"collection":[{"href":"https:\/\/www.tcm-vet.com\/da_dk\/wp-json\/wp\/v2\/product"}],"about":[{"href":"https:\/\/www.tcm-vet.com\/da_dk\/wp-json\/wp\/v2\/types\/product"}],"replies":[{"embeddable":true,"href":"https:\/\/www.tcm-vet.com\/da_dk\/wp-json\/wp\/v2\/comments?post=26806"}],"wp:featuredmedia":[{"embeddable":true,"href":"https:\/\/www.tcm-vet.com\/da_dk\/wp-json\/wp\/v2\/media\/26876"}],"wp:attachment":[{"href":"https:\/\/www.tcm-vet.com\/da_dk\/wp-json\/wp\/v2\/media?parent=26806"}],"wp:term":[{"taxonomy":"product_brand","embeddable":true,"href":"https:\/\/www.tcm-vet.com\/da_dk\/wp-json\/wp\/v2\/product_brand?post=26806"},{"taxonomy":"product_cat","embeddable":true,"href":"https:\/\/www.tcm-vet.com\/da_dk\/wp-json\/wp\/v2\/product_cat?post=26806"},{"taxonomy":"product_tag","embeddable":true,"href":"https:\/\/www.tcm-vet.com\/da_dk\/wp-json\/wp\/v2\/product_tag?post=26806"}],"curies":[{"name":"wp","href":"https:\/\/api.w.org\/{rel}","templated":true}]}}