{"id":20760,"date":"2025-10-19T19:23:55","date_gmt":"2025-10-19T19:23:55","guid":{"rendered":"https:\/\/www.tcm-vet.com\/?page_id=20760"},"modified":"2025-11-20T16:17:27","modified_gmt":"2025-11-20T16:17:27","slug":"affiliate-nutzungsbedingungen","status":"publish","type":"page","link":"https:\/\/www.tcm-vet.com\/de\/affiliate-terms-of-use\/","title":{"rendered":"Partner-Nutzungsbedingungen"},"content":{"rendered":"<p>Als autorisierter Affiliate (Affiliate) von TCMVET stimmen Sie zu, die in diesem Vertrag (Vertrag) enthaltenen Bedingungen und Konditionen einzuhalten. Bitte lesen Sie den gesamten Vertrag sorgf\u00e4ltig durch, bevor Sie sich registrieren und TCMVET als Affiliate bewerben.<\/p>\n\t\n\n\t\n\t\t<p>Ihre Teilnahme am Programm dient ausschlie\u00dflich dazu, unsere Website legal zu bewerben, um eine Provision auf Mitgliedschaften und Produkte zu erhalten, die von Personen gekauft werden, die \u00fcber Ihre eigene Website oder pers\u00f6nliche Empfehlungen an TCMVET verwiesen werden.<\/p>\n\t\n\n\t\n\t\t<p>Mit der Anmeldung f\u00fcr das TCMVET Affiliate-Programm (Programm) zeigen Sie Ihre Akzeptanz dieses Vertrags und seiner Bedingungen und Konditionen an.<\/p>\n\t\n\n\t\n\t<h2 class=\"wp-block-heading\" id=\"approval-or-rejection\">Genehmigung oder Ablehnung des Antrags<\/h2>\n\t\n\n\t\n\t<p>Wir behalten uns das Recht vor, JEDEN Antrag auf das Affiliate-Programm nach unserem alleinigen und absoluten Ermessen zu genehmigen oder abzulehnen. Sie haben kein rechtliches Mittel gegen uns f\u00fcr die Ablehnung Ihres Antrags auf das Affiliate-Programm.<\/p>\n\t\n\n\t\n\t<h2 class=\"wp-block-heading\" id=\"commissions\">Provisionen<\/h2>\n\t\n\n\t\n\t<p>Provisionen werden einmal im Monat ausgezahlt. Damit ein Affiliate eine Provision erh\u00e4lt, muss das verwiesene Konto mindestens 31 Tage aktiv bleiben.<\/p>\n\t\n\n\t\n\t<p>Sie k\u00f6nnen sich nicht selbst verweisen, und Sie erhalten keine Provision auf Ihre eigenen Konten.<\/p>\n\t\n\n\t\n\t<p>Zahlungen werden nur f\u00fcr Transaktionen gesendet, die erfolgreich abgeschlossen wurden. Transaktionen, die zu R\u00fcckbuchungen oder R\u00fcckerstattungen f\u00fchren, werden nicht ausgezahlt.<\/p>\n\t\n\n\t\n\t<h2 class=\"wp-block-heading\" id=\"termination\">K\u00fcndigung<\/h2>\n\t\n\n\t\n\t<p>Ihr Affiliate-Antrag und Ihr Status im Programm k\u00f6nnen aus einem der folgenden Gr\u00fcnde ausgesetzt oder gek\u00fcndigt werden:<\/p>\n\t\n\n\t\n\t<ul class=\"wp-block-list\">\n\t\t<li>Unangemessene Werbung (falsche Behauptungen, irref\u00fchrende Hyperlinks usw.).<\/li>\n\t\t<li>Spam (Massen-E-Mail, Massen-Usenet-Beitr\u00e4ge usw.).<\/li>\n\t\t<li>Werbung auf Websites, die illegale Aktivit\u00e4ten enthalten oder f\u00f6rdern.<\/li>\n\t\t<li>Vers\u00e4umnis, die Affiliate-Beziehung f\u00fcr jede Werbung offenzulegen, die als Unterst\u00fctzung gem\u00e4\u00df den bestehenden Richtlinien und Vorschriften der Federal Trade Commission oder geltenden Landesgesetzen qualifiziert.<\/li>\n\t\t\t\t<li>Verletzung von geistigen Eigentumsrechten. TCMVET beh\u00e4lt sich das Recht vor, Lizenzvereinbarungen von denen zu verlangen, die Marken von TCMVET verwenden, um unsere geistigen Eigentumsrechte zu sch\u00fctzen.<\/li>\n\t\t\t\t<li>Angebote von Rabatten, Gutscheinen oder anderen Formen von versprochenen R\u00fcckverg\u00fctungen aus Ihrer Affiliate-Provision als Anreiz. Das Hinzuf\u00fcgen von Boni oder das B\u00fcndeln anderer Produkte mit TCMVET ist jedoch akzeptabel.<\/li>\n\t\t<li>Selbstverweise, betr\u00fcgerische Transaktionen, verd\u00e4chtiger Affiliate-Betrug.<\/li>\n\t<\/ul>\n\t\n\n\t\n\t\t<p>Neben dem Vorstehenden beh\u00e4lt sich TCMVET das Recht vor, jedes Affiliate-Konto jederzeit aus beliebigen Gr\u00fcnden oder ohne Grund zu k\u00fcndigen.<\/p>\n\t\n\n\t\n\t<h2 class=\"wp-block-heading\" id=\"affiliate-links\">Affiliate-Links<\/h2>\n\t\n\n\t\n\t\t<p>Sie d\u00fcrfen sowohl grafische als auch Textlinks auf Ihrer Website und in Ihren E-Mail-Nachrichten verwenden. Sie d\u00fcrfen die TCMVET-Website auch in Online- und Offline-Kleinanzeigen, Zeitschriften und Zeitungen bewerben.<\/p>\n\t\n\n\t\n\t<p>Sie d\u00fcrfen die von uns bereitgestellten Grafiken und Texte verwenden oder eigene erstellen, solange diese als angemessen gem\u00e4\u00df den Bedingungen angesehen werden und nicht gegen die im Abschnitt K\u00fcndigung dargelegten Bestimmungen versto\u00dfen.<\/p>\n\t\n\n\t\n\t<h2 class=\"wp-block-heading\" id=\"coupon-and-deal-sites\">Gutschein- und Angebotsseiten<\/h2>\n\t\n\n\t\n\t\t<p>TCMVET bietet gelegentlich Gutscheine f\u00fcr ausgew\u00e4hlte Partner und unsere Newsletter-Abonnenten an. Wenn Sie nicht vorab genehmigt wurden oder keinen markenbezogenen Gutschein zugewiesen bekommen haben, d\u00fcrfen Sie den Gutschein nicht bewerben. Im Folgenden sind die Bedingungen aufgef\u00fchrt, die f\u00fcr jeden Partner gelten, der die Bewerbung unserer Produkte im Zusammenhang mit einem Angebot oder Gutschein in Betracht zieht:<\/p>\n\t\n\n\t\n\t<ul class=\"wp-block-list\">\n\t\t<li>Partner d\u00fcrfen keinen irref\u00fchrenden Text auf Partnerlinks, Schaltfl\u00e4chen oder Bildern verwenden, um zu implizieren, dass etwas anderes als die derzeit autorisierten Angebote f\u00fcr den spezifischen Partner verf\u00fcgbar ist.<\/li>\n\t\t\t\t<li>Partner d\u00fcrfen nicht auf TCMVET-Gutscheine, TCMVET-Rabatte oder andere Phrasen bieten, die implizieren, dass Gutscheine verf\u00fcgbar sind.<\/li>\n\t\t<li>Partner d\u00fcrfen keine Pop-ups, Pop-Unders, Iframes, Frames oder andere sichtbare oder unsichtbare Aktionen generieren, die Partner-Cookies setzen, es sei denn, der Benutzer hat ein klares und ausdr\u00fcckliches Interesse bekundet, eine spezifische Ersparnis zu aktivieren, indem er auf einen deutlich gekennzeichneten Link, eine Schaltfl\u00e4che oder ein Bild f\u00fcr diesen speziellen Gutschein oder Deal klickt. Ihr Link muss den Besucher zur H\u00e4ndlerseite senden.<\/li>\n\t\t<li>Der Benutzer muss die Gutschein-\/Angebots-\/Ersparnisinformationen und -details sehen k\u00f6nnen, bevor ein Partner-Cookie gesetzt wird (d.h. \u201chier klicken, um Gutscheine zu sehen und ein Fenster zur H\u00e4ndlerseite zu \u00f6ffnen\u201d ist NICHT erlaubt).<\/li>\n\t\t<li>Partnerseiten d\u00fcrfen keinen \u201cKlicken f\u00fcr (oder um zu sehen) Angebot\/Gutschein\u201d oder eine Variation davon haben, wenn keine Gutscheine oder Angebote verf\u00fcgbar sind, und der Klick die H\u00e4ndlerseite \u00f6ffnet oder ein Cookie setzt. Partner mit solchem Text auf der H\u00e4ndler-Startseite werden sofort aus dem Programm entfernt.<\/li>\n\t<\/ul>\n\t\n\n\t\n\t<h2 class=\"wp-block-heading\" id=\"ppc-policy\">Pay-Per-Click (PPC) Richtlinie<\/h2>\n\t\n\n\t\n\t<p>PPC-Gebote sind ohne vorherige schriftliche Genehmigung NICHT erlaubt.<\/p>\n\t\n\n\t\n\t<h2 class=\"wp-block-heading\" id=\"liability\">Haftung<\/h2>\n\t\n\n\t\n\t\t<p>TCMVET haftet nicht f\u00fcr indirekte oder zuf\u00e4llige Sch\u00e4den (Umsatzverlust, Provisionen) aufgrund von Fehlern bei der Partnerverfolgung, Verlust von Datenbankdateien oder jeglichen Ergebnissen von sch\u00e4dlichen Absichten gegen\u00fcber dem Programm und\/oder unseren Websites.<\/p>\n\t\n\n\t\n\t\t<p>Wir geben keine ausdr\u00fccklichen oder stillschweigenden Garantien in Bezug auf das Programm und\/oder die Mitgliedschaften oder Produkte, die von TCMVET verkauft werden. Wir machen keine Aussage, dass der Betrieb des Programms und\/oder unserer Websites fehlerfrei sein wird, und wir haften nicht f\u00fcr Unterbrechungen oder Fehler.<\/p>\n\t\n\n\t\n\t<h2 class=\"wp-block-heading\" id=\"term-of-agreement\">Laufzeit der Vereinbarung<\/h2>\n\t\n\n\t\n\t<p>Die Laufzeit dieser Vereinbarung beginnt mit Ihrer Annahme im Programm und endet, wenn Ihr Partnerkonto gek\u00fcndigt wird.<\/p>\n\t\n\n\t\n\t<p>Die Bedingungen dieser Vereinbarung k\u00f6nnen von uns jederzeit ge\u00e4ndert werden. Wenn Ihnen eine \u00c4nderung der Bedingungen dieser Vereinbarung nicht akzeptabel ist, bleibt Ihnen nur die M\u00f6glichkeit, Ihr Partnerkonto zu k\u00fcndigen. Ihre fortgesetzte Teilnahme am Programm stellt Ihre Zustimmung zu jeder \u00c4nderung dar.<\/p>\n\t\n\n\t\n\t<h2 class=\"wp-block-heading\" id=\"indemnification\">Entsch\u00e4digung<\/h2>\n\t\n\n\t\n\t\t<p>Der Partner stellt TCMVET und dessen verbundene und Tochtergesellschaften, Beamte, Direktoren, Mitarbeiter, Lizenznehmer, Nachfolger und Abtretungsempf\u00e4nger, einschlie\u00dflich derjenigen, die von TCMVET lizenziert oder autorisiert sind, Materialien zu \u00fcbertragen und zu verteilen, von jeglicher Haftung, Sch\u00e4den, Geldstrafen, Urteilen, Anspr\u00fcchen, Kosten, Verlusten und Ausgaben (einschlie\u00dflich angemessener Anwaltsgeb\u00fchren und -kosten) frei, die aus oder im Zusammenhang mit allen Anspr\u00fcchen entstehen, die im Zusammenhang mit dieser Vereinbarung aufgrund von Fahrl\u00e4ssigkeit, Falschdarstellung, unterlassener Offenlegung oder vors\u00e4tzlichem Fehlverhalten des Partners erlitten wurden.<\/p>\n\t\n\n\t\n\t<h2 class=\"wp-block-heading\" id=\"electronic-signatures-effective\">Elektronische Signaturen Wirksam<\/h2>\n\t\n\n\t\n\t\t<p>Die Vereinbarung ist ein elektronischer Vertrag, der die rechtlich verbindlichen Bedingungen Ihrer Teilnahme am TCMVET-Partnerprogramm festlegt.<\/p>","protected":false},"excerpt":{"rendered":"<p>As an authorized affiliate (Affiliate) of TCMVET, you agree to abide by the terms and conditions contained in this Agreement (Agreement). Please read the entire Agreement carefully before registering and promoting TCMVET as an Affiliate. Your participation in the Program is solely to legally advertise our website to receive a commission on memberships and products [&hellip;]<\/p>\n","protected":false},"author":1,"featured_media":0,"parent":0,"menu_order":0,"comment_status":"closed","ping_status":"closed","template":"","meta":{"_et_pb_use_builder":"","_et_pb_old_content":"","_et_gb_content_width":"1080","footnotes":""},"class_list":["post-20760","page","type-page","status-publish","hentry"],"jetpack-related-posts":[],"jetpack_sharing_enabled":true,"jetpack_likes_enabled":true,"_links":{"self":[{"href":"https:\/\/www.tcm-vet.com\/de\/wp-json\/wp\/v2\/pages\/20760","targetHints":{"allow":["GET"]}}],"collection":[{"href":"https:\/\/www.tcm-vet.com\/de\/wp-json\/wp\/v2\/pages"}],"about":[{"href":"https:\/\/www.tcm-vet.com\/de\/wp-json\/wp\/v2\/types\/page"}],"author":[{"embeddable":true,"href":"https:\/\/www.tcm-vet.com\/de\/wp-json\/wp\/v2\/users\/1"}],"replies":[{"embeddable":true,"href":"https:\/\/www.tcm-vet.com\/de\/wp-json\/wp\/v2\/comments?post=20760"}],"version-history":[{"count":0,"href":"https:\/\/www.tcm-vet.com\/de\/wp-json\/wp\/v2\/pages\/20760\/revisions"}],"wp:attachment":[{"href":"https:\/\/www.tcm-vet.com\/de\/wp-json\/wp\/v2\/media?parent=20760"}],"curies":[{"name":"wp","href":"https:\/\/api.w.org\/{rel}","templated":true}]}}