{"id":20760,"date":"2025-10-19T19:23:55","date_gmt":"2025-10-19T19:23:55","guid":{"rendered":"https:\/\/www.tcm-vet.com\/?page_id=20760"},"modified":"2025-11-20T16:17:27","modified_gmt":"2025-11-20T16:17:27","slug":"terminos-de-uso-de-afiliados","status":"publish","type":"page","link":"https:\/\/www.tcm-vet.com\/es\/affiliate-terms-of-use\/","title":{"rendered":"Condiciones de uso para afiliados"},"content":{"rendered":"<p>Como afiliado autorizado (Afiliado) de TCMVET, aceptas cumplir con los t\u00e9rminos y condiciones contenidos en este Acuerdo (Acuerdo). Por favor, lee todo el Acuerdo cuidadosamente antes de registrarte y promocionar TCMVET como Afiliado.<\/p>\n\t\n\n\t\n\t\t<p>Tu participaci\u00f3n en el Programa es \u00fanicamente para publicitar legalmente nuestro sitio web para recibir una comisi\u00f3n por las membres\u00edas y productos comprados por individuos referidos a TCMVET a trav\u00e9s de tu propio sitio web o referencias personales.<\/p>\n\t\n\n\t\n\t\t<p>Al registrarte en el Programa de Afiliados de TCMVET (Programa), indicas tu aceptaci\u00f3n de este Acuerdo y sus t\u00e9rminos y condiciones.<\/p>\n\t\n\n\t\n\t<h2 class=\"wp-block-heading\" id=\"approval-or-rejection\">Aprobaci\u00f3n o Rechazo de la Solicitud<\/h2>\n\t\n\n\t\n\t<p>Nos reservamos el derecho de aprobar o rechazar CUALQUIER Solicitud de Programa de Afiliados a nuestra sola y absoluta discreci\u00f3n. No tendr\u00e1s ning\u00fan recurso legal contra nosotros por el rechazo de tu Solicitud de Programa de Afiliados.<\/p>\n\t\n\n\t\n\t<h2 class=\"wp-block-heading\" id=\"commissions\">Comisiones<\/h2>\n\t\n\n\t\n\t<p>Las comisiones se pagar\u00e1n una vez al mes. Para que un Afiliado reciba una comisi\u00f3n, la cuenta referida debe permanecer activa durante un m\u00ednimo de 31 d\u00edas.<\/p>\n\t\n\n\t\n\t<p>No puedes referirte a ti mismo, y no recibir\u00e1s una comisi\u00f3n por tus propias cuentas.<\/p>\n\t\n\n\t\n\t<p>Los pagos solo se enviar\u00e1n por transacciones que se hayan completado con \u00e9xito. Las transacciones que resulten en contracargos o reembolsos no se pagar\u00e1n.<\/p>\n\t\n\n\t\n\t<h2 class=\"wp-block-heading\" id=\"termination\">Terminaci\u00f3n<\/h2>\n\t\n\n\t\n\t<p>Tu solicitud de afiliado y estado en el Programa pueden ser suspendidos o terminados por cualquiera de las siguientes razones:<\/p>\n\t\n\n\t\n\t<ul class=\"wp-block-list\">\n\t\t<li>Anuncios inapropiados (afirmaciones falsas, hiperv\u00ednculos enga\u00f1osos, etc.).<\/li>\n\t\t<li>Spam (correo masivo, publicaci\u00f3n masiva en grupos de noticias, etc.).<\/li>\n\t\t<li>Publicidad en sitios que contengan o promuevan actividades ilegales.<\/li>\n\t\t<li>Falta de divulgaci\u00f3n de la relaci\u00f3n de afiliado para cualquier promoci\u00f3n que califique como un respaldo bajo las pautas y regulaciones existentes de la Comisi\u00f3n Federal de Comercio, o cualquier ley estatal aplicable.<\/li>\n\t\t\t\t<li>Violaci\u00f3n de derechos de propiedad intelectual. TCMVET se reserva el derecho de exigir acuerdos de licencia a aquellos que empleen marcas registradas de TCMVET para proteger nuestros derechos de propiedad intelectual.<\/li>\n\t\t\t\t<li>Ofrecer reembolsos, cupones u otra forma de comisiones prometidas como incentivo. Sin embargo, agregar bonificaciones o agrupar otros productos con TCMVET es aceptable.<\/li>\n\t\t<li>Auto-referencias, transacciones fraudulentas, fraude sospechado de Afiliados.<\/li>\n\t<\/ul>\n\t\n\n\t\n\t\t<p>Adem\u00e1s de lo anterior, TCMVET se reserva el derecho de terminar cualquier cuenta de Afiliado en cualquier momento, por cualquier violaci\u00f3n de este Acuerdo o sin raz\u00f3n.<\/p>\n\t\n\n\t\n\t<h2 class=\"wp-block-heading\" id=\"affiliate-links\">Enlaces de Afiliados<\/h2>\n\t\n\n\t\n\t\t<p>Puede utilizar enlaces gr\u00e1ficos y de texto tanto en su sitio web como en sus mensajes de correo electr\u00f3nico. Tambi\u00e9n puede anunciar el sitio TCMVET en anuncios clasificados en l\u00ednea y fuera de l\u00ednea, revistas y peri\u00f3dicos.<\/p>\n\t\n\n\t\n\t<p>Puede utilizar los gr\u00e1ficos y textos proporcionados por nosotros, o puede crear los suyos propios siempre que se consideren apropiados de acuerdo con las condiciones y no violen lo establecido en la secci\u00f3n de Terminaci\u00f3n.<\/p>\n\t\n\n\t\n\t<h2 class=\"wp-block-heading\" id=\"coupon-and-deal-sites\">Sitios de cupones y ofertas<\/h2>\n\t\n\n\t\n\t\t<p>TCMVET ocasionalmente ofrece cupones a afiliados seleccionados y a nuestros suscriptores del bolet\u00edn. Si no est\u00e1 preaprobado\/asignado un cup\u00f3n de marca, entonces no se le permite promocionar el cup\u00f3n. A continuaci\u00f3n se presentan los t\u00e9rminos que se aplican a cualquier afiliado que est\u00e9 considerando la promoci\u00f3n de nuestros productos en relaci\u00f3n con una oferta o cup\u00f3n:<\/p>\n\t\n\n\t\n\t<ul class=\"wp-block-list\">\n\t\t<li>Los afiliados no pueden usar texto enga\u00f1oso en enlaces de afiliados, botones o im\u00e1genes para implicar que hay algo m\u00e1s que las ofertas actualmente autorizadas para el afiliado espec\u00edfico.<\/li>\n\t\t\t\t<li>Los afiliados no pueden pujar por Cupones TCMVET, Descuentos TCMVET u otras frases que impliquen que los cupones est\u00e1n disponibles.<\/li>\n\t\t<li>Los afiliados no pueden generar ventanas emergentes, pop-unders, iframes, marcos, o cualquier otra acci\u00f3n visible o no visible que establezca cookies de afiliados a menos que el usuario haya expresado un inter\u00e9s claro y expl\u00edcito en activar un ahorro espec\u00edfico haciendo clic en un enlace, bot\u00f3n o imagen claramente marcado para ese cup\u00f3n u oferta en particular. Su enlace debe enviar al visitante al sitio del comerciante.<\/li>\n\t\t<li>El usuario debe poder ver la informaci\u00f3n y detalles del cup\u00f3n\/oferta\/ahorro antes de que se establezca una cookie de afiliado (es decir, \u201chaga clic aqu\u00ed para ver cupones y abrir una ventana al sitio del comerciante\u201d NO est\u00e1 permitido).<\/li>\n\t\t<li>Los sitios de afiliados no pueden tener \u201cHaga clic para (o para ver) Oferta\/Cup\u00f3n\u201d o cualquier variaci\u00f3n, cuando no hay cupones u ofertas disponibles, y el clic abre el sitio del comerciante o establece una cookie. Los afiliados con dicho texto en la p\u00e1gina de destino del comerciante ser\u00e1n eliminados del programa de inmediato.<\/li>\n\t<\/ul>\n\t\n\n\t\n\t<h2 class=\"wp-block-heading\" id=\"ppc-policy\">Pol\u00edtica de Pago Por Clic (PPC)<\/h2>\n\t\n\n\t\n\t<p>Las pujas PPC NO est\u00e1n permitidas sin permiso previo por escrito.<\/p>\n\t\n\n\t\n\t<h2 class=\"wp-block-heading\" id=\"liability\">Responsabilidad<\/h2>\n\t\n\n\t\n\t\t<p>TCMVET no ser\u00e1 responsable por da\u00f1os indirectos o accidentales (p\u00e9rdida de ingresos, comisiones) debido a fallos en el seguimiento de afiliados, p\u00e9rdida de archivos de base de datos, o cualquier resultado de intenciones de da\u00f1o al Programa y\/o a nuestros sitios web.<\/p>\n\t\n\n\t\n\t\t<p>No hacemos ninguna garant\u00eda expresa o impl\u00edcita con respecto al Programa y\/o las membres\u00edas o productos vendidos por TCMVET. No afirmamos que la operaci\u00f3n del Programa y\/o nuestros sitios web ser\u00e1 libre de errores y no seremos responsables por interrupciones o errores.<\/p>\n\t\n\n\t\n\t<h2 class=\"wp-block-heading\" id=\"term-of-agreement\">Plazo del Acuerdo<\/h2>\n\t\n\n\t\n\t<p>El plazo de este Acuerdo comienza con su aceptaci\u00f3n en el Programa y terminar\u00e1 cuando su cuenta de Afiliado sea cancelada.<\/p>\n\t\n\n\t\n\t<p>Los t\u00e9rminos y condiciones de este acuerdo pueden ser modificados por nosotros en cualquier momento. Si alguna modificaci\u00f3n a los t\u00e9rminos y condiciones de este Acuerdo es inaceptable para usted, su \u00fanica opci\u00f3n es cancelar su cuenta de Afiliado. Su participaci\u00f3n continua en el Programa constituir\u00e1 su aceptaci\u00f3n de cualquier cambio.<\/p>\n\t\n\n\t\n\t<h2 class=\"wp-block-heading\" id=\"indemnification\">Indemnizaci\u00f3n<\/h2>\n\t\n\n\t\n\t\t<p>El Afiliado indemnizar\u00e1 y mantendr\u00e1 indemne a TCMVET y sus empresas afiliadas y subsidiarias, funcionarios, directores, empleados, licenciatarios, sucesores y cesionarios, incluidos aquellos licenciados o autorizados por TCMVET para transmitir y distribuir materiales, de cualquier y todas las responsabilidades, da\u00f1os, multas, juicios, reclamaciones, costos, p\u00e9rdidas y gastos (incluidos honorarios y costos legales razonables) que surjan o est\u00e9n relacionados con cualquier y todas las reclamaciones sostenidas en conexi\u00f3n con este Acuerdo debido a la negligencia, tergiversaci\u00f3n, falta de divulgaci\u00f3n o conducta intencional del Afiliado.<\/p>\n\t\n\n\t\n\t<h2 class=\"wp-block-heading\" id=\"electronic-signatures-effective\">Firmas Electr\u00f3nicas Efectivas<\/h2>\n\t\n\n\t\n\t\t<p>El Acuerdo es un contrato electr\u00f3nico que establece los t\u00e9rminos legalmente vinculantes de su participaci\u00f3n en el programa de afiliados TCMVET.<\/p>","protected":false},"excerpt":{"rendered":"<p>As an authorized affiliate (Affiliate) of TCMVET, you agree to abide by the terms and conditions contained in this Agreement (Agreement). Please read the entire Agreement carefully before registering and promoting TCMVET as an Affiliate. Your participation in the Program is solely to legally advertise our website to receive a commission on memberships and products [&hellip;]<\/p>\n","protected":false},"author":1,"featured_media":0,"parent":0,"menu_order":0,"comment_status":"closed","ping_status":"closed","template":"","meta":{"_et_pb_use_builder":"","_et_pb_old_content":"","_et_gb_content_width":"1080","footnotes":""},"class_list":["post-20760","page","type-page","status-publish","hentry"],"jetpack-related-posts":[],"jetpack_sharing_enabled":true,"jetpack_likes_enabled":true,"_links":{"self":[{"href":"https:\/\/www.tcm-vet.com\/es\/wp-json\/wp\/v2\/pages\/20760","targetHints":{"allow":["GET"]}}],"collection":[{"href":"https:\/\/www.tcm-vet.com\/es\/wp-json\/wp\/v2\/pages"}],"about":[{"href":"https:\/\/www.tcm-vet.com\/es\/wp-json\/wp\/v2\/types\/page"}],"author":[{"embeddable":true,"href":"https:\/\/www.tcm-vet.com\/es\/wp-json\/wp\/v2\/users\/1"}],"replies":[{"embeddable":true,"href":"https:\/\/www.tcm-vet.com\/es\/wp-json\/wp\/v2\/comments?post=20760"}],"version-history":[{"count":0,"href":"https:\/\/www.tcm-vet.com\/es\/wp-json\/wp\/v2\/pages\/20760\/revisions"}],"wp:attachment":[{"href":"https:\/\/www.tcm-vet.com\/es\/wp-json\/wp\/v2\/media?parent=20760"}],"curies":[{"name":"wp","href":"https:\/\/api.w.org\/{rel}","templated":true}]}}