{"id":26806,"date":"2026-02-01T11:41:00","date_gmt":"2026-02-01T11:41:00","guid":{"rendered":"https:\/\/www.tcm-vet.com\/?post_type=product&#038;p=26806"},"modified":"2026-04-26T01:26:51","modified_gmt":"2026-04-26T01:26:51","slug":"capsulas-de-yunnan-baiyao-para-mascotas-paquete-de-10","status":"publish","type":"product","link":"https:\/\/www.tcm-vet.com\/es\/product\/yunnan-baiyao-capsules-for-pets-10-pack\/","title":{"rendered":"C\u00e1psulas Suplemento Yunnan Baiyao para Mascotas 10-Pack"},"content":{"rendered":"<p>Suplemento de Yunnan Baiyao para Perros<\/p>\n<p>Destacados del producto:<\/p>\n<p>\u2022 M\u00e1s vendido y confiable para los due\u00f1os de mascotas<\/p>\n<p>\u2022 De Yunnan Baiyao, una marca tradicional china bien conocida y confiable<\/p>\n<p>\u2022 Formulaci\u00f3n tradicional a base de hierbas<\/p>\n<p>Por qu\u00e9 elegir este producto:<\/p>\n<p>1. Env\u00edo directo desde China<\/p>\n<p>Se env\u00eda directamente desde Hong Kong \/ China continental.<\/p>\n<p>2. Marca tradicional confiable<\/p>\n<p>De Yunnan Baiyao, una marca tradicional china bien conocida y confiable con una larga reputaci\u00f3n.<\/p>\n<p>3. Suministro conveniente a largo plazo<\/p>\n<p>El empaque de 10 cajas ayuda a simplificar la planificaci\u00f3n y asegura continuidad sin reordenar con frecuencia.<\/p>\n<p>Informaci\u00f3n del Producto:<\/p>\n<p>Tipo: Suplemento Herbal<\/p>\n<p>Formato: C\u00e1psulas<\/p>\n<p>Potencia: 250 mg por c\u00e1psula<\/p>\n<p>Tama\u00f1o del paquete: Set de 10 cajas (16 c\u00e1psulas por caja; total 160 c\u00e1psulas)<\/p>\n<p>Almacenamiento:<\/p>\n<p>Almacenar en un lugar fresco y seco.<\/p>\n<p>Paquete de abastecimiento:<\/p>\n<p>Suministrado como un set de 10 cajas para conveniencia y continuidad de uso.<\/p>\n<p>Env\u00edo y Entrega:<\/p>\n<p>Env\u00edo Desde: Hong Kong \/ China Continental<\/p>\n<p>Tiempo de Entrega: 10\u201315 D\u00edas H\u00e1biles<\/p>\n<p>Seguimiento: N\u00famero de seguimiento internacional proporcionado.<\/p>\n<p>Producci\u00f3n y calidad:<\/p>\n<p>Todos los art\u00edculos son producidos frescos con una vida \u00fatil de 3 a\u00f1os.<\/p>","protected":false},"excerpt":{"rendered":"<ul>\n<li><strong>Tama\u00f1o del Paquete:<\/strong> 10 cajas<\/li>\n<li><strong>Por Caja:<\/strong> 16 c\u00e1psulas + 1 pastilla roja de \u201cemergencia\u201d<\/li>\n<li><strong>Potencia:<\/strong> 250 mg (0.25 g) por c\u00e1psula<\/li>\n<li><strong>Usar:<\/strong> Com\u00fanmente utilizado para apoyo en casos de sangrado seg\u00fan lo indicado por un veterinario<\/li>\n<\/ul>","protected":false},"featured_media":26876,"comment_status":"open","ping_status":"closed","template":"","meta":{"_et_pb_use_builder":"","_et_pb_old_content":"","_et_gb_content_width":""},"product_brand":[15360],"product_cat":[23],"product_tag":[15361,15363,15362],"class_list":{"0":"post-26806","1":"product","2":"type-product","3":"status-publish","4":"has-post-thumbnail","6":"product_brand-yunnan-baiyao","7":"product_cat-pet-vitamins-supplements","8":"product_tag-yunnan-baiyao","9":"product_tag-yunnan-baiyao-for-cats","10":"product_tag-yunnan-baiyao-for-dogs","11":"product_shipping_class-ynby","13":"first","14":"instock","15":"sale","16":"shipping-taxable","17":"purchasable","18":"product-type-simple"},"jetpack_sharing_enabled":false,"jetpack_likes_enabled":false,"jetpack-related-posts":[{"id":21151,"url":"https:\/\/www.tcm-vet.com\/es\/product\/tcmvet-baituxiao-5-bottle-bundle\/","url_meta":{"origin":26806,"position":0},"title":"TCMVET Baituxiao \u2013 Suplemento Bot\u00e1nico Natural Integral \u2013 Paquete de 5 Botellas (300 C\u00e1psulas)","author":"TCMVET","date":"noviembre 23, 2025","format":false,"excerpt":"Un suplemento herbal natural dise\u00f1ado para apoyar el bienestar diario, la vitalidad y la salud inmunitaria de perros y gatos, incluyendo mascotas mayores. Este paquete de 5 frascos contiene 300 c\u00e1psulas f\u00e1ciles de usar, elaboradas con ingredientes herbales tradicionales. Apto para rutinas a largo plazo y hogares con varias mascotas.","rel":"","context":"Entrada similar","block_context":{"text":"Entrada similar","link":""},"img":{"alt_text":"","src":"https:\/\/i0.wp.com\/www.tcm-vet.com\/wp-content\/uploads\/2023\/06\/DSC00169.jpg?resize=350%2C200&ssl=1","width":350,"height":200,"srcset":"https:\/\/i0.wp.com\/www.tcm-vet.com\/wp-content\/uploads\/2023\/06\/DSC00169.jpg?resize=350%2C200&ssl=1 1x, https:\/\/i0.wp.com\/www.tcm-vet.com\/wp-content\/uploads\/2023\/06\/DSC00169.jpg?resize=525%2C300&ssl=1 1.5x, https:\/\/i0.wp.com\/www.tcm-vet.com\/wp-content\/uploads\/2023\/06\/DSC00169.jpg?resize=700%2C400&ssl=1 2x"},"classes":[]},{"id":23359,"url":"https:\/\/www.tcm-vet.com\/es\/product\/tcmvet-baituxiao-10-bottle-bundle\/","url_meta":{"origin":26806,"position":1},"title":"TCMVET Baituxiao \u2013 Suplemento Bot\u00e1nico Natural Integral \u2013 Paquete de 10 Botellas (600 C\u00e1psulas)","author":"TCMVET","date":"diciembre 3, 2025","format":false,"excerpt":"Este suplemento herbal natural est\u00e1 especialmente formulado para apoyar el bienestar diario, la funci\u00f3n inmunol\u00f3gica y la vitalidad.","rel":"","context":"Entrada similar","block_context":{"text":"Entrada similar","link":""},"img":{"alt_text":"","src":"https:\/\/i0.wp.com\/www.tcm-vet.com\/wp-content\/uploads\/2023\/06\/DSC00170.jpg?resize=350%2C200&ssl=1","width":350,"height":200,"srcset":"https:\/\/i0.wp.com\/www.tcm-vet.com\/wp-content\/uploads\/2023\/06\/DSC00170.jpg?resize=350%2C200&ssl=1 1x, https:\/\/i0.wp.com\/www.tcm-vet.com\/wp-content\/uploads\/2023\/06\/DSC00170.jpg?resize=525%2C300&ssl=1 1.5x, https:\/\/i0.wp.com\/www.tcm-vet.com\/wp-content\/uploads\/2023\/06\/DSC00170.jpg?resize=700%2C400&ssl=1 2x"},"classes":[]},{"id":23357,"url":"https:\/\/www.tcm-vet.com\/es\/product\/tcmvet-baituxiao-for-cats-1-bottle\/","url_meta":{"origin":26806,"position":2},"title":"TCMVET Baituxiao para Gatos \u2013 Suplemento Bot\u00e1nico Natural Integral \u2013 Paquete de 1 Botella","author":"TCMVET","date":"diciembre 3, 2025","format":false,"excerpt":"Este suplemento herbal natural est\u00e1 especialmente formulado para perros y gatos para apoyar el bienestar diario, la funci\u00f3n inmunol\u00f3gica y la vitalidad.","rel":"","context":"Entrada similar","block_context":{"text":"Entrada similar","link":""},"img":{"alt_text":"Baituxiaoshop","src":"https:\/\/i0.wp.com\/www.tcm-vet.com\/wp-content\/uploads\/2022\/11\/DSC00163.jpg?resize=350%2C200&ssl=1","width":350,"height":200,"srcset":"https:\/\/i0.wp.com\/www.tcm-vet.com\/wp-content\/uploads\/2022\/11\/DSC00163.jpg?resize=350%2C200&ssl=1 1x, https:\/\/i0.wp.com\/www.tcm-vet.com\/wp-content\/uploads\/2022\/11\/DSC00163.jpg?resize=525%2C300&ssl=1 1.5x, https:\/\/i0.wp.com\/www.tcm-vet.com\/wp-content\/uploads\/2022\/11\/DSC00163.jpg?resize=700%2C400&ssl=1 2x"},"classes":[]},{"id":1270,"url":"https:\/\/www.tcm-vet.com\/es\/product\/baituxiao\/","url_meta":{"origin":26806,"position":3},"title":"F\u00f3rmula Integral Baituxiao TCMVET","author":"TCMVET","date":"noviembre 6, 2022","format":false,"excerpt":"Suplemento herbario completo para tumores caninos y felinos; reishi, cola de pavo y docenas de hierbas mezcladas.","rel":"","context":"Entrada similar","block_context":{"text":"Entrada similar","link":""},"img":{"alt_text":"Baituxiaoshop","src":"https:\/\/i0.wp.com\/www.tcm-vet.com\/wp-content\/uploads\/2022\/11\/DSC00163.jpg?resize=350%2C200&ssl=1","width":350,"height":200,"srcset":"https:\/\/i0.wp.com\/www.tcm-vet.com\/wp-content\/uploads\/2022\/11\/DSC00163.jpg?resize=350%2C200&ssl=1 1x, https:\/\/i0.wp.com\/www.tcm-vet.com\/wp-content\/uploads\/2022\/11\/DSC00163.jpg?resize=525%2C300&ssl=1 1.5x, https:\/\/i0.wp.com\/www.tcm-vet.com\/wp-content\/uploads\/2022\/11\/DSC00163.jpg?resize=700%2C400&ssl=1 2x"},"classes":[]}],"_links":{"self":[{"href":"https:\/\/www.tcm-vet.com\/es\/wp-json\/wp\/v2\/product\/26806","targetHints":{"allow":["GET"]}}],"collection":[{"href":"https:\/\/www.tcm-vet.com\/es\/wp-json\/wp\/v2\/product"}],"about":[{"href":"https:\/\/www.tcm-vet.com\/es\/wp-json\/wp\/v2\/types\/product"}],"replies":[{"embeddable":true,"href":"https:\/\/www.tcm-vet.com\/es\/wp-json\/wp\/v2\/comments?post=26806"}],"wp:featuredmedia":[{"embeddable":true,"href":"https:\/\/www.tcm-vet.com\/es\/wp-json\/wp\/v2\/media\/26876"}],"wp:attachment":[{"href":"https:\/\/www.tcm-vet.com\/es\/wp-json\/wp\/v2\/media?parent=26806"}],"wp:term":[{"taxonomy":"product_brand","embeddable":true,"href":"https:\/\/www.tcm-vet.com\/es\/wp-json\/wp\/v2\/product_brand?post=26806"},{"taxonomy":"product_cat","embeddable":true,"href":"https:\/\/www.tcm-vet.com\/es\/wp-json\/wp\/v2\/product_cat?post=26806"},{"taxonomy":"product_tag","embeddable":true,"href":"https:\/\/www.tcm-vet.com\/es\/wp-json\/wp\/v2\/product_tag?post=26806"}],"curies":[{"name":"wp","href":"https:\/\/api.w.org\/{rel}","templated":true}]}}