{"id":3,"date":"2022-10-07T10:00:58","date_gmt":"2022-10-07T10:00:58","guid":{"rendered":"https:\/\/www.tcmvets.com\/?page_id=3"},"modified":"2025-12-05T00:49:53","modified_gmt":"2025-12-05T00:49:53","slug":"politica-de-privacidad","status":"publish","type":"page","link":"https:\/\/www.tcm-vet.com\/es_mx\/privacy-policy\/","title":{"rendered":"Pol\u00edtica de Privacidad"},"content":{"rendered":"[et_pb_section fb_built=&#8221;1&#8243; admin_label=&#8221;section&#8221; _builder_version=&#8221;4.16&#8243; custom_padding=&#8221;13px||24px|||&#8221; global_colors_info=&#8221;{}&#8221;][et_pb_row admin_label=&#8221;row&#8221; _builder_version=&#8221;4.16&#8243; background_size=&#8221;initial&#8221; background_position=&#8221;top_left&#8221; background_repeat=&#8221;repeat&#8221; custom_padding=&#8221;5px||4px|||&#8221; global_colors_info=&#8221;{}&#8221;][et_pb_column type=&#8221;4_4&#8243; _builder_version=&#8221;4.16&#8243; custom_padding=&#8221;|||&#8221; global_colors_info=&#8221;{}&#8221; custom_padding__hover=&#8221;|||&#8221;][et_pb_text admin_label=&#8221;Text&#8221; _builder_version=&#8221;4.27.0&#8243; text_text_color=&#8221;#000000&#8243; background_size=&#8221;initial&#8221; background_position=&#8221;top_left&#8221; background_repeat=&#8221;repeat&#8221; custom_padding=&#8221;0px||4px|||&#8221; global_colors_info=&#8221;{}&#8221;]<ol>\n<ol>\n<li><span style=\"color: #000000;\"><strong>Who we are<\/strong><\/span><br \/><span style=\"color: #000000;\">Our website is: <a href=\"https:\/\/www.tcm-vet.com\">https:\/\/www.tcm-vet.com<\/a>.<\/span><\/li>\n<li><strong><span style=\"color: #000000;\">Comments<\/span><\/strong><br \/><span style=\"color: #000000;\">When a visitor leaves a comment on the site, we collect the data displayed in the comment form, as well as the visitor&#8217;s IP address and browser user agent string to help detect spam.<\/span><br \/><span style=\"color: #000000;\">An anonymous string (also known as a hash) created from your email address may be provided to the Gravatar service to see if you are using it. The Gravatar Services Privacy Policy is available here: https:\/\/automattic.com\/privacy\/. Once your comment is approved, your profile picture will be publicly visible in the context of your comment.<\/span><\/li>\n<li><span style=\"color: #000000;\"><strong>Media<\/strong><\/span><br \/><span style=\"color: #000000;\">If you upload images to a website, you should avoid uploading images that contain embedded location data (EXIF GPS). Visitors to the website can download and extract any location data from images on the website.<\/span><\/li>\n<li><span style=\"color: #000000;\"><strong>Cookies<\/strong><\/span><br \/><span style=\"color: #000000;\">If you leave a comment on our site, you can choose to have your name, email address and website saved in a cookie. These are for your convenience so that you do not have to fill in your details again when you leave another comment. These cookies will last for a year.<\/span><br \/><span style=\"color: #000000;\">If you visit our login page, we will set a temporary cookie to determine whether your browser accepts cookies. This cookie contains no personal data and is discarded when you close your browser.<\/span><br \/><span style=\"color: #000000;\">When you log in, we will also set a number of cookies to save your login information and screen display choices. Login cookies last for two days and screen options cookies last for one year. If you select &#8220;remember me,&#8221; your login will last for two weeks. If you log out of your account, the login cookie will be deleted.<\/span><br \/><span style=\"color: #000000;\">If you edit or publish an article, an additional cookie will be saved in your browser. This cookie contains no personal data and simply indicates the post ID of the article you just edited. It will expire in 1 day.<\/span><\/li>\n<li><span style=\"color: #000000;\"><strong>Embedded content from other websites<\/strong><\/span><br \/><span style=\"color: #000000;\">Articles on this site may contain embedded content (e.g. videos, images, articles, etc.). Embedded content from other sites behaves in exactly the same way that visitors to other sites behave.<\/span><br \/><span style=\"color: #000000;\">These sites may collect data about you, use cookies, embed other third-party tracking, and monitor your interactions with that embedded content, including tracking your interactions with the embedded content if you have an account and are logged in to the site.<\/span><\/li>\n<li><span style=\"color: #000000;\"><strong>Who we share your data with<\/strong><\/span><br \/><span style=\"color: #000000;\">If you request a password reset, your IP address will be included in the reset email.<\/span><\/li>\n<li><span style=\"color: #000000;\"><strong>How long we keep your data<\/strong><\/span><br \/><span style=\"color: #000000;\">If you post a comment, the comment and its metadata are retained indefinitely. This allows us to automatically identify and approve any follow-up comments instead of holding them in the moderation queue.<\/span><br \/><span style=\"color: #000000;\">For users who register on our website (if any), we also store the personal information they provide in their user profile. All users can view, edit or delete their personal information at any time (except they cannot change their username). Site administrators can also view and edit this information.<\/span><\/li>\n<li><span style=\"color: #000000;\"><strong>What rights do you have with respect to your data<\/strong><\/span><br \/><span style=\"color: #000000;\">If you have an account on this website or leave a comment, you can request to receive an export of the personal data we hold about you, including any data you have provided to us. You can also ask us to delete any personal data we hold about you. This does not include any data we are obliged to retain for administrative, legal or security purposes.<\/span><\/li>\n<li><span style=\"color: #000000;\"><strong>Where the data is sent<\/strong><\/span><br \/><span style=\"color: #000000;\">Visitor comments may be checked by an automated spam detection service.<\/span><\/li>\n<li><span style=\"color: #000000;\"><strong>Newsletters and emails<\/strong><\/span><br \/><span style=\"color: #000000;\">If you subscribe to our newsletter, if you are a member of our website (you can log in), or if you make a purchase on our website, there is a good chance that you will receive emails from us.<\/span><br \/><span style=\"color: #000000;\">We will only send you emails that you have signed up to receive, or that relate to the services we provide to you.<\/span><br \/><span style=\"color: #000000;\">To send you emails, we use the name and email address that you provide to us. Our website also records the IP address you use when registering for the service to prevent misuse of the system.<\/span><br \/><span style=\"color: #000000;\">This website can send e-mails through the MailPoet sending service. This service enables us to track email opens and clicks. We use this information to improve the content of our newsletter.<\/span><br \/><span style=\"color: #000000;\">Other than email address, no identifiable information is tracked outside of this site.<\/span><br \/><span style=\"color: #000000;\">MailPoet creates and stores two cookies if you use both WooCommerce and MailPoet. These cookies are:<\/span><br \/><span style=\"color: #000000;\">Cookie name: mailpoet_revenue_tracking<\/span><br \/><span style=\"color: #000000;\">Cookie expiry date: 14 days.<\/span><br \/><span style=\"color: #000000;\">Cookie Description: The purpose of this cookie is to track whether newsletters sent from your website have received clicks and subsequent purchases in your WooCommerce store.<\/span><br \/><span style=\"color: #000000;\">Cookie name: mailpoet_abandoned_cart_tracking<\/span><br \/><span style=\"color: #000000;\">Cookie expiry date: 3,650 days.<\/span><br \/><span style=\"color: #000000;\">Cookie Description: The purpose of this cookie is to track users who have abandoned their shopping carts in your WooCommerce store and then be able to send them abandoned cart communications from MailPoet.<\/span><br \/><span style=\"color: #000000;\">Note: User must opt-in and confirm subscription<\/span><\/li>\n<li><span style=\"color: #000000;\"><strong>shop<\/strong><\/span><br \/><span style=\"color: #000000;\">We collect information about you during the checkout process at the store.<\/span><\/li>\n<li><span style=\"color: #000000;\"><strong>What we collect and store<\/strong><\/span><br \/><span style=\"color: #000000;\">When you visit our website, we will track:<\/span><br \/><span style=\"color: #000000;\">Products you have viewed: For example, we use this to show you products you have recently viewed<\/span><br \/><span style=\"color: #000000;\">Location, IP address and browser type: We will use this for purposes such as estimating taxes and shipping costs<\/span><br \/><span style=\"color: #000000;\">Shipping Address: We will ask you to enter this address so we can estimate shipping costs and send you your order before you place your order!<\/span><br \/><span style=\"color: #000000;\">We also use cookies to track the contents of your shopping cart as you browse our website.<\/span><br \/><span style=\"color: #000000;\">When you buy from us, we ask you to provide information including your name, billing address, shipping address, email address, phone number, credit card\/payment details and optional account information such as username and password. We will use this information for the following purposes:<\/span><br \/><span style=\"color: #000000;\">send you information about your account and orders<\/span><br \/><span style=\"color: #000000;\">To respond to your requests, including refunds and complaints<\/span><br \/><span style=\"color: #000000;\">Process payments and prevent fraud<\/span><br \/><span style=\"color: #000000;\">Set up your account for our store<\/span><br \/><span style=\"color: #000000;\">To comply with any of our legal obligations, such as calculating taxes<\/span><br \/><span style=\"color: #000000;\">improve our store offerings<\/span><br \/><span style=\"color: #000000;\">Send you marketing communications (if you choose to receive them)<\/span><br \/><span style=\"color: #000000;\">If you create an account, we will store your name, address, email and phone number, which will be used to populate checkout for future orders.<\/span><br \/><span style=\"color: #000000;\">We generally store information about you for as long as we need it for the purposes for which we collected it and used it, and we are not legally required to keep it. For example, we will store order information for 3 years for tax and accounting purposes. This includes your name, email address, and billing and shipping addresses.<\/span><br \/><span style=\"color: #000000;\">If you choose to leave comments or comments, we will also store them.<\/span><\/li>\n<li><span style=\"color: #000000;\"><strong>Who on our team has access<\/strong><\/span><br \/><span style=\"color: #000000;\">Members of our team have access to the information you provide to us. For example, both administrators and store managers can access:<\/span><br \/><span style=\"color: #000000;\">order information, such as what was purchased, when it was purchased and where it should be sent, and<\/span><br \/><span style=\"color: #000000;\">Customer information, such as your name, email address, and billing and shipping information.<\/span><br \/><span style=\"color: #000000;\">Our team members have access to this information to help fulfill orders, process refunds and provide you with support.<\/span><\/li>\n<li><span style=\"color: #000000;\"><strong>What we share with others<\/strong><\/span><br \/><span style=\"color: #000000;\">We share information with third parties who help us provide order and store services to you, which may include, but is not limited to, analytics, marketing, payment gateways, shipping providers, and third-party embeddings.<\/span><\/li>\n<li><span style=\"color: #000000;\"><strong>Payment<\/strong><\/span><br \/><span style=\"color: #000000;\">We accept payment by credit card, bank transfer. When a payment is processed, some of your data will be passed to payment service providers (such as Stripe), including information needed to process or support the payment, such as purchase totals and billing information.<\/span><\/li>\n<\/ol>\n<\/ol>\n<p><span style=\"color: #000000;\"><strong>this privacy policy<\/strong><\/span><br \/><span style=\"color: #000000;\">www.tcm-vet.com has the right to update this privacy policy at any time. You acknowledge and agree that it is your responsibility to periodically review this Privacy Policy and become aware of modifications. By using this site, you signify your acceptance of this Privacy Policy. If you do not agree to this policy, please do not use our website. Your continued use of the Site following the posting of changes to this policy will constitute your acceptance of those changes.<\/span><br \/><span style=\"color: #000000;\"><strong>contact us<\/strong><\/span><br \/><span style=\"color: #000000;\">If you have any questions about this Privacy Policy, the practices of this site, or your dealings with this site,please contact us via email {info@tcm-vet.com}.<\/span><\/p>\n<p><\/p>[\/et_pb_text][\/et_pb_column][\/et_pb_row][\/et_pb_section]","protected":false},"excerpt":{"rendered":"<p>Who we areOur website is: https:\/\/www.tcm-vet.com. CommentsWhen a visitor leaves a comment on the site, we collect the data displayed in the comment form, as well as the visitor&#8217;s IP address and browser user agent string to help detect spam.An anonymous string (also known as a hash) created from your email address may be provided [&hellip;]<\/p>\n","protected":false},"author":1,"featured_media":0,"parent":0,"menu_order":0,"comment_status":"closed","ping_status":"open","template":"","meta":{"_et_pb_use_builder":"on","_et_pb_old_content":"<!-- wp:list {\"ordered\":true} -->\n<ol><!-- wp:list-item -->\n<li><strong>Who we are<\/strong><br>Our website is: https:\/\/www.tcm-vet.com.<\/li>\n<!-- \/wp:list-item -->\n\n<!-- wp:list-item -->\n<li><strong>Comments<\/strong><br>When a visitor leaves a comment on the site, we collect the data displayed in the comment form, as well as the visitor's IP address and browser user agent string to help detect spam.<br>An anonymous string (also known as a hash) created from your email address may be provided to the Gravatar service to see if you are using it. The Gravatar Services Privacy Policy is available here: https:\/\/automattic.com\/privacy\/. Once your comment is approved, your profile picture will be publicly visible in the context of your comment.<\/li>\n<!-- \/wp:list-item -->\n\n<!-- wp:list-item -->\n<li><strong>Media<\/strong><br>If you upload images to a website, you should avoid uploading images that contain embedded location data (EXIF GPS). Visitors to the website can download and extract any location data from images on the website.<\/li>\n<!-- \/wp:list-item -->\n\n<!-- wp:list-item -->\n<li><strong>Cookies<\/strong><br>If you leave a comment on our site, you can choose to have your name, email address and website saved in a cookie. These are for your convenience so that you do not have to fill in your details again when you leave another comment. These cookies will last for a year.<br>If you visit our login page, we will set a temporary cookie to determine whether your browser accepts cookies. This cookie contains no personal data and is discarded when you close your browser.<br>When you log in, we will also set a number of cookies to save your login information and screen display choices. Login cookies last for two days and screen options cookies last for one year. If you select \"remember me,\" your login will last for two weeks. If you log out of your account, the login cookie will be deleted.<br>If you edit or publish an article, an additional cookie will be saved in your browser. This cookie contains no personal data and simply indicates the post ID of the article you just edited. It will expire in 1 day.<\/li>\n<!-- \/wp:list-item -->\n\n<!-- wp:list-item -->\n<li><strong>Embedded content from other websites<\/strong><br>Articles on this site may contain embedded content (e.g. videos, images, articles, etc.). Embedded content from other sites behaves in exactly the same way that visitors to other sites behave.<br>These sites may collect data about you, use cookies, embed other third-party tracking, and monitor your interactions with that embedded content, including tracking your interactions with the embedded content if you have an account and are logged in to the site.<\/li>\n<!-- \/wp:list-item -->\n\n<!-- wp:list-item -->\n<li><strong>Who we share your data with<\/strong><br>If you request a password reset, your IP address will be included in the reset email.<\/li>\n<!-- \/wp:list-item -->\n\n<!-- wp:list-item -->\n<li><strong>How long we keep your data<\/strong><br>If you post a comment, the comment and its metadata are retained indefinitely. This allows us to automatically identify and approve any follow-up comments instead of holding them in the moderation queue.<br>For users who register on our website (if any), we also store the personal information they provide in their user profile. All users can view, edit or delete their personal information at any time (except they cannot change their username). Site administrators can also view and edit this information.<\/li>\n<!-- \/wp:list-item -->\n\n<!-- wp:list-item -->\n<li><strong>What rights do you have with respect to your data<\/strong><br>If you have an account on this website or leave a comment, you can request to receive an export of the personal data we hold about you, including any data you have provided to us. You can also ask us to delete any personal data we hold about you. This does not include any data we are obliged to retain for administrative, legal or security purposes.<\/li>\n<!-- \/wp:list-item -->\n\n<!-- wp:list-item -->\n<li><strong>Where the data is sent<\/strong><br>Visitor comments may be checked by an automated spam detection service.<\/li>\n<!-- \/wp:list-item -->\n\n<!-- wp:list-item -->\n<li><strong>Newsletters and emails<\/strong><br>If you subscribe to our newsletter, if you are a member of our website (you can log in), or if you make a purchase on our website, there is a good chance that you will receive emails from us.<br>We will only send you emails that you have signed up to receive, or that relate to the services we provide to you.<br>To send you emails, we use the name and email address that you provide to us. Our website also records the IP address you use when registering for the service to prevent misuse of the system.<br>This website can send e-mails through the MailPoet sending service. This service enables us to track email opens and clicks. We use this information to improve the content of our newsletter.<br>Other than email address, no identifiable information is tracked outside of this site.<br>MailPoet creates and stores two cookies if you use both WooCommerce and MailPoet. These cookies are:<br>Cookie name: mailpoet_revenue_tracking<br>Cookie expiry date: 14 days.<br>Cookie Description: The purpose of this cookie is to track whether newsletters sent from your website have received clicks and subsequent purchases in your WooCommerce store.<br>Cookie name: mailpoet_abandoned_cart_tracking<br>Cookie expiry date: 3,650 days.<br>Cookie Description: The purpose of this cookie is to track users who have abandoned their shopping carts in your WooCommerce store and then be able to send them abandoned cart communications from MailPoet.<br>Note: User must opt-in and confirm subscription<\/li>\n<!-- \/wp:list-item -->\n\n<!-- wp:list-item -->\n<li><strong>shop<\/strong><br>We collect information about you during the checkout process at the store.<\/li>\n<!-- \/wp:list-item -->\n\n<!-- wp:list-item -->\n<li><strong>What we collect and store<\/strong><br>When you visit our website, we will track:<br>Products you have viewed: For example, we use this to show you products you have recently viewed<br>Location, IP address and browser type: We will use this for purposes such as estimating taxes and shipping costs<br>Shipping Address: We will ask you to enter this address so we can estimate shipping costs and send you your order before you place your order!<br>We also use cookies to track the contents of your shopping cart as you browse our website.<br>When you buy from us, we ask you to provide information including your name, billing address, shipping address, email address, phone number, credit card\/payment details and optional account information such as username and password. We will use this information for the following purposes:<br>send you information about your account and orders<br>To respond to your requests, including refunds and complaints<br>Process payments and prevent fraud<br>Set up your account for our store<br>To comply with any of our legal obligations, such as calculating taxes<br>improve our store offerings<br>Send you marketing communications (if you choose to receive them)<br>If you create an account, we will store your name, address, email and phone number, which will be used to populate checkout for future orders.<br>We generally store information about you for as long as we need it for the purposes for which we collected it and used it, and we are not legally required to keep it. For example, we will store order information for 3 years for tax and accounting purposes. This includes your name, email address, and billing and shipping addresses.<br>If you choose to leave comments or comments, we will also store them.<\/li>\n<!-- \/wp:list-item -->\n\n<!-- wp:list-item -->\n<li><strong>Who on our team has access<\/strong><br>Members of our team have access to the information you provide to us. For example, both administrators and store managers can access:<br>order information, such as what was purchased, when it was purchased and where it should be sent, and<br>Customer information, such as your name, email address, and billing and shipping information.<br>Our team members have access to this information to help fulfill orders, process refunds and provide you with support.<\/li>\n<!-- \/wp:list-item -->\n\n<!-- wp:list-item -->\n<li><strong>What we share with others<\/strong><br>We share information with third parties who help us provide order and store services to you, which may include, but is not limited to, analytics, marketing, payment gateways, shipping providers, and third-party embeddings.<\/li>\n<!-- \/wp:list-item -->\n\n<!-- wp:list-item -->\n<li><strong>Payment<\/strong><br>We accept payment by credit card, bank transfer. When a payment is processed, some of your data will be passed to payment service providers (such as Stripe), including information needed to process or support the payment, such as purchase totals and billing information.<\/li>\n<!-- \/wp:list-item --><\/ol>\n<!-- \/wp:list -->\n\n<!-- wp:paragraph -->\n<p><strong>this privacy policy<\/strong><br>www.tcm-vet.com has the right to update this privacy policy at any time. You acknowledge and agree that it is your responsibility to periodically review this Privacy Policy and become aware of modifications. By using this site, you signify your acceptance of this Privacy Policy. If you do not agree to this policy, please do not use our website. Your continued use of the Site following the posting of changes to this policy will constitute your acceptance of those changes.<br><strong>contact us<\/strong><br>If you have any questions about this Privacy Policy, the practices of this site, or your dealings with this site,please contact us via email {info@tcm-vet.com}.<\/p>\n<!-- \/wp:paragraph -->","_et_gb_content_width":"1080","footnotes":""},"class_list":["post-3","page","type-page","status-publish","hentry"],"jetpack-related-posts":[{"id":26307,"url":"https:\/\/www.tcm-vet.com\/es_mx\/anal-sac-carcinoma-dogs\/","url_meta":{"origin":3,"position":0},"title":"C\u00e1ncer de saco anal en perros: s\u00edntomas, diagn\u00f3stico, tratamiento y manejo a largo plazo","author":"TCMVET","date":"enero 15, 2026","format":false,"excerpt":"Inicio \/ Tumores de sacos anales y c\u00e1ncer de sacos anales en perros Tumores de sacos anales y c\u00e1ncer de sacos anales en perros Gu\u00eda veterinaria basada en evidencia sobre s\u00edntomas, diagn\u00f3stico, estadificaci\u00f3n, opciones de tratamiento y manejo a largo plazo para due\u00f1os de mascotas y equipos veterinarios.","rel":"","context":"Entrada similar ","block_context":{"text":"Entrada similar ","link":""},"img":{"alt_text":"","src":"","width":0,"height":0},"classes":[]}],"jetpack_sharing_enabled":true,"jetpack_likes_enabled":true,"_links":{"self":[{"href":"https:\/\/www.tcm-vet.com\/es_mx\/wp-json\/wp\/v2\/pages\/3","targetHints":{"allow":["GET"]}}],"collection":[{"href":"https:\/\/www.tcm-vet.com\/es_mx\/wp-json\/wp\/v2\/pages"}],"about":[{"href":"https:\/\/www.tcm-vet.com\/es_mx\/wp-json\/wp\/v2\/types\/page"}],"author":[{"embeddable":true,"href":"https:\/\/www.tcm-vet.com\/es_mx\/wp-json\/wp\/v2\/users\/1"}],"replies":[{"embeddable":true,"href":"https:\/\/www.tcm-vet.com\/es_mx\/wp-json\/wp\/v2\/comments?post=3"}],"version-history":[{"count":0,"href":"https:\/\/www.tcm-vet.com\/es_mx\/wp-json\/wp\/v2\/pages\/3\/revisions"}],"wp:attachment":[{"href":"https:\/\/www.tcm-vet.com\/es_mx\/wp-json\/wp\/v2\/media?parent=3"}],"curies":[{"name":"wp","href":"https:\/\/api.w.org\/{rel}","templated":true}]}}