{"id":20749,"date":"2025-10-19T17:27:38","date_gmt":"2025-10-19T17:27:38","guid":{"rendered":"https:\/\/www.tcm-vet.com\/affiliate-area\/"},"modified":"2025-11-20T16:17:06","modified_gmt":"2025-11-20T16:17:06","slug":"kumppanialue","status":"publish","type":"page","link":"https:\/\/www.tcm-vet.com\/fi\/affiliate-area\/","title":{"rendered":"Affiliate-alue"},"content":{"rendered":"<p class=\"affwp-notice\">Sinulla ei ole oikeuksia n\u00e4hd\u00e4 t\u00e4t\u00e4 sivua. Ole hyv\u00e4 <a href=\"https:\/\/www.tcm-vet.com\/fi\/affiliate-login\/\">kirjaudu sis\u00e4\u00e4n<\/a> ja yrit\u00e4 uudelleen.<\/p>","protected":false},"excerpt":{"rendered":"","protected":false},"author":1,"featured_media":0,"parent":0,"menu_order":0,"comment_status":"closed","ping_status":"closed","template":"","meta":{"_et_pb_use_builder":"off","_et_pb_old_content":"<!-- wp:affiliatewp\/affiliate-area \/-->","_et_gb_content_width":"1080","footnotes":""},"class_list":["post-20749","page","type-page","status-publish","hentry"],"jetpack-related-posts":[{"id":26307,"url":"https:\/\/www.tcm-vet.com\/fi\/anal-sac-carcinoma-dogs\/","url_meta":{"origin":20749,"position":0},"title":"Anaalirauhassy\u00f6p\u00e4 koirilla: Oireet, diagnoosi, hoito ja pitk\u00e4aikainen hallinta","author":"TCMVET","date":"15 tammikuun, 2026","format":false,"excerpt":"Koti \/ Anaalirauhasen kasvaimet ja anaalirauhasen sy\u00f6p\u00e4 koirilla Anaalirauhasen kasvaimet ja anaalirauhasen sy\u00f6p\u00e4 koirilla Todisteisiin perustuva el\u00e4inl\u00e4\u00e4kint\u00e4opas oireista, diagnoosista, vaiheistuksesta, hoitovaihtoehdoista ja pitk\u00e4aikaisesta hoidosta lemmikinomistajille ja el\u00e4inl\u00e4\u00e4ketieteen tiimeille.","rel":"","context":"Samankaltainen artikkeli","block_context":{"text":"Samankaltainen artikkeli","link":""},"img":{"alt_text":"","src":"","width":0,"height":0},"classes":[]}],"jetpack_sharing_enabled":true,"jetpack_likes_enabled":true,"_links":{"self":[{"href":"https:\/\/www.tcm-vet.com\/fi\/wp-json\/wp\/v2\/pages\/20749","targetHints":{"allow":["GET"]}}],"collection":[{"href":"https:\/\/www.tcm-vet.com\/fi\/wp-json\/wp\/v2\/pages"}],"about":[{"href":"https:\/\/www.tcm-vet.com\/fi\/wp-json\/wp\/v2\/types\/page"}],"author":[{"embeddable":true,"href":"https:\/\/www.tcm-vet.com\/fi\/wp-json\/wp\/v2\/users\/1"}],"replies":[{"embeddable":true,"href":"https:\/\/www.tcm-vet.com\/fi\/wp-json\/wp\/v2\/comments?post=20749"}],"version-history":[{"count":0,"href":"https:\/\/www.tcm-vet.com\/fi\/wp-json\/wp\/v2\/pages\/20749\/revisions"}],"wp:attachment":[{"href":"https:\/\/www.tcm-vet.com\/fi\/wp-json\/wp\/v2\/media?parent=20749"}],"curies":[{"name":"wp","href":"https:\/\/api.w.org\/{rel}","templated":true}]}}