{"id":20760,"date":"2025-10-19T19:23:55","date_gmt":"2025-10-19T19:23:55","guid":{"rendered":"https:\/\/www.tcm-vet.com\/?page_id=20760"},"modified":"2025-11-20T16:17:27","modified_gmt":"2025-11-20T16:17:27","slug":"kumppanuuden-kayttoehdot","status":"publish","type":"page","link":"https:\/\/www.tcm-vet.com\/fi\/affiliate-terms-of-use\/","title":{"rendered":"Kumppanin k\u00e4ytt\u00f6ehdot"},"content":{"rendered":"<p>TCMVET:n valtuutettuna kumppanina (Affiliate) sitoudut noudattamaan t\u00e4m\u00e4n sopimuksen (Agreement) ehtoja ja s\u00e4\u00e4nt\u00f6j\u00e4. Lue koko sopimus huolellisesti ennen rekister\u00f6itymist\u00e4 ja TCMVET:n mainostamista kumppanina.<\/p>\n\t\n\n\t\n\t\t<p>Osallistumisesi ohjelmaan on ainoastaan laillista mainostaa verkkosivustoamme saadaksesi komission j\u00e4senyyksist\u00e4 ja tuotteista, jotka ostavat henkil\u00f6t, jotka on ohjattu TCMVET:iin omalta verkkosivustoltasi tai henkil\u00f6kohtaisista suosituksistasi.<\/p>\n\t\n\n\t\n\t\t<p>Rekister\u00f6itym\u00e4ll\u00e4 TCMVET:n kumppaniohjelmaan (Program) ilmoitat hyv\u00e4ksyv\u00e4si t\u00e4m\u00e4n sopimuksen ja sen ehdot.<\/p>\n\t\n\n\t\n\t<h2 class=\"wp-block-heading\" id=\"approval-or-rejection\">Hakemuksen hyv\u00e4ksyminen tai hylk\u00e4\u00e4minen<\/h2>\n\t\n\n\t\n\t<p>Me pid\u00e4t\u00e4mme oikeuden hyv\u00e4ksy\u00e4 tai hyl\u00e4t\u00e4 MIT\u00c4 TAHANSA kumppaniohjelman hakemuksen oman ja ehdottoman harkintamme mukaan. Sinulla ei ole oikeudellista vaatimusta meit\u00e4 vastaan kumppaniohjelman hakemuksesi hylk\u00e4\u00e4misest\u00e4.<\/p>\n\t\n\n\t\n\t<h2 class=\"wp-block-heading\" id=\"commissions\">Komissiot<\/h2>\n\t\n\n\t\n\t<p>Komissiot maksetaan kerran kuukaudessa. Jotta kumppani saisi komission, ohjatun tilin on pysytt\u00e4v\u00e4 aktiivisena v\u00e4hint\u00e4\u00e4n 31 p\u00e4iv\u00e4\u00e4.<\/p>\n\t\n\n\t\n\t<p>Et voi ohjata itse\u00e4si, etk\u00e4 saa komissiota omista tileist\u00e4si.<\/p>\n\t\n\n\t\n\t<p>Maksut l\u00e4hetet\u00e4\u00e4n vain onnistuneesti suoritetuista tapahtumista. Tapahtumat, jotka johtavat takaisinperint\u00e4\u00e4n tai hyvityksiin, eiv\u00e4t tule maksettavaksi.<\/p>\n\t\n\n\t\n\t<h2 class=\"wp-block-heading\" id=\"termination\">Irtisanominen<\/h2>\n\t\n\n\t\n\t<p>Kumppanihakemuksesi ja asemasi ohjelmassa voidaan keskeytt\u00e4\u00e4 tai irtisanoa seuraavista syist\u00e4:<\/p>\n\t\n\n\t\n\t<ul class=\"wp-block-list\">\n\t\t<li>Sopimattomat mainokset (valheelliset v\u00e4itteet, harhaanjohtavat hyperlinkit jne.).<\/li>\n\t\t<li>Roskapostitus (massas\u00e4hk\u00f6posti, massapostitus uutisryhmiin jne.).<\/li>\n\t\t<li>Mainostaminen sivustoilla, jotka sis\u00e4lt\u00e4v\u00e4t tai edist\u00e4v\u00e4t laittomia toimintoja.<\/li>\n\t\t<li>Kumppanisuhteen paljastamatta j\u00e4tt\u00e4minen kaikissa mainoksissa, jotka t\u00e4ytt\u00e4v\u00e4t hyv\u00e4ksynn\u00e4n kriteerit voimassa olevien liittovaltion kauppakomission ohjeiden ja s\u00e4\u00e4nt\u00f6jen tai muiden sovellettavien osavaltion lakien mukaan.<\/li>\n\t\t\t\t<li>Immateriaalioikeuksien rikkominen. TCMVET pid\u00e4tt\u00e4\u00e4 oikeuden vaatia lisenssisopimuksia niilt\u00e4, jotka k\u00e4ytt\u00e4v\u00e4t TCMVET:n tavaramerkkej\u00e4 suojatakseen immateriaalioikeuksiaan.<\/li>\n\t\t\t\t<li>Alennusten, kuponkien tai muiden lupausten tarjoaminen kumppanikomissiostasi kannustimena. Bonusten lis\u00e4\u00e4minen tai muiden tuotteiden yhdist\u00e4minen TCMVET:iin on kuitenkin hyv\u00e4ksytt\u00e4v\u00e4\u00e4.<\/li>\n\t\t<li>Itseohjaukset, petolliset tapahtumat, ep\u00e4ilty kumppanipetos.<\/li>\n\t<\/ul>\n\t\n\n\t\n\t\t<p>Edell\u00e4 mainittujen lis\u00e4ksi TCMVET pid\u00e4tt\u00e4\u00e4 oikeuden irtisanoa mik\u00e4 tahansa kumppanitili milloin tahansa, mist\u00e4 tahansa sopimuksen rikkomisesta tai ilman syyt\u00e4.<\/p>\n\t\n\n\t\n\t<h2 class=\"wp-block-heading\" id=\"affiliate-links\">Kumppanilinkit<\/h2>\n\t\n\n\t\n\t\t<p>Voit k\u00e4ytt\u00e4\u00e4 graafisia ja tekstilinkkej\u00e4 sek\u00e4 verkkosivustollasi ett\u00e4 s\u00e4hk\u00f6postiviesteiss\u00e4si. Voit my\u00f6s mainostaa TCMVET-sivustoa verkko- ja offline-luetteloissa, lehdiss\u00e4 ja sanomalehdiss\u00e4.<\/p>\n\t\n\n\t\n\t<p>Voit k\u00e4ytt\u00e4\u00e4 meilt\u00e4 tarjoamia grafiikoita ja tekstej\u00e4 tai voit luoda omia, kunhan ne katsotaan sopiviksi ehtojen mukaan eik\u00e4 niit\u00e4 ole rikottu irtisanomisosiossa mainitulla tavalla.<\/p>\n\t\n\n\t\n\t<h2 class=\"wp-block-heading\" id=\"coupon-and-deal-sites\">Kuponki- ja tarjoussivustot<\/h2>\n\t\n\n\t\n\t\t<p>TCMVET tarjoaa satunnaisesti kuponkeja valituille kumppaneille ja uutiskirjeen tilaajille. Jos et ole ennakkohyv\u00e4ksytty \/ saanut br\u00e4nd\u00e4tty\u00e4 kuponkia, et saa mainostaa kuponkia. Alla ovat ehdot, jotka koskevat kumppaneita, jotka harkitsevat tuotteidemme mainostamista tarjouksen tai kuponin yhteydess\u00e4:<\/p>\n\t\n\n\t\n\t<ul class=\"wp-block-list\">\n\t\t<li>Kumppanit eiv\u00e4t saa k\u00e4ytt\u00e4\u00e4 harhaanjohtavaa teksti\u00e4 kumppanilinkkien, painikkeiden tai kuvien yhteydess\u00e4 antaakseen ymm\u00e4rt\u00e4\u00e4, ett\u00e4 mit\u00e4\u00e4n muuta kuin t\u00e4ll\u00e4 hetkell\u00e4 valtuutettuja tarjouksia on saatavilla kyseiselle kumppanille.<\/li>\n\t\t\t\t<li>Kumppanit eiv\u00e4t saa tarjota tarjouksia TCMVET-kuponkeihin, TCMVET-alennuksiin tai muihin lauseisiin, jotka viittaavat siihen, ett\u00e4 kuponkeja on saatavilla.<\/li>\n\t\t<li>Kumppanit eiv\u00e4t saa luoda ponnahdusikkunoita, ponnahdusikkunoita, iframet, kehyksi\u00e4 tai muita n\u00e4kyvi\u00e4 tai n\u00e4kym\u00e4tt\u00f6mi\u00e4 toimintoja, jotka asettavat kumppanikeksej\u00e4, ellei k\u00e4ytt\u00e4j\u00e4 ole ilmaissut selke\u00e4\u00e4 ja nimenomaista kiinnostusta aktivoida tietty\u00e4 s\u00e4\u00e4st\u00f6\u00e4 napsauttamalla selke\u00e4sti merkitty\u00e4 linkki\u00e4, painiketta tai kuvaa kyseiselle kuponkille tai tarjoukselle. Linkkisi on ohjattava k\u00e4vij\u00e4 kauppasivustolle.<\/li>\n\t\t<li>K\u00e4ytt\u00e4j\u00e4n on voitava n\u00e4hd\u00e4 kuponki-\/tarjous-\/s\u00e4\u00e4st\u00f6informaatio ja -yksityiskohdat ennen kuin kumppanikeksej\u00e4 asetetaan (ts. \u201cnapsauta t\u00e4st\u00e4 n\u00e4hd\u00e4ksesi kuponkeja ja avaa ikkuna kauppasivustolle\u201d EI ole sallittua).<\/li>\n\t\t<li>Kumppanisivustoilla ei saa olla \u201cNapsauta n\u00e4hd\u00e4ksesi tarjous\/kuponki\u201d tai mit\u00e4\u00e4n variaatiota, kun kuponkeja tai tarjouksia ei ole saatavilla, ja napsautus avaa kauppasivuston tai asettaa keksej\u00e4. Kumppanit, joilla on t\u00e4llaista teksti\u00e4 kauppasivun laskeutumissivulla, poistetaan ohjelmasta v\u00e4litt\u00f6m\u00e4sti.<\/li>\n\t<\/ul>\n\t\n\n\t\n\t<h2 class=\"wp-block-heading\" id=\"ppc-policy\">Klikkauskohtainen (PPC) politiikka<\/h2>\n\t\n\n\t\n\t<p>PPC-huutokaupat eiv\u00e4t ole sallittuja ilman ennakkokirjallista lupaa.<\/p>\n\t\n\n\t\n\t<h2 class=\"wp-block-heading\" id=\"liability\">Vastuu<\/h2>\n\t\n\n\t\n\t\t<p>TCMVET ei ole vastuussa ep\u00e4suorista tai satunnaisista vahingoista (tulojen, komissioiden menetys) kumppaniseurannan ep\u00e4onnistumisten, tietokantatiedostojen menetyksen tai mink\u00e4\u00e4n vahingollisen aikomuksen seurauksena ohjelmalle ja\/tai verkkosivustollemme.<\/p>\n\t\n\n\t\n\t\t<p>Emme anna mit\u00e4\u00e4n nimenomaista tai implisiittist\u00e4 takuuta ohjelman ja\/tai TCMVET:n myymien j\u00e4senyyksien tai tuotteiden osalta. Emme v\u00e4it\u00e4, ett\u00e4 ohjelman ja\/tai verkkosivustojemme toiminta olisi virheet\u00f6nt\u00e4, emmek\u00e4 ole vastuussa keskeytyksist\u00e4 tai virheist\u00e4.<\/p>\n\t\n\n\t\n\t<h2 class=\"wp-block-heading\" id=\"term-of-agreement\">Sopimuksen voimassaoloaika<\/h2>\n\t\n\n\t\n\t<p>T\u00e4m\u00e4n sopimuksen voimassaoloaika alkaa hyv\u00e4ksymisest\u00e4si ohjelmassa ja p\u00e4\u00e4ttyy, kun kumppanitilisi irtisanotaan.<\/p>\n\t\n\n\t\n\t<p>T\u00e4m\u00e4n sopimuksen ehtoja ja s\u00e4\u00e4nt\u00f6j\u00e4 voidaan muuttaa milloin tahansa. Jos jokin muutos t\u00e4m\u00e4n sopimuksen ehtoihin ja s\u00e4\u00e4nt\u00f6ihin on sinulle hyv\u00e4ksym\u00e4t\u00f6n, ainoa vaihtoehtosi on irtisanoa kumppanitilisi. Jatkuva osallistumisesi ohjelmaan merkitsee hyv\u00e4ksynt\u00e4\u00e4si kaikille muutoksille.<\/p>\n\t\n\n\t\n\t<h2 class=\"wp-block-heading\" id=\"indemnification\">Vakuuttaminen<\/h2>\n\t\n\n\t\n\t\t<p>Kumppani sitoutuu korvaamaan ja pit\u00e4m\u00e4\u00e4n TCMVET:n sek\u00e4 sen tyt\u00e4ryhti\u00f6t, johtajat, ty\u00f6ntekij\u00e4t, lisenssin saaneet, seuraajat ja siirrett\u00e4v\u00e4t vastuuttomina kaikista vastuista, vahingoista, sakkoista, tuomioista, vaatimuksista, kustannuksista, menetyksist\u00e4 ja kuluista (mukaan lukien kohtuulliset oikeudenk\u00e4yntikulut ja -kustannukset), jotka johtuvat tai liittyv\u00e4t mihin tahansa ja kaikkiin vaatimuksiin, jotka liittyv\u00e4t t\u00e4h\u00e4n sopimukseen kumppanin huolimattomuuden, v\u00e4\u00e4r\u00e4n esitt\u00e4misen, tiedon antamatta j\u00e4tt\u00e4misen tai tahallisen v\u00e4\u00e4rink\u00e4yt\u00f6n vuoksi.<\/p>\n\t\n\n\t\n\t<h2 class=\"wp-block-heading\" id=\"electronic-signatures-effective\">S\u00e4hk\u00f6iset allekirjoitukset voimassa<\/h2>\n\t\n\n\t\n\t\t<p>Sopimus on s\u00e4hk\u00f6inen sopimus, joka m\u00e4\u00e4rittelee laillisesti sitovat ehdot osallistumisellesi TCMVET-kumppaniohjelmaan.<\/p>","protected":false},"excerpt":{"rendered":"<p>As an authorized affiliate (Affiliate) of TCMVET, you agree to abide by the terms and conditions contained in this Agreement (Agreement). Please read the entire Agreement carefully before registering and promoting TCMVET as an Affiliate. Your participation in the Program is solely to legally advertise our website to receive a commission on memberships and products [&hellip;]<\/p>\n","protected":false},"author":1,"featured_media":0,"parent":0,"menu_order":0,"comment_status":"closed","ping_status":"closed","template":"","meta":{"_et_pb_use_builder":"","_et_pb_old_content":"","_et_gb_content_width":"1080","footnotes":""},"class_list":["post-20760","page","type-page","status-publish","hentry"],"jetpack-related-posts":[],"jetpack_sharing_enabled":true,"jetpack_likes_enabled":true,"_links":{"self":[{"href":"https:\/\/www.tcm-vet.com\/fi\/wp-json\/wp\/v2\/pages\/20760","targetHints":{"allow":["GET"]}}],"collection":[{"href":"https:\/\/www.tcm-vet.com\/fi\/wp-json\/wp\/v2\/pages"}],"about":[{"href":"https:\/\/www.tcm-vet.com\/fi\/wp-json\/wp\/v2\/types\/page"}],"author":[{"embeddable":true,"href":"https:\/\/www.tcm-vet.com\/fi\/wp-json\/wp\/v2\/users\/1"}],"replies":[{"embeddable":true,"href":"https:\/\/www.tcm-vet.com\/fi\/wp-json\/wp\/v2\/comments?post=20760"}],"version-history":[{"count":0,"href":"https:\/\/www.tcm-vet.com\/fi\/wp-json\/wp\/v2\/pages\/20760\/revisions"}],"wp:attachment":[{"href":"https:\/\/www.tcm-vet.com\/fi\/wp-json\/wp\/v2\/media?parent=20760"}],"curies":[{"name":"wp","href":"https:\/\/api.w.org\/{rel}","templated":true}]}}