{"id":20786,"date":"2025-10-20T07:29:11","date_gmt":"2025-10-20T07:29:11","guid":{"rendered":"https:\/\/www.tcm-vet.com\/?page_id=20786"},"modified":"2025-12-04T19:04:47","modified_gmt":"2025-12-04T19:04:47","slug":"kumppanirekisterointi","status":"publish","type":"page","link":"https:\/\/www.tcm-vet.com\/fi\/affiliate-registration\/","title":{"rendered":"affiliate-rekister\u00f6inti"},"content":{"rendered":"<form id=\"affwp-register-form-9708\" class=\"affwp-form affwp-register-form\" action=\"\" method=\"post\" data-trp-original-action=\"\">\n\t\n\t<fieldset>\n\t\t<legend>Rekister\u00f6i uusi kumppanitili<\/legend>\n\n\t\t\n\t\t<p>\n\t\t\t<label for=\"affwp-user-name\">Nimesi<\/label>\n\t\t\t<input id=\"affwp-user-name\" type=\"text\" name=\"affwp_user_name\" value=\"\" title=\"Nimesi\"  required='required' \/>\n\t\t<\/p>\n\n\t\t<p>\n\t\t\t<label for=\"affwp-user-login\">K\u00e4ytt\u00e4j\u00e4nimi<\/label>\n\t\t\t<input id=\"affwp-user-login\" required=\"required\" type=\"text\" name=\"affwp_user_login\" maxlength=\"60\" value=\"\" title=\"K\u00e4ytt\u00e4j\u00e4nimi\" \/>\n\t\t<\/p>\n\n\t\t<p>\n\t\t\t<label for=\"affwp-user-email\">Tilin s\u00e4hk\u00f6posti<\/label>\n\t\t\t<input id=\"affwp-user-email\" required=\"required\" type=\"email\" name=\"affwp_user_email\" value=\"\" title=\"S\u00e4hk\u00f6postiosoite\" \/>\n\t\t<\/p>\n\n\t\t<p>\n\t\t\t<label for=\"affwp-payment-email\">Maksus\u00e4hk\u00f6posti<\/label>\n\t\t\t<input id=\"affwp-payment-email\" type=\"email\" name=\"affwp_payment_email\" value=\"\" title=\"Maksus\u00e4hk\u00f6postiosoite\" \/>\n\t\t<\/p>\n\n\t\t<p>\n\t\t\t<label for=\"affwp-user-url\">Verkkosivuston URL<\/label>\n\t\t\t<input id=\"affwp-user-url\" type=\"text\" name=\"affwp_user_url\" value=\"\" title=\"Verkkosivuston URL\"  \/>\n\t\t<\/p>\n\n\t\t<p>\n\t\t\t<label for=\"affwp-promotion-method\">Miten aiot mainostaa meit\u00e4?<\/label>\n\t\t\t<textarea id=\"affwp-promotion-method\" name=\"affwp_promotion_method\" rows=\"5\" cols=\"30\" required='required'><\/textarea>\n\t\t<\/p>\n\n\t\t\n\t\t\t<p>\n\t\t\t\t<label for=\"affwp-user-pass\">Salasana<\/label>\n\t\t\t\t<input id=\"affwp-user-pass\" required=\"required\" class=\"password\" type=\"password\" name=\"affwp_user_pass\" \/>\n\t\t\t<\/p>\n\n\t\t\t<p>\n\t\t\t\t<label for=\"affwp-user-pass2\">Vahvista salasana<\/label>\n\t\t\t\t<input id=\"affwp-user-pass2\" required=\"required\" class=\"password\" type=\"password\" name=\"affwp_user_pass2\" \/>\n\t\t\t<\/p>\n\n\t\t\n\t\t\n\t\t\t\t\t\t\t<p>\n\t\t\t\t<label class=\"affwp-tos\" for=\"affwp-tos\">\n\t\t\t\t\t<input id=\"affwp-tos\" required=\"required\" type=\"checkbox\" name=\"affwp_tos\" \/>\n\t\t\t\t\t<a href=\"https:\/\/www.tcm-vet.com\/fi\/affiliate-terms-of-use\/\" target=\"_blank\">Hyv\u00e4ksy k\u00e4ytt\u00f6ehtomme ja tietosuojak\u00e4yt\u00e4nt\u00f6mme<\/a>\n\t\t\t\t<\/label>\n\t\t\t<\/p>\n\t\t\n\t\t\n\t\t<p>\n\t\t\t<input type=\"hidden\" name=\"affwp_honeypot\" value=\"\" \/>\n\t\t\t<input type=\"hidden\" name=\"affwp_redirect\" value=\"https:\/\/www.tcm-vet.com\/fi\/affiliate-login\/\"\/>\n\t\t\t<input type=\"hidden\" name=\"affwp_register_nonce\" value=\"50713c4384\" \/>\n\t\t\t<input type=\"hidden\" name=\"affwp_action\" value=\"affiliate_register\" \/>\n\n\t\t\t<input type=\"submit\" class=\"button\" value=\"Rekister\u00f6idy\" \/>\t\t<\/p>\n\n\t\t\t<\/fieldset>\n\n\t<input type=\"hidden\" name=\"trp-form-language\" value=\"fi\"\/><\/form>","protected":false},"excerpt":{"rendered":"","protected":false},"author":1,"featured_media":0,"parent":0,"menu_order":0,"comment_status":"closed","ping_status":"closed","template":"","meta":{"_et_pb_use_builder":"off","_et_pb_old_content":"","_et_gb_content_width":"1080","footnotes":""},"class_list":["post-20786","page","type-page","status-publish","hentry"],"jetpack-related-posts":[{"id":20760,"url":"https:\/\/www.tcm-vet.com\/fi\/affiliate-terms-of-use\/","url_meta":{"origin":20786,"position":0},"title":"Kumppanin k\u00e4ytt\u00f6ehdot","author":"TCMVET","date":"19 lokakuun, 2025","format":false,"excerpt":"TCMVET:n valtuutettuna kumppanina (Affiliate) sitoudut noudattamaan t\u00e4m\u00e4n sopimuksen (Agreement) ehtoja ja s\u00e4\u00e4nt\u00f6j\u00e4.","rel":"","context":"Samankaltainen artikkeli","block_context":{"text":"Samankaltainen artikkeli","link":""},"img":{"alt_text":"","src":"","width":0,"height":0},"classes":[]},{"id":20749,"url":"https:\/\/www.tcm-vet.com\/fi\/affiliate-area\/","url_meta":{"origin":20786,"position":1},"title":"Affiliate-alue","author":"TCMVET","date":"19 lokakuun, 2025","format":false,"excerpt":"","rel":"","context":"Samankaltainen artikkeli","block_context":{"text":"Samankaltainen artikkeli","link":""},"img":{"alt_text":"","src":"","width":0,"height":0},"classes":[]},{"id":20750,"url":"https:\/\/www.tcm-vet.com\/fi\/affiliate-login\/","url_meta":{"origin":20786,"position":2},"title":"Kumppanin kirjautuminen","author":"TCMVET","date":"19 lokakuun, 2025","format":false,"excerpt":"","rel":"","context":"Samankaltainen artikkeli","block_context":{"text":"Samankaltainen artikkeli","link":""},"img":{"alt_text":"","src":"","width":0,"height":0},"classes":[]}],"jetpack_sharing_enabled":true,"jetpack_likes_enabled":true,"_links":{"self":[{"href":"https:\/\/www.tcm-vet.com\/fi\/wp-json\/wp\/v2\/pages\/20786","targetHints":{"allow":["GET"]}}],"collection":[{"href":"https:\/\/www.tcm-vet.com\/fi\/wp-json\/wp\/v2\/pages"}],"about":[{"href":"https:\/\/www.tcm-vet.com\/fi\/wp-json\/wp\/v2\/types\/page"}],"author":[{"embeddable":true,"href":"https:\/\/www.tcm-vet.com\/fi\/wp-json\/wp\/v2\/users\/1"}],"replies":[{"embeddable":true,"href":"https:\/\/www.tcm-vet.com\/fi\/wp-json\/wp\/v2\/comments?post=20786"}],"version-history":[{"count":0,"href":"https:\/\/www.tcm-vet.com\/fi\/wp-json\/wp\/v2\/pages\/20786\/revisions"}],"wp:attachment":[{"href":"https:\/\/www.tcm-vet.com\/fi\/wp-json\/wp\/v2\/media?parent=20786"}],"curies":[{"name":"wp","href":"https:\/\/api.w.org\/{rel}","templated":true}]}}