{"id":26806,"date":"2026-02-01T11:41:00","date_gmt":"2026-02-01T11:41:00","guid":{"rendered":"https:\/\/www.tcm-vet.com\/?post_type=product&#038;p=26806"},"modified":"2026-04-26T01:26:51","modified_gmt":"2026-04-26T01:26:51","slug":"yunnan-baiyao-kapselit-lemmikeille-10-pakkausta","status":"publish","type":"product","link":"https:\/\/www.tcm-vet.com\/fi\/product\/yunnan-baiyao-capsules-for-pets-10-pack\/","title":{"rendered":"Yunnan Baiyao -lis\u00e4ravinteet kapselit lemmikeille 10-pakkaus"},"content":{"rendered":"<p>Yunnan Baiyao -lis\u00e4ravinne koirille<\/p>\n<p>Tuotteen kohokohdat:<\/p>\n<p>\u2022 Parhaiten myyv\u00e4 ja lemmikinomistajien luottama<\/p>\n<p>\u2022 Yunnan Baiyaolta, tunnetulta ja luotettavalta perinteiselt\u00e4 kiinalaiselta br\u00e4ndilt\u00e4<\/p>\n<p>\u2022 Perinteinen yrttipohjainen koostumus<\/p>\n<p>Miksi valita t\u00e4m\u00e4 tuote:<\/p>\n<p>1. Suora toimitus Kiinasta<\/p>\n<p>Toimitetaan suoraan Hongkongista \/ Manner-Kiinasta.<\/p>\n<p>2. Luotettava perinteinen br\u00e4ndi<\/p>\n<p>Yunnan Baiyaolta, tunnetulta ja luotettavalta perinteiselt\u00e4 kiinalaiselta br\u00e4ndilt\u00e4, jolla on pitk\u00e4aikainen maine.<\/p>\n<p>3. K\u00e4tev\u00e4 pitk\u00e4aikainen toimitus<\/p>\n<p>10-laatikon pakkaus auttaa yksinkertaistamaan suunnittelua ja varmistaa jatkuvuuden ilman usein toistuvia tilauksia.<\/p>\n<p>Tuotetiedot:<\/p>\n<p>Tyyppi: Yrttilis\u00e4ravinne<\/p>\n<p>Muoto: Kapselit<\/p>\n<p>Teho: 250 mg per kapseli<\/p>\n<p>Pakkauskoko: 10-laatikon setti (16 kapselia per laatikko; yhteens\u00e4 160 kapselia)<\/p>\n<p>S\u00e4ilytys:<\/p>\n<p>S\u00e4ilyt\u00e4 viile\u00e4ss\u00e4, kuivassa paikassa.<\/p>\n<p>Varastointipakkaus:<\/p>\n<p>Toimitetaan 10-laatikon settin\u00e4 k\u00e4yt\u00f6n mukavuuden ja jatkuvuuden varmistamiseksi.<\/p>\n<p>Toimitus &amp; L\u00e4hetys:<\/p>\n<p>L\u00e4hetet\u00e4\u00e4n: Hongkong \/ Manner-Kiina<\/p>\n<p>Toimitusaika: 10\u201315 ty\u00f6p\u00e4iv\u00e4\u00e4<\/p>\n<p>Seuranta: Kansainv\u00e4linen seurantanumero toimitetaan.<\/p>\n<p>Tuotanto &amp; Laatu:<\/p>\n<p>Kaikki tuotteet valmistetaan tuoreina, ja niiden s\u00e4ilyvyysaika on 3 vuotta.<\/p>","protected":false},"excerpt":{"rendered":"<ul>\n<li><strong>Pakkauskoko:<\/strong> 10 pakkausta<\/li>\n<li><strong>Per pakkaus:<\/strong> 16 kapselia + 1 punainen \u201ch\u00e4t\u00e4\u201d pilleri<\/li>\n<li><strong>Voima:<\/strong> 250 mg (0,25 g) per kapseli<\/li>\n<li><strong>K\u00e4yt\u00e4:<\/strong> Yleisesti k\u00e4ytet\u00e4\u00e4n verenvuodon tukemiseen el\u00e4inl\u00e4\u00e4k\u00e4rin ohjeiden mukaan<\/li>\n<\/ul>","protected":false},"featured_media":26876,"comment_status":"open","ping_status":"closed","template":"","meta":{"_et_pb_use_builder":"","_et_pb_old_content":"","_et_gb_content_width":""},"product_brand":[15360],"product_cat":[23],"product_tag":[15361,15363,15362],"class_list":{"0":"post-26806","1":"product","2":"type-product","3":"status-publish","4":"has-post-thumbnail","6":"product_brand-yunnan-baiyao","7":"product_cat-pet-vitamins-supplements","8":"product_tag-yunnan-baiyao","9":"product_tag-yunnan-baiyao-for-cats","10":"product_tag-yunnan-baiyao-for-dogs","11":"product_shipping_class-ynby","13":"first","14":"instock","15":"sale","16":"shipping-taxable","17":"purchasable","18":"product-type-simple"},"jetpack_sharing_enabled":false,"jetpack_likes_enabled":false,"jetpack-related-posts":[{"id":21151,"url":"https:\/\/www.tcm-vet.com\/fi\/product\/tcmvet-baituxiao-5-bottle-bundle\/","url_meta":{"origin":26806,"position":0},"title":"TCMVET Baituxiao \u2013 Yhteenveto Luonnollinen Kasviper\u00e4inen Lis\u00e4ravinne \u2013 5-Pullon Paketti (300 Kapselia)","author":"TCMVET","date":"23 marraskuun, 2025","format":false,"excerpt":"Luonnollinen yrttiravinne, joka on suunniteltu tukemaan koirien ja kissojen, my\u00f6s ik\u00e4\u00e4ntyvien lemmikkien, p\u00e4ivitt\u00e4ist\u00e4 hyvinvointia, elinvoimaa ja immuunij\u00e4rjestelm\u00e4n terveytt\u00e4. T\u00e4m\u00e4 5 pullon paketti sis\u00e4lt\u00e4\u00e4 300 helppok\u00e4ytt\u00f6ist\u00e4 kapselia, jotka on valmistettu perinteisist\u00e4 yrttiaineista. Sopii pitk\u00e4aikaisiin rutiineihin ja usean lemmikin kotitalouksiin.","rel":"","context":"Samankaltainen artikkeli","block_context":{"text":"Samankaltainen artikkeli","link":""},"img":{"alt_text":"","src":"https:\/\/i0.wp.com\/www.tcm-vet.com\/wp-content\/uploads\/2023\/06\/DSC00169.jpg?resize=350%2C200&ssl=1","width":350,"height":200,"srcset":"https:\/\/i0.wp.com\/www.tcm-vet.com\/wp-content\/uploads\/2023\/06\/DSC00169.jpg?resize=350%2C200&ssl=1 1x, https:\/\/i0.wp.com\/www.tcm-vet.com\/wp-content\/uploads\/2023\/06\/DSC00169.jpg?resize=525%2C300&ssl=1 1.5x, https:\/\/i0.wp.com\/www.tcm-vet.com\/wp-content\/uploads\/2023\/06\/DSC00169.jpg?resize=700%2C400&ssl=1 2x"},"classes":[]},{"id":23359,"url":"https:\/\/www.tcm-vet.com\/fi\/product\/tcmvet-baituxiao-10-bottle-bundle\/","url_meta":{"origin":26806,"position":1},"title":"TCMVET Baituxiao \u2013 Yhteenveto Luonnollinen Kasviper\u00e4inen Lis\u00e4ravinne \u2013 10-Pullon Paketti (600 Kapselia)","author":"TCMVET","date":"3 joulukuun, 2025","format":false,"excerpt":"T\u00e4m\u00e4 luonnollinen yrttilis\u00e4 on erityisesti kehitetty tukemaan p\u00e4ivitt\u00e4ist\u00e4 hyvinvointia, immuunitoimintaa ja elinvoimaa. Vanhemmat lemmikit, toipuvat el\u00e4imet ja lemmikit, jotka kokevat korkeampia stressitasoja, voivat kaikki hy\u00f6ty\u00e4 sen kasvipohjaisesta ravintotuesta. T\u00e4m\u00e4 10 pullon pakkaus tarjoaa yhteens\u00e4 600 helppok\u00e4ytt\u00f6ist\u00e4 kapselia, mik\u00e4 tekee siit\u00e4 ihanteellisen valinnan\u2026","rel":"","context":"Samankaltainen artikkeli","block_context":{"text":"Samankaltainen artikkeli","link":""},"img":{"alt_text":"","src":"https:\/\/i0.wp.com\/www.tcm-vet.com\/wp-content\/uploads\/2023\/06\/DSC00170.jpg?resize=350%2C200&ssl=1","width":350,"height":200,"srcset":"https:\/\/i0.wp.com\/www.tcm-vet.com\/wp-content\/uploads\/2023\/06\/DSC00170.jpg?resize=350%2C200&ssl=1 1x, https:\/\/i0.wp.com\/www.tcm-vet.com\/wp-content\/uploads\/2023\/06\/DSC00170.jpg?resize=525%2C300&ssl=1 1.5x, https:\/\/i0.wp.com\/www.tcm-vet.com\/wp-content\/uploads\/2023\/06\/DSC00170.jpg?resize=700%2C400&ssl=1 2x"},"classes":[]},{"id":23357,"url":"https:\/\/www.tcm-vet.com\/fi\/product\/tcmvet-baituxiao-for-cats-1-bottle\/","url_meta":{"origin":26806,"position":2},"title":"TCMVET Baituxiao kissoille \u2013 Kattava luonnollinen kasvislis\u00e4 \u2013 1-pullon pakkaus","author":"TCMVET","date":"3 joulukuun, 2025","format":false,"excerpt":"T\u00e4m\u00e4 luonnollinen yrttilis\u00e4 on erityisesti kehitetty koirille ja kissoille tukemaan p\u00e4ivitt\u00e4ist\u00e4 hyvinvointia, immuunitoimintaa ja elinvoimaa. Vanhemmat lemmikit, toipuvat el\u00e4imet ja lemmikit, jotka kokevat korkeampia stressitasoja, voivat kaikki hy\u00f6ty\u00e4 sen kasvipohjaisesta ravintotuesta. Jokaisessa pullossa on 60 helppok\u00e4ytt\u00f6ist\u00e4 kapselia, jotka voidaan lis\u00e4t\u00e4\u2026","rel":"","context":"Samankaltainen artikkeli","block_context":{"text":"Samankaltainen artikkeli","link":""},"img":{"alt_text":"Baituxiaoshop","src":"https:\/\/i0.wp.com\/www.tcm-vet.com\/wp-content\/uploads\/2022\/11\/DSC00163.jpg?resize=350%2C200&ssl=1","width":350,"height":200,"srcset":"https:\/\/i0.wp.com\/www.tcm-vet.com\/wp-content\/uploads\/2022\/11\/DSC00163.jpg?resize=350%2C200&ssl=1 1x, https:\/\/i0.wp.com\/www.tcm-vet.com\/wp-content\/uploads\/2022\/11\/DSC00163.jpg?resize=525%2C300&ssl=1 1.5x, https:\/\/i0.wp.com\/www.tcm-vet.com\/wp-content\/uploads\/2022\/11\/DSC00163.jpg?resize=700%2C400&ssl=1 2x"},"classes":[]},{"id":1270,"url":"https:\/\/www.tcm-vet.com\/fi\/product\/baituxiao\/","url_meta":{"origin":26806,"position":3},"title":"TCMVET Baituxiao Yhteenveto Kaava","author":"TCMVET","date":"6 marraskuun, 2022","format":false,"excerpt":"Kattava lemmikkien yrttilis\u00e4 koiran ja kissan kasvaimiin; reishi\u00e4, kalkkunanh\u00e4nt\u00e4\u00e4 ja kymmeni\u00e4 yrttej\u00e4 sekoitettuna.","rel":"","context":"Samankaltainen artikkeli","block_context":{"text":"Samankaltainen artikkeli","link":""},"img":{"alt_text":"Baituxiaoshop","src":"https:\/\/i0.wp.com\/www.tcm-vet.com\/wp-content\/uploads\/2022\/11\/DSC00163.jpg?resize=350%2C200&ssl=1","width":350,"height":200,"srcset":"https:\/\/i0.wp.com\/www.tcm-vet.com\/wp-content\/uploads\/2022\/11\/DSC00163.jpg?resize=350%2C200&ssl=1 1x, https:\/\/i0.wp.com\/www.tcm-vet.com\/wp-content\/uploads\/2022\/11\/DSC00163.jpg?resize=525%2C300&ssl=1 1.5x, https:\/\/i0.wp.com\/www.tcm-vet.com\/wp-content\/uploads\/2022\/11\/DSC00163.jpg?resize=700%2C400&ssl=1 2x"},"classes":[]}],"_links":{"self":[{"href":"https:\/\/www.tcm-vet.com\/fi\/wp-json\/wp\/v2\/product\/26806","targetHints":{"allow":["GET"]}}],"collection":[{"href":"https:\/\/www.tcm-vet.com\/fi\/wp-json\/wp\/v2\/product"}],"about":[{"href":"https:\/\/www.tcm-vet.com\/fi\/wp-json\/wp\/v2\/types\/product"}],"replies":[{"embeddable":true,"href":"https:\/\/www.tcm-vet.com\/fi\/wp-json\/wp\/v2\/comments?post=26806"}],"wp:featuredmedia":[{"embeddable":true,"href":"https:\/\/www.tcm-vet.com\/fi\/wp-json\/wp\/v2\/media\/26876"}],"wp:attachment":[{"href":"https:\/\/www.tcm-vet.com\/fi\/wp-json\/wp\/v2\/media?parent=26806"}],"wp:term":[{"taxonomy":"product_brand","embeddable":true,"href":"https:\/\/www.tcm-vet.com\/fi\/wp-json\/wp\/v2\/product_brand?post=26806"},{"taxonomy":"product_cat","embeddable":true,"href":"https:\/\/www.tcm-vet.com\/fi\/wp-json\/wp\/v2\/product_cat?post=26806"},{"taxonomy":"product_tag","embeddable":true,"href":"https:\/\/www.tcm-vet.com\/fi\/wp-json\/wp\/v2\/product_tag?post=26806"}],"curies":[{"name":"wp","href":"https:\/\/api.w.org\/{rel}","templated":true}]}}