{"id":20749,"date":"2025-10-19T17:27:38","date_gmt":"2025-10-19T17:27:38","guid":{"rendered":"https:\/\/www.tcm-vet.com\/affiliate-area\/"},"modified":"2025-11-20T16:17:06","modified_gmt":"2025-11-20T16:17:06","slug":"zone-daffiliation","status":"publish","type":"page","link":"https:\/\/www.tcm-vet.com\/fr\/affiliate-area\/","title":{"rendered":"Zone d'affiliation"},"content":{"rendered":"<p class=\"affwp-notice\">Vous n'\u00eates pas autoris\u00e9 \u00e0 voir cette page. Veuillez <a href=\"https:\/\/www.tcm-vet.com\/fr\/affiliate-login\/\">vous connecter<\/a> et r\u00e9essayer.<\/p>","protected":false},"excerpt":{"rendered":"","protected":false},"author":1,"featured_media":0,"parent":0,"menu_order":0,"comment_status":"closed","ping_status":"closed","template":"","meta":{"_et_pb_use_builder":"off","_et_pb_old_content":"<!-- wp:affiliatewp\/affiliate-area \/-->","_et_gb_content_width":"1080","footnotes":""},"class_list":["post-20749","page","type-page","status-publish","hentry"],"jetpack-related-posts":[{"id":26307,"url":"https:\/\/www.tcm-vet.com\/fr\/anal-sac-carcinoma-dogs\/","url_meta":{"origin":20749,"position":0},"title":"Cancer des sacs anaux chez les chiens : sympt\u00f4mes, diagnostic, traitement et gestion \u00e0 long terme","author":"TCMVET","date":"janvier 15, 2026","format":false,"excerpt":"Accueil \/ Tumeurs des sacs anaux et cancer des sacs anaux chez les chiens Tumeurs des sacs anaux et cancer des sacs anaux chez les chiens Guide v\u00e9t\u00e9rinaire bas\u00e9 sur des preuves concernant les sympt\u00f4mes, le diagnostic, le stade, les options de traitement et la gestion \u00e0 long terme pour les propri\u00e9taires d'animaux et les \u00e9quipes v\u00e9t\u00e9rinaires.","rel":"","context":"Article similaire","block_context":{"text":"Article similaire","link":""},"img":{"alt_text":"","src":"","width":0,"height":0},"classes":[]}],"jetpack_sharing_enabled":true,"jetpack_likes_enabled":true,"_links":{"self":[{"href":"https:\/\/www.tcm-vet.com\/fr\/wp-json\/wp\/v2\/pages\/20749","targetHints":{"allow":["GET"]}}],"collection":[{"href":"https:\/\/www.tcm-vet.com\/fr\/wp-json\/wp\/v2\/pages"}],"about":[{"href":"https:\/\/www.tcm-vet.com\/fr\/wp-json\/wp\/v2\/types\/page"}],"author":[{"embeddable":true,"href":"https:\/\/www.tcm-vet.com\/fr\/wp-json\/wp\/v2\/users\/1"}],"replies":[{"embeddable":true,"href":"https:\/\/www.tcm-vet.com\/fr\/wp-json\/wp\/v2\/comments?post=20749"}],"version-history":[{"count":0,"href":"https:\/\/www.tcm-vet.com\/fr\/wp-json\/wp\/v2\/pages\/20749\/revisions"}],"wp:attachment":[{"href":"https:\/\/www.tcm-vet.com\/fr\/wp-json\/wp\/v2\/media?parent=20749"}],"curies":[{"name":"wp","href":"https:\/\/api.w.org\/{rel}","templated":true}]}}