{"id":20760,"date":"2025-10-19T19:23:55","date_gmt":"2025-10-19T19:23:55","guid":{"rendered":"https:\/\/www.tcm-vet.com\/?page_id=20760"},"modified":"2025-11-20T16:17:27","modified_gmt":"2025-11-20T16:17:27","slug":"conditions-dutilisation-des-affilies","status":"publish","type":"page","link":"https:\/\/www.tcm-vet.com\/fr\/affiliate-terms-of-use\/","title":{"rendered":"Conditions d'utilisation de l'affiliation"},"content":{"rendered":"<p>En tant qu'affili\u00e9 autoris\u00e9 (Affili\u00e9) de TCMVET, vous acceptez de respecter les termes et conditions contenus dans cet Accord (Accord). Veuillez lire l'int\u00e9gralit\u00e9 de l'Accord attentivement avant de vous inscrire et de promouvoir TCMVET en tant qu'Affili\u00e9.<\/p>\n\t\n\n\t\n\t\t<p>Votre participation au Programme est uniquement destin\u00e9e \u00e0 faire de la publicit\u00e9 l\u00e9gale pour notre site Web afin de recevoir une commission sur les adh\u00e9sions et les produits achet\u00e9s par des individus r\u00e9f\u00e9r\u00e9s \u00e0 TCMVET par votre propre site Web ou vos recommandations personnelles.<\/p>\n\t\n\n\t\n\t\t<p>En vous inscrivant au Programme d'Affiliation TCMVET (Programme), vous indiquez votre acceptation de cet Accord et de ses termes et conditions.<\/p>\n\t\n\n\t\n\t<h2 class=\"wp-block-heading\" id=\"approval-or-rejection\">Approbation ou Rejet de la Demande<\/h2>\n\t\n\n\t\n\t<p>Nous nous r\u00e9servons le droit d'approuver ou de rejeter TOUTE Demande de Programme d'Affiliation \u00e0 notre seule et enti\u00e8re discr\u00e9tion. Vous n'aurez aucun recours l\u00e9gal contre nous pour le rejet de votre Demande de Programme d'Affiliation.<\/p>\n\t\n\n\t\n\t<h2 class=\"wp-block-heading\" id=\"commissions\">Commissions<\/h2>\n\t\n\n\t\n\t<p>Les commissions seront pay\u00e9es une fois par mois. Pour qu'un Affili\u00e9 re\u00e7oive une commission, le compte r\u00e9f\u00e9r\u00e9 doit rester actif pendant un minimum de 31 jours.<\/p>\n\t\n\n\t\n\t<p>Vous ne pouvez pas vous r\u00e9f\u00e9rer vous-m\u00eame, et vous ne recevrez pas de commission sur vos propres comptes.<\/p>\n\t\n\n\t\n\t<p>Les paiements ne seront envoy\u00e9s que pour les transactions qui ont \u00e9t\u00e9 compl\u00e9t\u00e9es avec succ\u00e8s. Les transactions qui entra\u00eenent des r\u00e9trofacturations ou des remboursements ne seront pas pay\u00e9es.<\/p>\n\t\n\n\t\n\t<h2 class=\"wp-block-heading\" id=\"termination\">R\u00e9siliation<\/h2>\n\t\n\n\t\n\t<p>Votre demande d'affiliation et votre statut dans le Programme peuvent \u00eatre suspendus ou r\u00e9sili\u00e9s pour l'une des raisons suivantes :<\/p>\n\t\n\n\t\n\t<ul class=\"wp-block-list\">\n\t\t<li>Publicit\u00e9s inappropri\u00e9es (revendications fausses, hyperliens trompeurs, etc.).<\/li>\n\t\t<li>Spam (email de masse, publication de groupe de discussion de masse, etc.).<\/li>\n\t\t<li>Publicit\u00e9 sur des sites contenant ou promouvant des activit\u00e9s ill\u00e9gales.<\/li>\n\t\t<li>Manquement \u00e0 divulguer la relation d'affiliation pour toute promotion qui qualifie comme un soutien selon les directives et r\u00e8glements existants de la Federal Trade Commission, ou toute loi d'\u00c9tat applicable.<\/li>\n\t\t\t\t<li>Violation des droits de propri\u00e9t\u00e9 intellectuelle. TCMVET se r\u00e9serve le droit d'exiger des contrats de licence de ceux qui utilisent des marques de TCMVET afin de prot\u00e9ger nos droits de propri\u00e9t\u00e9 intellectuelle.<\/li>\n\t\t\t\t<li>Offrir des remises, des coupons ou toute autre forme de r\u00e9trocommissions promises de votre commission d'affiliation comme incitation. Ajouter des bonus ou regrouper d'autres produits avec TCMVET, cependant, est acceptable.<\/li>\n\t\t<li>Auto-r\u00e9f\u00e9rences, transactions frauduleuses, fraude d'affili\u00e9 suspect\u00e9e.<\/li>\n\t<\/ul>\n\t\n\n\t\n\t\t<p>En plus de ce qui pr\u00e9c\u00e8de, TCMVET se r\u00e9serve le droit de r\u00e9silier tout compte d'affili\u00e9 \u00e0 tout moment, pour toute violation de cet Accord ou sans raison.<\/p>\n\t\n\n\t\n\t<h2 class=\"wp-block-heading\" id=\"affiliate-links\">Liens d'Affili\u00e9<\/h2>\n\t\n\n\t\n\t\t<p>Vous pouvez utiliser des liens graphiques et textuels \u00e0 la fois sur votre site Web et dans vos messages \u00e9lectroniques. Vous pouvez \u00e9galement faire la publicit\u00e9 du site TCMVET dans des annonces class\u00e9es en ligne et hors ligne, des magazines et des journaux.<\/p>\n\t\n\n\t\n\t<p>Vous pouvez utiliser les graphiques et le texte fournis par nous, ou vous pouvez cr\u00e9er les v\u00f4tres tant qu'ils sont jug\u00e9s appropri\u00e9s selon les conditions et ne violent pas ce qui est d\u00e9crit dans la section R\u00e9siliation.<\/p>\n\t\n\n\t\n\t<h2 class=\"wp-block-heading\" id=\"coupon-and-deal-sites\">Sites de coupons et d'offres<\/h2>\n\t\n\n\t\n\t\t<p>TCMVET propose occasionnellement des coupons \u00e0 certains affili\u00e9s et \u00e0 nos abonn\u00e9s \u00e0 la newsletter. Si vous n'\u00eates pas pr\u00e9-approuv\u00e9 \/ assign\u00e9 un coupon de marque, alors vous n'\u00eates pas autoris\u00e9 \u00e0 promouvoir le coupon. Voici les termes qui s'appliquent \u00e0 tout affili\u00e9 qui envisage de promouvoir nos produits en relation avec une offre ou un coupon :<\/p>\n\t\n\n\t\n\t<ul class=\"wp-block-list\">\n\t\t<li>Les affili\u00e9s ne peuvent pas utiliser de texte trompeur sur les liens affili\u00e9s, les boutons ou les images pour impliquer quoi que ce soit d'autre que les offres actuellement autoris\u00e9es pour l'affili\u00e9 sp\u00e9cifique.<\/li>\n\t\t\t\t<li>Les affili\u00e9s ne peuvent pas ench\u00e9rir sur les Coupons TCMVET, les Remises TCMVET ou d'autres phrases impliquant que des coupons sont disponibles.<\/li>\n\t\t<li>Les affili\u00e9s ne peuvent pas g\u00e9n\u00e9rer de pop-ups, pop-unders, iframes, frames, ou toute autre action visible ou invisible qui d\u00e9finit des cookies affili\u00e9s \u00e0 moins que l'utilisateur n'ait exprim\u00e9 un int\u00e9r\u00eat clair et explicite \u00e0 activer une \u00e9conomie sp\u00e9cifique en cliquant sur un lien, un bouton ou une image clairement marqu\u00e9s pour ce coupon ou cette offre particuli\u00e8re. Votre lien doit envoyer le visiteur vers le site du marchand.<\/li>\n\t\t<li>L'utilisateur doit \u00eatre en mesure de voir les informations et les d\u00e9tails du coupon\/deal\/\u00e9conomies avant qu'un cookie affili\u00e9 ne soit d\u00e9fini (c'est-\u00e0-dire que \u201ccliquez ici pour voir les coupons et ouvrir une fen\u00eatre vers le site du marchand\u201d n'est PAS autoris\u00e9).<\/li>\n\t\t<li>Les sites affili\u00e9s ne peuvent pas avoir \u201cCliquez pour (ou pour voir) l'Offre\/Coupon\u201d ou toute variation, lorsqu'il n'y a pas de coupons ou d'offres disponibles, et que le clic ouvre le site du marchand ou d\u00e9finit un cookie. Les affili\u00e9s avec un tel texte sur la page d'atterrissage du marchand seront imm\u00e9diatement retir\u00e9s du programme.<\/li>\n\t<\/ul>\n\t\n\n\t\n\t<h2 class=\"wp-block-heading\" id=\"ppc-policy\">Politique de Paiement Par Clic (PPC)<\/h2>\n\t\n\n\t\n\t<p>Les ench\u00e8res PPC ne sont PAS autoris\u00e9es sans autorisation \u00e9crite pr\u00e9alable.<\/p>\n\t\n\n\t\n\t<h2 class=\"wp-block-heading\" id=\"liability\">Responsabilit\u00e9<\/h2>\n\t\n\n\t\n\t\t<p>TCMVET ne sera pas responsable des dommages indirects ou accidentels (perte de revenus, commissions) dus \u00e0 des \u00e9checs de suivi des affili\u00e9s, \u00e0 la perte de fichiers de base de donn\u00e9es, ou \u00e0 tout r\u00e9sultat d'intentions de nuire au Programme et\/ou \u00e0 nos sites Web.<\/p>\n\t\n\n\t\n\t\t<p>Nous ne faisons aucune garantie expresse ou implicite concernant le Programme et\/ou les adh\u00e9sions ou produits vendus par TCMVET. Nous ne pr\u00e9tendons pas que le fonctionnement du Programme et\/ou de nos sites Web sera exempt d'erreurs et nous ne serons pas responsables des interruptions ou erreurs.<\/p>\n\t\n\n\t\n\t<h2 class=\"wp-block-heading\" id=\"term-of-agreement\">Dur\u00e9e de l'Accord<\/h2>\n\t\n\n\t\n\t<p>La dur\u00e9e de cet Accord commence d\u00e8s votre acceptation dans le Programme et se terminera lorsque votre compte Affili\u00e9 sera r\u00e9sili\u00e9.<\/p>\n\t\n\n\t\n\t<p>Les termes et conditions de cet accord peuvent \u00eatre modifi\u00e9s par nous \u00e0 tout moment. Si une modification des termes et conditions de cet Accord est inacceptable pour vous, votre seul choix est de r\u00e9silier votre compte Affili\u00e9. Votre participation continue au Programme constituera votre acceptation de tout changement.<\/p>\n\t\n\n\t\n\t<h2 class=\"wp-block-heading\" id=\"indemnification\">Indemnisation<\/h2>\n\t\n\n\t\n\t\t<p>L'affili\u00e9 doit indemniser et d\u00e9gager de toute responsabilit\u00e9 TCMVET et ses soci\u00e9t\u00e9s affili\u00e9es et filiales, dirigeants, administrateurs, employ\u00e9s, licenci\u00e9s, successeurs et ayants droit, y compris ceux licenci\u00e9s ou autoris\u00e9s par TCMVET \u00e0 transmettre et distribuer des mat\u00e9riaux, de toute responsabilit\u00e9, dommages, amendes, jugements, r\u00e9clamations, co\u00fbts, pertes et d\u00e9penses (y compris les frais et co\u00fbts juridiques raisonnables) d\u00e9coulant de ou li\u00e9s \u00e0 toutes les r\u00e9clamations soutenues en lien avec cet Accord en raison de la n\u00e9gligence, de la fausse d\u00e9claration, du manquement \u00e0 divulguer ou de la faute intentionnelle de l'Affili\u00e9.<\/p>\n\t\n\n\t\n\t<h2 class=\"wp-block-heading\" id=\"electronic-signatures-effective\">Signatures \u00c9lectroniques Effectives<\/h2>\n\t\n\n\t\n\t\t<p>L'Accord est un contrat \u00e9lectronique qui d\u00e9finit les termes l\u00e9galement contraignants de votre participation au programme d'affiliation TCMVET.<\/p>","protected":false},"excerpt":{"rendered":"<p>As an authorized affiliate (Affiliate) of TCMVET, you agree to abide by the terms and conditions contained in this Agreement (Agreement). Please read the entire Agreement carefully before registering and promoting TCMVET as an Affiliate. Your participation in the Program is solely to legally advertise our website to receive a commission on memberships and products [&hellip;]<\/p>\n","protected":false},"author":1,"featured_media":0,"parent":0,"menu_order":0,"comment_status":"closed","ping_status":"closed","template":"","meta":{"_et_pb_use_builder":"","_et_pb_old_content":"","_et_gb_content_width":"1080","footnotes":""},"class_list":["post-20760","page","type-page","status-publish","hentry"],"jetpack-related-posts":[],"jetpack_sharing_enabled":true,"jetpack_likes_enabled":true,"_links":{"self":[{"href":"https:\/\/www.tcm-vet.com\/fr\/wp-json\/wp\/v2\/pages\/20760","targetHints":{"allow":["GET"]}}],"collection":[{"href":"https:\/\/www.tcm-vet.com\/fr\/wp-json\/wp\/v2\/pages"}],"about":[{"href":"https:\/\/www.tcm-vet.com\/fr\/wp-json\/wp\/v2\/types\/page"}],"author":[{"embeddable":true,"href":"https:\/\/www.tcm-vet.com\/fr\/wp-json\/wp\/v2\/users\/1"}],"replies":[{"embeddable":true,"href":"https:\/\/www.tcm-vet.com\/fr\/wp-json\/wp\/v2\/comments?post=20760"}],"version-history":[{"count":0,"href":"https:\/\/www.tcm-vet.com\/fr\/wp-json\/wp\/v2\/pages\/20760\/revisions"}],"wp:attachment":[{"href":"https:\/\/www.tcm-vet.com\/fr\/wp-json\/wp\/v2\/media?parent=20760"}],"curies":[{"name":"wp","href":"https:\/\/api.w.org\/{rel}","templated":true}]}}