{"id":20786,"date":"2025-10-20T07:29:11","date_gmt":"2025-10-20T07:29:11","guid":{"rendered":"https:\/\/www.tcm-vet.com\/?page_id=20786"},"modified":"2025-12-04T19:04:47","modified_gmt":"2025-12-04T19:04:47","slug":"inscription-daffilie","status":"publish","type":"page","link":"https:\/\/www.tcm-vet.com\/fr\/affiliate-registration\/","title":{"rendered":"affiliation-registration"},"content":{"rendered":"<form id=\"affwp-register-form-7500\" class=\"affwp-form affwp-register-form\" action=\"\" method=\"post\" data-trp-original-action=\"\">\n\t\n\t<fieldset>\n\t\t<legend>Enregistrer un nouveau compte d\u2019affiliation<\/legend>\n\n\t\t\n\t\t<p>\n\t\t\t<label for=\"affwp-user-name\">Votre nom<\/label>\n\t\t\t<input id=\"affwp-user-name\" type=\"text\" name=\"affwp_user_name\" value=\"\" title=\"Votre nom\"  required='required' \/>\n\t\t<\/p>\n\n\t\t<p>\n\t\t\t<label for=\"affwp-user-login\">Identifiant<\/label>\n\t\t\t<input id=\"affwp-user-login\" required=\"required\" type=\"text\" name=\"affwp_user_login\" maxlength=\"60\" value=\"\" title=\"Identifiant\" \/>\n\t\t<\/p>\n\n\t\t<p>\n\t\t\t<label for=\"affwp-user-email\">Email du compte<\/label>\n\t\t\t<input id=\"affwp-user-email\" required=\"required\" type=\"email\" name=\"affwp_user_email\" value=\"\" title=\"Adresse email\" \/>\n\t\t<\/p>\n\n\t\t<p>\n\t\t\t<label for=\"affwp-payment-email\">Email de paiement<\/label>\n\t\t\t<input id=\"affwp-payment-email\" type=\"email\" name=\"affwp_payment_email\" value=\"\" title=\"Adresse de messagerie de paiement\" \/>\n\t\t<\/p>\n\n\t\t<p>\n\t\t\t<label for=\"affwp-user-url\">URL du site<\/label>\n\t\t\t<input id=\"affwp-user-url\" type=\"text\" name=\"affwp_user_url\" value=\"\" title=\"URL du site\"  \/>\n\t\t<\/p>\n\n\t\t<p>\n\t\t\t<label for=\"affwp-promotion-method\">Comment planifiez-vous nous promouvoir?<\/label>\n\t\t\t<textarea id=\"affwp-promotion-method\" name=\"affwp_promotion_method\" rows=\"5\" cols=\"30\" required='required'><\/textarea>\n\t\t<\/p>\n\n\t\t\n\t\t\t<p>\n\t\t\t\t<label for=\"affwp-user-pass\">Mot de passe<\/label>\n\t\t\t\t<input id=\"affwp-user-pass\" required=\"required\" class=\"password\" type=\"password\" name=\"affwp_user_pass\" \/>\n\t\t\t<\/p>\n\n\t\t\t<p>\n\t\t\t\t<label for=\"affwp-user-pass2\">Confirmation du mot de passe<\/label>\n\t\t\t\t<input id=\"affwp-user-pass2\" required=\"required\" class=\"password\" type=\"password\" name=\"affwp_user_pass2\" \/>\n\t\t\t<\/p>\n\n\t\t\n\t\t\n\t\t\t\t\t\t\t<p>\n\t\t\t\t<label class=\"affwp-tos\" for=\"affwp-tos\">\n\t\t\t\t\t<input id=\"affwp-tos\" required=\"required\" type=\"checkbox\" name=\"affwp_tos\" \/>\n\t\t\t\t\t<a href=\"https:\/\/www.tcm-vet.com\/fr\/affiliate-terms-of-use\/\" target=\"_blank\">Acceptez nos Conditions d'utilisation et notre Politique de confidentialit\u00e9<\/a>\n\t\t\t\t<\/label>\n\t\t\t<\/p>\n\t\t\n\t\t\n\t\t<p>\n\t\t\t<input type=\"hidden\" name=\"affwp_honeypot\" value=\"\" \/>\n\t\t\t<input type=\"hidden\" name=\"affwp_redirect\" value=\"https:\/\/www.tcm-vet.com\/fr\/affiliate-login\/\"\/>\n\t\t\t<input type=\"hidden\" name=\"affwp_register_nonce\" value=\"fa79b75fde\" \/>\n\t\t\t<input type=\"hidden\" name=\"affwp_action\" value=\"affiliate_register\" \/>\n\n\t\t\t<input type=\"submit\" class=\"button\" value=\"Inscription\" \/>\t\t<\/p>\n\n\t\t\t<\/fieldset>\n\n\t<input type=\"hidden\" name=\"trp-form-language\" value=\"fr\"\/><\/form>","protected":false},"excerpt":{"rendered":"","protected":false},"author":1,"featured_media":0,"parent":0,"menu_order":0,"comment_status":"closed","ping_status":"closed","template":"","meta":{"_et_pb_use_builder":"off","_et_pb_old_content":"","_et_gb_content_width":"1080","footnotes":""},"class_list":["post-20786","page","type-page","status-publish","hentry"],"jetpack-related-posts":[{"id":20760,"url":"https:\/\/www.tcm-vet.com\/fr\/affiliate-terms-of-use\/","url_meta":{"origin":20786,"position":0},"title":"Conditions d'utilisation de l'affiliation","author":"TCMVET","date":"octobre 19, 2025","format":false,"excerpt":"En tant qu'affili\u00e9 autoris\u00e9 (Affili\u00e9) de TCMVET, vous acceptez de respecter les termes et conditions contenus dans cet Accord (Accord).","rel":"","context":"Article similaire","block_context":{"text":"Article similaire","link":""},"img":{"alt_text":"","src":"","width":0,"height":0},"classes":[]},{"id":20749,"url":"https:\/\/www.tcm-vet.com\/fr\/affiliate-area\/","url_meta":{"origin":20786,"position":1},"title":"Zone d'affiliation","author":"TCMVET","date":"octobre 19, 2025","format":false,"excerpt":"","rel":"","context":"Article similaire","block_context":{"text":"Article similaire","link":""},"img":{"alt_text":"","src":"","width":0,"height":0},"classes":[]},{"id":20750,"url":"https:\/\/www.tcm-vet.com\/fr\/affiliate-login\/","url_meta":{"origin":20786,"position":2},"title":"Connexion des affili\u00e9s","author":"TCMVET","date":"octobre 19, 2025","format":false,"excerpt":"","rel":"","context":"Article similaire","block_context":{"text":"Article similaire","link":""},"img":{"alt_text":"","src":"","width":0,"height":0},"classes":[]}],"jetpack_sharing_enabled":true,"jetpack_likes_enabled":true,"_links":{"self":[{"href":"https:\/\/www.tcm-vet.com\/fr\/wp-json\/wp\/v2\/pages\/20786","targetHints":{"allow":["GET"]}}],"collection":[{"href":"https:\/\/www.tcm-vet.com\/fr\/wp-json\/wp\/v2\/pages"}],"about":[{"href":"https:\/\/www.tcm-vet.com\/fr\/wp-json\/wp\/v2\/types\/page"}],"author":[{"embeddable":true,"href":"https:\/\/www.tcm-vet.com\/fr\/wp-json\/wp\/v2\/users\/1"}],"replies":[{"embeddable":true,"href":"https:\/\/www.tcm-vet.com\/fr\/wp-json\/wp\/v2\/comments?post=20786"}],"version-history":[{"count":0,"href":"https:\/\/www.tcm-vet.com\/fr\/wp-json\/wp\/v2\/pages\/20786\/revisions"}],"wp:attachment":[{"href":"https:\/\/www.tcm-vet.com\/fr\/wp-json\/wp\/v2\/media?parent=20786"}],"curies":[{"name":"wp","href":"https:\/\/api.w.org\/{rel}","templated":true}]}}