{"id":26816,"date":"2026-02-01T16:42:35","date_gmt":"2026-02-01T16:42:35","guid":{"rendered":"https:\/\/www.tcm-vet.com\/user-dashboard\/"},"modified":"2026-02-01T16:42:35","modified_gmt":"2026-02-01T16:42:35","slug":"tableau-de-bord-utilisateur","status":"publish","type":"page","link":"https:\/\/www.tcm-vet.com\/fr\/user-dashboard\/","title":{"rendered":"Tableau de bord utilisateur"},"content":{"rendered":"<p>[wpdm_user_dashboard]<\/p>\n","protected":false},"excerpt":{"rendered":"<p>[wpdm_user_dashboard]<\/p>\n","protected":false},"author":1,"featured_media":0,"parent":0,"menu_order":0,"comment_status":"closed","ping_status":"closed","template":"","meta":{"_et_pb_use_builder":"","_et_pb_old_content":"","_et_gb_content_width":"","footnotes":""},"class_list":["post-26816","page","type-page","status-publish","hentry"],"jetpack-related-posts":[{"id":3,"url":"https:\/\/www.tcm-vet.com\/fr\/privacy-policy\/","url_meta":{"origin":26816,"position":0},"title":"Politique de confidentialit\u00e9","author":"TCMVET","date":"octobre 7, 2022","format":false,"excerpt":"Qui nous sommesNotre site web est : https:\/\/www.tcm-vet.com. CommentairesLorsque un visiteur laisse un commentaire sur le site, nous collectons les donn\u00e9es affich\u00e9es dans le formulaire de commentaire,\u2026","rel":"","context":"Article similaire","block_context":{"text":"Article similaire","link":""},"img":{"alt_text":"","src":"","width":0,"height":0},"classes":[]},{"id":20760,"url":"https:\/\/www.tcm-vet.com\/fr\/affiliate-terms-of-use\/","url_meta":{"origin":26816,"position":1},"title":"Conditions d'utilisation de l'affiliation","author":"TCMVET","date":"octobre 19, 2025","format":false,"excerpt":"En tant qu'affili\u00e9 autoris\u00e9 (Affili\u00e9) de TCMVET, vous acceptez de respecter les termes et conditions contenus dans cet Accord (Accord).","rel":"","context":"Article similaire","block_context":{"text":"Article similaire","link":""},"img":{"alt_text":"","src":"","width":0,"height":0},"classes":[]},{"id":613,"url":"https:\/\/www.tcm-vet.com\/fr\/calculator\/","url_meta":{"origin":26816,"position":2},"title":"Calculatrice","author":"TCMVET","date":"octobre 18, 2022","format":false,"excerpt":"","rel":"","context":"Article similaire","block_context":{"text":"Article similaire","link":""},"img":{"alt_text":"","src":"","width":0,"height":0},"classes":[]}],"jetpack_sharing_enabled":true,"jetpack_likes_enabled":true,"_links":{"self":[{"href":"https:\/\/www.tcm-vet.com\/fr\/wp-json\/wp\/v2\/pages\/26816","targetHints":{"allow":["GET"]}}],"collection":[{"href":"https:\/\/www.tcm-vet.com\/fr\/wp-json\/wp\/v2\/pages"}],"about":[{"href":"https:\/\/www.tcm-vet.com\/fr\/wp-json\/wp\/v2\/types\/page"}],"author":[{"embeddable":true,"href":"https:\/\/www.tcm-vet.com\/fr\/wp-json\/wp\/v2\/users\/1"}],"replies":[{"embeddable":true,"href":"https:\/\/www.tcm-vet.com\/fr\/wp-json\/wp\/v2\/comments?post=26816"}],"version-history":[{"count":0,"href":"https:\/\/www.tcm-vet.com\/fr\/wp-json\/wp\/v2\/pages\/26816\/revisions"}],"wp:attachment":[{"href":"https:\/\/www.tcm-vet.com\/fr\/wp-json\/wp\/v2\/media?parent=26816"}],"curies":[{"name":"wp","href":"https:\/\/api.w.org\/{rel}","templated":true}]}}