{"id":26806,"date":"2026-02-01T11:41:00","date_gmt":"2026-02-01T11:41:00","guid":{"rendered":"https:\/\/www.tcm-vet.com\/?post_type=product&#038;p=26806"},"modified":"2026-04-26T01:26:51","modified_gmt":"2026-04-26T01:26:51","slug":"capsules-yunnan-baiyao-pour-animaux-de-compagnie-10-pack","status":"publish","type":"product","link":"https:\/\/www.tcm-vet.com\/fr\/product\/yunnan-baiyao-capsules-for-pets-10-pack\/","title":{"rendered":"Capsules de suppl\u00e9ment Yunnan Baiyao pour animaux de compagnie 10-Pack"},"content":{"rendered":"<p>Suppl\u00e9ment Yunnan Baiyao pour chiens<\/p>\n<p>Points forts du produit :<\/p>\n<p>\u2022 Meilleure vente et approuv\u00e9 par les propri\u00e9taires d'animaux<\/p>\n<p>\u2022 De Yunnan Baiyao, une marque chinoise traditionnelle bien connue et de confiance<\/p>\n<p>\u2022 Formulation traditionnelle \u00e0 base de plantes<\/p>\n<p>Pourquoi choisir ce produit :<\/p>\n<p>1. Exp\u00e9dition directe depuis la Chine<\/p>\n<p>Exp\u00e9di\u00e9 directement de Hong Kong \/ Chine continentale.<\/p>\n<p>2. Marque traditionnelle de confiance<\/p>\n<p>De Yunnan Baiyao, une marque chinoise traditionnelle bien connue et de confiance avec une longue r\u00e9putation.<\/p>\n<p>3. Approvisionnement pratique \u00e0 long terme<\/p>\n<p>L'emballage en ensemble de 10 bo\u00eetes aide \u00e0 simplifier la planification et assure la continuit\u00e9 sans commandes fr\u00e9quentes.<\/p>\n<p>Informations sur le produit :<\/p>\n<p>Type : Suppl\u00e9ment \u00e0 base de plantes<\/p>\n<p>Format : Capsules<\/p>\n<p>Force : 250 mg par capsule<\/p>\n<p>Taille de l'emballage : ensemble de 10 bo\u00eetes (16 capsules par bo\u00eete ; total de 160 capsules)<\/p>\n<p>Stockage :<\/p>\n<p>Conserver dans un endroit frais et sec.<\/p>\n<p>Pack de r\u00e9approvisionnement :<\/p>\n<p>Fournie sous forme d'ensemble de 10 bo\u00eetes pour la commodit\u00e9 et la continuit\u00e9 d'utilisation.<\/p>\n<p>Exp\u00e9dition et livraison :<\/p>\n<p>Exp\u00e9di\u00e9 depuis : Hong Kong \/ Chine continentale<\/p>\n<p>D\u00e9lai de livraison : 10 \u00e0 15 jours ouvrables<\/p>\n<p>Suivi : Num\u00e9ro de suivi international fourni.<\/p>\n<p>Production et qualit\u00e9 :<\/p>\n<p>Tous les articles sont fra\u00eechement produits avec une dur\u00e9e de conservation de 3 ans.<\/p>","protected":false},"excerpt":{"rendered":"<ul>\n<li><strong>Taille du paquet :<\/strong> 10 bo\u00eetes<\/li>\n<li><strong>Par bo\u00eete :<\/strong> 16 capsules + 1 pilule rouge \u201c d'urgence \u201d<\/li>\n<li><strong>Force :<\/strong> 250 mg (0,25 g) par capsule<\/li>\n<li><strong>Utiliser:<\/strong> Utilis\u00e9 couramment pour le soutien en cas de saignement selon les directives d'un v\u00e9t\u00e9rinaire<\/li>\n<\/ul>","protected":false},"featured_media":26876,"comment_status":"open","ping_status":"closed","template":"","meta":{"_et_pb_use_builder":"","_et_pb_old_content":"","_et_gb_content_width":""},"product_brand":[15360],"product_cat":[23],"product_tag":[15361,15363,15362],"class_list":{"0":"post-26806","1":"product","2":"type-product","3":"status-publish","4":"has-post-thumbnail","6":"product_brand-yunnan-baiyao","7":"product_cat-pet-vitamins-supplements","8":"product_tag-yunnan-baiyao","9":"product_tag-yunnan-baiyao-for-cats","10":"product_tag-yunnan-baiyao-for-dogs","11":"product_shipping_class-ynby","13":"first","14":"instock","15":"sale","16":"shipping-taxable","17":"purchasable","18":"product-type-simple"},"jetpack_sharing_enabled":false,"jetpack_likes_enabled":false,"jetpack-related-posts":[{"id":21151,"url":"https:\/\/www.tcm-vet.com\/fr\/product\/tcmvet-baituxiao-5-bottle-bundle\/","url_meta":{"origin":26806,"position":0},"title":"TCMVET Baituxiao \u2013 Compl\u00e9ment botanique naturel complet \u2013 Pack de 5 bouteilles (300 capsules)","author":"TCMVET","date":"novembre 23, 2025","format":false,"excerpt":"Un compl\u00e9ment alimentaire naturel \u00e0 base de plantes, con\u00e7u pour favoriser le bien-\u00eatre quotidien, la vitalit\u00e9 et l&#039;immunit\u00e9 des chiens et des chats, m\u00eame \u00e2g\u00e9s. Ce lot de 5 flacons contient 300 capsules faciles \u00e0 utiliser, \u00e9labor\u00e9es \u00e0 partir d&#039;ingr\u00e9dients v\u00e9g\u00e9taux traditionnels. Convient \u00e0 une utilisation r\u00e9guli\u00e8re et aux foyers avec plusieurs animaux.","rel":"","context":"Article similaire","block_context":{"text":"Article similaire","link":""},"img":{"alt_text":"","src":"https:\/\/i0.wp.com\/www.tcm-vet.com\/wp-content\/uploads\/2023\/06\/DSC00169.jpg?resize=350%2C200&ssl=1","width":350,"height":200,"srcset":"https:\/\/i0.wp.com\/www.tcm-vet.com\/wp-content\/uploads\/2023\/06\/DSC00169.jpg?resize=350%2C200&ssl=1 1x, https:\/\/i0.wp.com\/www.tcm-vet.com\/wp-content\/uploads\/2023\/06\/DSC00169.jpg?resize=525%2C300&ssl=1 1.5x, https:\/\/i0.wp.com\/www.tcm-vet.com\/wp-content\/uploads\/2023\/06\/DSC00169.jpg?resize=700%2C400&ssl=1 2x"},"classes":[]},{"id":23359,"url":"https:\/\/www.tcm-vet.com\/fr\/product\/tcmvet-baituxiao-10-bottle-bundle\/","url_meta":{"origin":26806,"position":1},"title":"TCMVET Baituxiao \u2013 Compl\u00e9ment botanique naturel complet \u2013 Pack de 10 bouteilles (600 capsules)","author":"TCMVET","date":"d\u00e9cembre 3, 2025","format":false,"excerpt":"Ce compl\u00e9ment herbal naturel est sp\u00e9cialement formul\u00e9 pour soutenir le bien-\u00eatre quotidien, la fonction immunitaire et la vitalit\u00e9.","rel":"","context":"Article similaire","block_context":{"text":"Article similaire","link":""},"img":{"alt_text":"","src":"https:\/\/i0.wp.com\/www.tcm-vet.com\/wp-content\/uploads\/2023\/06\/DSC00170.jpg?resize=350%2C200&ssl=1","width":350,"height":200,"srcset":"https:\/\/i0.wp.com\/www.tcm-vet.com\/wp-content\/uploads\/2023\/06\/DSC00170.jpg?resize=350%2C200&ssl=1 1x, https:\/\/i0.wp.com\/www.tcm-vet.com\/wp-content\/uploads\/2023\/06\/DSC00170.jpg?resize=525%2C300&ssl=1 1.5x, https:\/\/i0.wp.com\/www.tcm-vet.com\/wp-content\/uploads\/2023\/06\/DSC00170.jpg?resize=700%2C400&ssl=1 2x"},"classes":[]},{"id":23357,"url":"https:\/\/www.tcm-vet.com\/fr\/product\/tcmvet-baituxiao-for-cats-1-bottle\/","url_meta":{"origin":26806,"position":2},"title":"TCMVET Baituxiao pour chats \u2013 Compl\u00e9ment botanique naturel complet \u2013 Pack de 1 bouteille","author":"TCMVET","date":"d\u00e9cembre 3, 2025","format":false,"excerpt":"Ce suppl\u00e9ment herbal naturel est sp\u00e9cialement formul\u00e9 pour les chiens et les chats afin de soutenir le bien-\u00eatre quotidien, la fonction immunitaire et la vitalit\u00e9.","rel":"","context":"Article similaire","block_context":{"text":"Article similaire","link":""},"img":{"alt_text":"Baituxiaoshop","src":"https:\/\/i0.wp.com\/www.tcm-vet.com\/wp-content\/uploads\/2022\/11\/DSC00163.jpg?resize=350%2C200&ssl=1","width":350,"height":200,"srcset":"https:\/\/i0.wp.com\/www.tcm-vet.com\/wp-content\/uploads\/2022\/11\/DSC00163.jpg?resize=350%2C200&ssl=1 1x, https:\/\/i0.wp.com\/www.tcm-vet.com\/wp-content\/uploads\/2022\/11\/DSC00163.jpg?resize=525%2C300&ssl=1 1.5x, https:\/\/i0.wp.com\/www.tcm-vet.com\/wp-content\/uploads\/2022\/11\/DSC00163.jpg?resize=700%2C400&ssl=1 2x"},"classes":[]},{"id":1270,"url":"https:\/\/www.tcm-vet.com\/fr\/product\/baituxiao\/","url_meta":{"origin":26806,"position":3},"title":"Formule compl\u00e8te Baituxiao TCMVET","author":"TCMVET","date":"novembre 6, 2022","format":false,"excerpt":"Compl\u00e9ment alimentaire complet pour les tumeurs des chiens et des chats ; reishi, queue de dinde et des douzaines d'herbes m\u00e9lang\u00e9es.","rel":"","context":"Article similaire","block_context":{"text":"Article similaire","link":""},"img":{"alt_text":"Baituxiaoshop","src":"https:\/\/i0.wp.com\/www.tcm-vet.com\/wp-content\/uploads\/2022\/11\/DSC00163.jpg?resize=350%2C200&ssl=1","width":350,"height":200,"srcset":"https:\/\/i0.wp.com\/www.tcm-vet.com\/wp-content\/uploads\/2022\/11\/DSC00163.jpg?resize=350%2C200&ssl=1 1x, https:\/\/i0.wp.com\/www.tcm-vet.com\/wp-content\/uploads\/2022\/11\/DSC00163.jpg?resize=525%2C300&ssl=1 1.5x, https:\/\/i0.wp.com\/www.tcm-vet.com\/wp-content\/uploads\/2022\/11\/DSC00163.jpg?resize=700%2C400&ssl=1 2x"},"classes":[]}],"_links":{"self":[{"href":"https:\/\/www.tcm-vet.com\/fr\/wp-json\/wp\/v2\/product\/26806","targetHints":{"allow":["GET"]}}],"collection":[{"href":"https:\/\/www.tcm-vet.com\/fr\/wp-json\/wp\/v2\/product"}],"about":[{"href":"https:\/\/www.tcm-vet.com\/fr\/wp-json\/wp\/v2\/types\/product"}],"replies":[{"embeddable":true,"href":"https:\/\/www.tcm-vet.com\/fr\/wp-json\/wp\/v2\/comments?post=26806"}],"wp:featuredmedia":[{"embeddable":true,"href":"https:\/\/www.tcm-vet.com\/fr\/wp-json\/wp\/v2\/media\/26876"}],"wp:attachment":[{"href":"https:\/\/www.tcm-vet.com\/fr\/wp-json\/wp\/v2\/media?parent=26806"}],"wp:term":[{"taxonomy":"product_brand","embeddable":true,"href":"https:\/\/www.tcm-vet.com\/fr\/wp-json\/wp\/v2\/product_brand?post=26806"},{"taxonomy":"product_cat","embeddable":true,"href":"https:\/\/www.tcm-vet.com\/fr\/wp-json\/wp\/v2\/product_cat?post=26806"},{"taxonomy":"product_tag","embeddable":true,"href":"https:\/\/www.tcm-vet.com\/fr\/wp-json\/wp\/v2\/product_tag?post=26806"}],"curies":[{"name":"wp","href":"https:\/\/api.w.org\/{rel}","templated":true}]}}