{"id":20760,"date":"2025-10-19T19:23:55","date_gmt":"2025-10-19T19:23:55","guid":{"rendered":"https:\/\/www.tcm-vet.com\/?page_id=20760"},"modified":"2025-11-20T16:17:27","modified_gmt":"2025-11-20T16:17:27","slug":"termini-di-utilizzo-dellaffiliato","status":"publish","type":"page","link":"https:\/\/www.tcm-vet.com\/it\/affiliate-terms-of-use\/","title":{"rendered":"Termini di utilizzo degli affiliati"},"content":{"rendered":"<p>In qualit\u00e0 di affiliato autorizzato (Affiliato) di TCMVET, accetti di rispettare i termini e le condizioni contenuti in questo Accordo (Accordo). Ti preghiamo di leggere attentamente l'intero Accordo prima di registrarti e promuovere TCMVET come Affiliato.<\/p>\n\t\n\n\t\n\t\t<p>La tua partecipazione al Programma \u00e8 esclusivamente per pubblicizzare legalmente il nostro sito web per ricevere una commissione su abbonamenti e prodotti acquistati da individui riferiti a TCMVET dal tuo sito web o da riferimenti personali.<\/p>\n\t\n\n\t\n\t\t<p>Iscrivendoti al Programma Affiliati TCMVET (Programma), indichi la tua accettazione di questo Accordo e dei suoi termini e condizioni.<\/p>\n\t\n\n\t\n\t<h2 class=\"wp-block-heading\" id=\"approval-or-rejection\">Approvazione o Rifiuto della Domanda<\/h2>\n\t\n\n\t\n\t<p>Ci riserviamo il diritto di approvare o rifiutare QUALSIASI Domanda per il Programma Affiliati a nostra esclusiva e assoluta discrezione. Non avrai alcun ricorso legale contro di noi per il rifiuto della tua Domanda per il Programma Affiliati.<\/p>\n\t\n\n\t\n\t<h2 class=\"wp-block-heading\" id=\"commissions\">Commissioni<\/h2>\n\t\n\n\t\n\t<p>Le commissioni saranno pagate una volta al mese. Per un Affiliato per ricevere una commissione, l'account riferito deve rimanere attivo per un minimo di 31 giorni.<\/p>\n\t\n\n\t\n\t<p>Non puoi riferire te stesso e non riceverai una commissione sui tuoi stessi account.<\/p>\n\t\n\n\t\n\t<p>I pagamenti saranno inviati solo per transazioni che sono state completate con successo. Le transazioni che risultano in chargeback o rimborsi non saranno pagate.<\/p>\n\t\n\n\t\n\t<h2 class=\"wp-block-heading\" id=\"termination\">Risoluzione<\/h2>\n\t\n\n\t\n\t<p>La tua domanda da affiliato e lo stato nel Programma possono essere sospesi o terminati per uno dei seguenti motivi:<\/p>\n\t\n\n\t\n\t<ul class=\"wp-block-list\">\n\t\t<li>Pubblicit\u00e0 inappropriate (affermazioni false, collegamenti ipertestuali fuorvianti, ecc.).<\/li>\n\t\t<li>Spamming (email di massa, pubblicazione di massa su newsgroup, ecc.).<\/li>\n\t\t<li>Pubblicit\u00e0 su siti che contengono o promuovono attivit\u00e0 illegali.<\/li>\n\t\t<li>Mancata divulgazione della relazione di affiliazione per qualsiasi promozione che qualifica come un endorsement secondo le linee guida e i regolamenti esistenti della Federal Trade Commission, o qualsiasi legge statale applicabile.<\/li>\n\t\t\t\t<li>Violazione dei diritti di propriet\u00e0 intellettuale. TCMVET si riserva il diritto di richiedere accordi di licenza da coloro che utilizzano marchi di TCMVET per proteggere i nostri diritti di propriet\u00e0 intellettuale.<\/li>\n\t\t\t\t<li>Offrire rimborsi, coupon o altre forme di kick-back promessi dalla tua commissione di affiliazione come incentivo. Aggiungere bonus o raggruppare altri prodotti con TCMVET, tuttavia, \u00e8 accettabile.<\/li>\n\t\t<li>Auto-riferimenti, transazioni fraudolente, sospetta frode da Affiliato.<\/li>\n\t<\/ul>\n\t\n\n\t\n\t\t<p>In aggiunta a quanto sopra, TCMVET si riserva il diritto di terminare qualsiasi account Affiliato in qualsiasi momento, per qualsiasi violazione di questo Accordo o senza motivo.<\/p>\n\t\n\n\t\n\t<h2 class=\"wp-block-heading\" id=\"affiliate-links\">Link Affiliati<\/h2>\n\t\n\n\t\n\t\t<p>Puoi utilizzare collegamenti grafici e testuali sia sul tuo sito web che all'interno dei tuoi messaggi email. Puoi anche pubblicizzare il sito TCMVET in annunci classificati online e offline, riviste e giornali.<\/p>\n\t\n\n\t\n\t<p>Puoi utilizzare le grafiche e i testi forniti da noi, oppure puoi crearne di tuoi purch\u00e9 siano ritenuti appropriati secondo le condizioni e non in violazione come delineato nella sezione di Risoluzione.<\/p>\n\t\n\n\t\n\t<h2 class=\"wp-block-heading\" id=\"coupon-and-deal-sites\">Siti di Coupon e Offerte<\/h2>\n\t\n\n\t\n\t\t<p>TCMVET offre occasionalmente coupon a selezionati affiliati e ai nostri iscritti alla newsletter. Se non sei pre-approvato \/ assegnato un coupon di marca, allora non sei autorizzato a promuovere il coupon. Di seguito sono riportati i termini che si applicano a qualsiasi affiliato che sta considerando la promozione dei nostri prodotti in relazione a un'offerta o coupon:<\/p>\n\t\n\n\t\n\t<ul class=\"wp-block-list\">\n\t\t<li>Gli affiliati non possono utilizzare testi fuorvianti sui collegamenti affiliati, pulsanti o immagini per implicare che ci siano offerte autorizzate diverse da quelle attualmente autorizzate per l'affiliato specifico.<\/li>\n\t\t\t\t<li>Gli affiliati non possono fare offerte su Coupon TCMVET, Sconti TCMVET o altre frasi che implicano che i coupon siano disponibili.<\/li>\n\t\t<li>Gli affiliati non possono generare pop-up, pop-under, iframe, frame, o qualsiasi altra azione visibile o invisibile che imposti cookie affiliati a meno che l'utente non abbia espresso un chiaro e esplicito interesse ad attivare un risparmio specifico cliccando su un collegamento, pulsante o immagine chiaramente contrassegnati per quel particolare coupon o offerta. Il tuo collegamento deve inviare il visitatore al sito del commerciante.<\/li>\n\t\t<li>L'utente deve essere in grado di vedere informazioni e dettagli su coupon\/offerte\/risparmi prima che venga impostato un cookie affiliato (cio\u00e8 \u201cclicca qui per vedere i coupon e aprire una finestra sul sito del commerciante\u201d NON \u00e8 consentito).<\/li>\n\t\t<li>I siti affiliati non possono avere \u201cClicca per (o per vedere) Offerta\/Coupon\u201d o qualsiasi variazione, quando non ci sono coupon o offerte disponibili, e il clic apre il sito del commerciante o imposta un cookie. Gli affiliati con tale testo sulla pagina di atterraggio del commerciante saranno rimossi dal programma immediatamente.<\/li>\n\t<\/ul>\n\t\n\n\t\n\t<h2 class=\"wp-block-heading\" id=\"ppc-policy\">Politica Pay Per Click (PPC)<\/h2>\n\t\n\n\t\n\t<p>Le offerte PPC NON sono consentite senza previa autorizzazione scritta.<\/p>\n\t\n\n\t\n\t<h2 class=\"wp-block-heading\" id=\"liability\">Responsabilit\u00e0<\/h2>\n\t\n\n\t\n\t\t<p>TCMVET non sar\u00e0 responsabile per danni indiretti o accidentali (perdita di entrate, commissioni) a causa di fallimenti nel tracciamento degli affiliati, perdita di file di database, o qualsiasi risultato di intenti di danno al Programma e\/o ai nostri siti web.<\/p>\n\t\n\n\t\n\t\t<p>Non forniamo alcuna garanzia espressa o implicita riguardo al Programma e\/o alle iscrizioni o ai prodotti venduti da TCMVET. Non facciamo alcuna affermazione che il funzionamento del Programma e\/o dei nostri siti web sar\u00e0 privo di errori e non saremo responsabili per eventuali interruzioni o errori.<\/p>\n\t\n\n\t\n\t<h2 class=\"wp-block-heading\" id=\"term-of-agreement\">Durata dell'Accordo<\/h2>\n\t\n\n\t\n\t<p>La durata di questo Accordo inizia al momento della tua accettazione nel Programma e terminer\u00e0 quando il tuo account Affiliato sar\u00e0 terminato.<\/p>\n\t\n\n\t\n\t<p>I termini e le condizioni di questo accordo possono essere modificati da noi in qualsiasi momento. Se qualsiasi modifica ai termini e alle condizioni di questo Accordo \u00e8 inaccettabile per te, la tua unica scelta \u00e8 terminare il tuo account Affiliato. La tua continua partecipazione al Programma costituir\u00e0 la tua accettazione di qualsiasi cambiamento.<\/p>\n\t\n\n\t\n\t<h2 class=\"wp-block-heading\" id=\"indemnification\">Indennizzo<\/h2>\n\t\n\n\t\n\t\t<p>L'affiliato dovr\u00e0 indennizzare e tenere indenne TCMVET e le sue affiliate e societ\u00e0 controllate, funzionari, direttori, dipendenti, licenziatari, successori e assegnatari, inclusi quelli autorizzati o autorizzati da TCMVET a trasmettere e distribuire materiali, da qualsiasi e tutte le responsabilit\u00e0, danni, multe, sentenze, reclami, costi, perdite e spese (inclusi onorari e costi legali ragionevoli) derivanti da o relativi a qualsiasi e tutti i reclami sostenuti in relazione a questo Accordo a causa della negligenza, falsa rappresentazione, mancata divulgazione o cattiva condotta intenzionale dell'Affiliato.<\/p>\n\t\n\n\t\n\t<h2 class=\"wp-block-heading\" id=\"electronic-signatures-effective\">Efficacia delle Firme Elettroniche<\/h2>\n\t\n\n\t\n\t\t<p>L'Accordo \u00e8 un contratto elettronico che stabilisce i termini legalmente vincolanti della tua partecipazione al programma di affiliazione TCMVET.<\/p>","protected":false},"excerpt":{"rendered":"<p>As an authorized affiliate (Affiliate) of TCMVET, you agree to abide by the terms and conditions contained in this Agreement (Agreement). Please read the entire Agreement carefully before registering and promoting TCMVET as an Affiliate. Your participation in the Program is solely to legally advertise our website to receive a commission on memberships and products [&hellip;]<\/p>\n","protected":false},"author":1,"featured_media":0,"parent":0,"menu_order":0,"comment_status":"closed","ping_status":"closed","template":"","meta":{"_et_pb_use_builder":"","_et_pb_old_content":"","_et_gb_content_width":"1080","footnotes":""},"class_list":["post-20760","page","type-page","status-publish","hentry"],"jetpack-related-posts":[],"jetpack_sharing_enabled":true,"jetpack_likes_enabled":true,"_links":{"self":[{"href":"https:\/\/www.tcm-vet.com\/it\/wp-json\/wp\/v2\/pages\/20760","targetHints":{"allow":["GET"]}}],"collection":[{"href":"https:\/\/www.tcm-vet.com\/it\/wp-json\/wp\/v2\/pages"}],"about":[{"href":"https:\/\/www.tcm-vet.com\/it\/wp-json\/wp\/v2\/types\/page"}],"author":[{"embeddable":true,"href":"https:\/\/www.tcm-vet.com\/it\/wp-json\/wp\/v2\/users\/1"}],"replies":[{"embeddable":true,"href":"https:\/\/www.tcm-vet.com\/it\/wp-json\/wp\/v2\/comments?post=20760"}],"version-history":[{"count":0,"href":"https:\/\/www.tcm-vet.com\/it\/wp-json\/wp\/v2\/pages\/20760\/revisions"}],"wp:attachment":[{"href":"https:\/\/www.tcm-vet.com\/it\/wp-json\/wp\/v2\/media?parent=20760"}],"curies":[{"name":"parola chiave","href":"https:\/\/api.w.org\/{rel}","templated":true}]}}