{"id":17804,"date":"2025-01-05T17:44:29","date_gmt":"2025-01-05T17:44:29","guid":{"rendered":"https:\/\/www.tcm-vet.com\/newsletter\/"},"modified":"2025-11-20T16:18:21","modified_gmt":"2025-11-20T16:18:21","slug":"biuletyn-informacyjny","status":"publish","type":"page","link":"https:\/\/www.tcm-vet.com\/pl\/newsletter\/","title":{"rendered":"Newsletter"},"content":{"rendered":"<p>[newsletter]<\/p>\n","protected":false},"excerpt":{"rendered":"<p>[newsletter]<\/p>\n","protected":false},"author":1,"featured_media":0,"parent":0,"menu_order":0,"comment_status":"closed","ping_status":"closed","template":"","meta":{"_et_pb_use_builder":"","_et_pb_old_content":"","_et_gb_content_width":"","footnotes":""},"class_list":["post-17804","page","type-page","status-publish","hentry"],"jetpack-related-posts":[{"id":3,"url":"https:\/\/www.tcm-vet.com\/pl\/privacy-policy\/","url_meta":{"origin":17804,"position":0},"title":"Polityka prywatno\u015bci","author":"TCMVET","date":"7 pa\u017adziernika, 2022","format":false,"excerpt":"Kim jeste\u015bmyNasza strona internetowa to: https:\/\/www.tcm-vet.com. KomentarzeKiedy odwiedzaj\u0105cy zostawia komentarz na stronie, zbieramy dane wy\u015bwietlane w formularzu komentarza,\u2026","rel":"","context":"Podobny wpis","block_context":{"text":"Podobny wpis","link":""},"img":{"alt_text":"","src":"","width":0,"height":0},"classes":[]},{"id":20760,"url":"https:\/\/www.tcm-vet.com\/pl\/affiliate-terms-of-use\/","url_meta":{"origin":17804,"position":1},"title":"Warunki korzystania z programu partnerskiego","author":"TCMVET","date":"19 pa\u017adziernika, 2025","format":false,"excerpt":"Jako autoryzowany partner (Affiliate) TCMVET, zgadzasz si\u0119 przestrzega\u0107 warunk\u00f3w zawartych w tej Umowie (Agreement).","rel":"","context":"Podobny wpis","block_context":{"text":"Podobny wpis","link":""},"img":{"alt_text":"","src":"","width":0,"height":0},"classes":[]}],"jetpack_sharing_enabled":true,"jetpack_likes_enabled":true,"_links":{"self":[{"href":"https:\/\/www.tcm-vet.com\/pl\/wp-json\/wp\/v2\/pages\/17804","targetHints":{"allow":["GET"]}}],"collection":[{"href":"https:\/\/www.tcm-vet.com\/pl\/wp-json\/wp\/v2\/pages"}],"about":[{"href":"https:\/\/www.tcm-vet.com\/pl\/wp-json\/wp\/v2\/types\/page"}],"author":[{"embeddable":true,"href":"https:\/\/www.tcm-vet.com\/pl\/wp-json\/wp\/v2\/users\/1"}],"replies":[{"embeddable":true,"href":"https:\/\/www.tcm-vet.com\/pl\/wp-json\/wp\/v2\/comments?post=17804"}],"version-history":[{"count":0,"href":"https:\/\/www.tcm-vet.com\/pl\/wp-json\/wp\/v2\/pages\/17804\/revisions"}],"wp:attachment":[{"href":"https:\/\/www.tcm-vet.com\/pl\/wp-json\/wp\/v2\/media?parent=17804"}],"curies":[{"name":"wp","href":"https:\/\/api.w.org\/{rel}","templated":true}]}}