{"id":20749,"date":"2025-10-19T17:27:38","date_gmt":"2025-10-19T17:27:38","guid":{"rendered":"https:\/\/www.tcm-vet.com\/affiliate-area\/"},"modified":"2025-11-20T16:17:06","modified_gmt":"2025-11-20T16:17:06","slug":"obszar-afiliacyjny","status":"publish","type":"page","link":"https:\/\/www.tcm-vet.com\/pl\/affiliate-area\/","title":{"rendered":"Obszar partnerski"},"content":{"rendered":"<p class=\"affwp-notice\">Nie masz uprawnie\u0144 do przegl\u0105dania tej strony. Prosz\u0119 <a href=\"https:\/\/www.tcm-vet.com\/pl\/affiliate-login\/\">zalogowa\u0107 si\u0119<\/a> i spr\u00f3bowa\u0107 ponownie.<\/p>","protected":false},"excerpt":{"rendered":"","protected":false},"author":1,"featured_media":0,"parent":0,"menu_order":0,"comment_status":"closed","ping_status":"closed","template":"","meta":{"_et_pb_use_builder":"off","_et_pb_old_content":"<!-- wp:affiliatewp\/affiliate-area \/-->","_et_gb_content_width":"1080","footnotes":""},"class_list":["post-20749","page","type-page","status-publish","hentry"],"jetpack-related-posts":[{"id":26307,"url":"https:\/\/www.tcm-vet.com\/pl\/anal-sac-carcinoma-dogs\/","url_meta":{"origin":20749,"position":0},"title":"Nowotw\u00f3r gruczo\u0142u analnego u ps\u00f3w: objawy, diagnoza, leczenie i d\u0142ugoterminowe zarz\u0105dzanie","author":"TCMVET","date":"15 stycznia, 2026","format":false,"excerpt":"Strona g\u0142\u00f3wna \/ Guzy work\u00f3w analnych i rak work\u00f3w analnych u ps\u00f3w Guzy work\u00f3w analnych i rak work\u00f3w analnych u ps\u00f3w Przewodnik weterynaryjny oparty na dowodach dotycz\u0105cy objaw\u00f3w, diagnozy, stadi\u00f3w, opcji leczenia i d\u0142ugoterminowego zarz\u0105dzania dla w\u0142a\u015bcicieli zwierz\u0105t i zespo\u0142\u00f3w weterynaryjnych.","rel":"","context":"Podobny wpis","block_context":{"text":"Podobny wpis","link":""},"img":{"alt_text":"","src":"","width":0,"height":0},"classes":[]}],"jetpack_sharing_enabled":true,"jetpack_likes_enabled":true,"_links":{"self":[{"href":"https:\/\/www.tcm-vet.com\/pl\/wp-json\/wp\/v2\/pages\/20749","targetHints":{"allow":["GET"]}}],"collection":[{"href":"https:\/\/www.tcm-vet.com\/pl\/wp-json\/wp\/v2\/pages"}],"about":[{"href":"https:\/\/www.tcm-vet.com\/pl\/wp-json\/wp\/v2\/types\/page"}],"author":[{"embeddable":true,"href":"https:\/\/www.tcm-vet.com\/pl\/wp-json\/wp\/v2\/users\/1"}],"replies":[{"embeddable":true,"href":"https:\/\/www.tcm-vet.com\/pl\/wp-json\/wp\/v2\/comments?post=20749"}],"version-history":[{"count":0,"href":"https:\/\/www.tcm-vet.com\/pl\/wp-json\/wp\/v2\/pages\/20749\/revisions"}],"wp:attachment":[{"href":"https:\/\/www.tcm-vet.com\/pl\/wp-json\/wp\/v2\/media?parent=20749"}],"curies":[{"name":"wp","href":"https:\/\/api.w.org\/{rel}","templated":true}]}}