{"id":20760,"date":"2025-10-19T19:23:55","date_gmt":"2025-10-19T19:23:55","guid":{"rendered":"https:\/\/www.tcm-vet.com\/?page_id=20760"},"modified":"2025-11-20T16:17:27","modified_gmt":"2025-11-20T16:17:27","slug":"warunki-korzystania-z-programu-partnerskiego","status":"publish","type":"page","link":"https:\/\/www.tcm-vet.com\/pl\/affiliate-terms-of-use\/","title":{"rendered":"Warunki korzystania z programu partnerskiego"},"content":{"rendered":"<p>Jako autoryzowany partner (Affiliate) TCMVET, zgadzasz si\u0119 przestrzega\u0107 warunk\u00f3w zawartych w tej Umowie (Agreement). Prosz\u0119 dok\u0142adnie przeczyta\u0107 ca\u0142\u0105 Umow\u0119 przed zarejestrowaniem si\u0119 i promowaniem TCMVET jako Partner.<\/p>\n\t\n\n\t\n\t\t<p>Twoje uczestnictwo w Programie ma na celu wy\u0142\u0105cznie legalne reklamowanie naszej strony internetowej w celu uzyskania prowizji od cz\u0142onkostw i produkt\u00f3w zakupionych przez osoby skierowane do TCMVET przez Twoj\u0105 w\u0142asn\u0105 stron\u0119 internetow\u0105 lub osobiste polecenia.<\/p>\n\t\n\n\t\n\t\t<p>Rejestruj\u0105c si\u0119 w Programie Partnerskim TCMVET (Program), wskazujesz na akceptacj\u0119 tej Umowy oraz jej warunk\u00f3w.<\/p>\n\t\n\n\t\n\t<h2 class=\"wp-block-heading\" id=\"approval-or-rejection\">Zatwierdzenie lub Odrzucenie Wniosku<\/h2>\n\t\n\n\t\n\t<p>Zastrzegamy sobie prawo do zatwierdzenia lub odrzucenia DOWOLNEGO Wniosku o Program Partnerski wed\u0142ug naszego wy\u0142\u0105cznego i absolutnego uznania. Nie b\u0119dziesz mia\u0142 \u017cadnych roszcze\u0144 prawnych przeciwko nam w przypadku odrzucenia Twojego Wniosku o Program Partnerski.<\/p>\n\t\n\n\t\n\t<h2 class=\"wp-block-heading\" id=\"commissions\">Prowizje<\/h2>\n\t\n\n\t\n\t<p>Prowizje b\u0119d\u0105 wyp\u0142acane raz w miesi\u0105cu. Aby Partner m\u00f3g\u0142 otrzyma\u0107 prowizj\u0119, skierowane konto musi pozosta\u0107 aktywne przez minimum 31 dni.<\/p>\n\t\n\n\t\n\t<p>Nie mo\u017cesz poleca\u0107 samego siebie i nie otrzymasz prowizji za w\u0142asne konta.<\/p>\n\t\n\n\t\n\t<p>P\u0142atno\u015bci b\u0119d\u0105 wysy\u0142ane tylko za transakcje, kt\u00f3re zosta\u0142y pomy\u015blnie zako\u0144czone. Transakcje, kt\u00f3re skutkuj\u0105 zwrotami lub reklamacjami, nie b\u0119d\u0105 wyp\u0142acane.<\/p>\n\t\n\n\t\n\t<h2 class=\"wp-block-heading\" id=\"termination\">Zako\u0144czenie<\/h2>\n\t\n\n\t\n\t<p>Tw\u00f3j wniosek partnerski i status w Programie mog\u0105 by\u0107 zawieszone lub zako\u0144czone z dowolnego z nast\u0119puj\u0105cych powod\u00f3w:<\/p>\n\t\n\n\t\n\t<ul class=\"wp-block-list\">\n\t\t<li>Niew\u0142a\u015bciwe reklamy (fa\u0142szywe twierdzenia, wprowadzaj\u0105ce w b\u0142\u0105d hiperlinki itp.).<\/li>\n\t\t<li>Spamowanie (masowa wysy\u0142ka e-maili, masowe publikowanie w grupach dyskusyjnych itp.).<\/li>\n\t\t<li>Reklamowanie na stronach zawieraj\u0105cych lub promuj\u0105cych nielegalne dzia\u0142ania.<\/li>\n\t\t<li>Nieujawnienie relacji partnerskiej w przypadku jakiejkolwiek promocji, kt\u00f3ra kwalifikuje si\u0119 jako poparcie zgodnie z obowi\u0105zuj\u0105cymi wytycznymi i regulacjami Federalnej Komisji Handlu lub jakimikolwiek obowi\u0105zuj\u0105cymi przepisami stanowymi.<\/li>\n\t\t\t\t<li>Naruszenie praw w\u0142asno\u015bci intelektualnej. TCMVET zastrzega sobie prawo do wymagania um\u00f3w licencyjnych od tych, kt\u00f3rzy u\u017cywaj\u0105 znak\u00f3w towarowych TCMVET w celu ochrony naszych praw w\u0142asno\u015bci intelektualnej.<\/li>\n\t\t\t\t<li>Oferowanie rabat\u00f3w, kupon\u00f3w lub innej formy obiecanych zwrot\u00f3w z Twojej prowizji partnerskiej jako zach\u0119ty. Dodawanie bonus\u00f3w lub pakietowanie innych produkt\u00f3w z TCMVET jest jednak akceptowalne.<\/li>\n\t\t<li>Samopolecenia, oszuka\u0144cze transakcje, podejrzane oszustwa partnerskie.<\/li>\n\t<\/ul>\n\t\n\n\t\n\t\t<p>Opr\u00f3cz powy\u017cszego, TCMVET zastrzega sobie prawo do zako\u0144czenia dowolnego konta Partnerskiego w dowolnym momencie, z dowolnych powod\u00f3w naruszenia tej Umowy lub bez powodu.<\/p>\n\t\n\n\t\n\t<h2 class=\"wp-block-heading\" id=\"affiliate-links\">Linki Partnerskie<\/h2>\n\t\n\n\t\n\t\t<p>Mo\u017cesz u\u017cywa\u0107 link\u00f3w graficznych i tekstowych zar\u00f3wno na swojej stronie internetowej, jak i w wiadomo\u015bciach e-mail. Mo\u017cesz r\u00f3wnie\u017c reklamowa\u0107 stron\u0119 TCMVET w og\u0142oszeniach klasyfikowanych online i offline, w magazynach i gazetach.<\/p>\n\t\n\n\t\n\t<p>Mo\u017cesz u\u017cywa\u0107 grafik i tekst\u00f3w dostarczonych przez nas lub mo\u017cesz stworzy\u0107 w\u0142asne, o ile s\u0105 uznawane za odpowiednie zgodnie z warunkami i nie naruszaj\u0105 zasad okre\u015blonych w sekcji Zako\u0144czenie.<\/p>\n\t\n\n\t\n\t<h2 class=\"wp-block-heading\" id=\"coupon-and-deal-sites\">Strony z kuponami i ofertami<\/h2>\n\t\n\n\t\n\t\t<p>TCMVET od czasu do czasu oferuje kupony wybranym partnerom i subskrybentom naszego newslettera. Je\u015bli nie masz wcze\u015bniejszej zgody \/ nie przydzielono ci markowego kuponu, nie masz prawa do promowania kuponu. Poni\u017cej znajduj\u0105 si\u0119 warunki, kt\u00f3re maj\u0105 zastosowanie do ka\u017cdego partnera, kt\u00f3ry rozwa\u017ca promocj\u0119 naszych produkt\u00f3w w zwi\u0105zku z ofert\u0105 lub kuponem:<\/p>\n\t\n\n\t\n\t<ul class=\"wp-block-list\">\n\t\t<li>Partnerzy nie mog\u0105 u\u017cywa\u0107 wprowadzaj\u0105cych w b\u0142\u0105d tekst\u00f3w na linkach partnerskich, przyciskach lub obrazach, aby sugerowa\u0107, \u017ce cokolwiek poza aktualnie autoryzowanymi ofertami dla konkretnego partnera.<\/li>\n\t\t\t\t<li>Partnerzy nie mog\u0105 licytowa\u0107 na kupony TCMVET, zni\u017cki TCMVET ani innych fraz sugeruj\u0105cych, \u017ce kupony s\u0105 dost\u0119pne.<\/li>\n\t\t<li>Partnerzy nie mog\u0105 generowa\u0107 wyskakuj\u0105cych okienek, okienek pod spodem, iframe'\u00f3w, ramek ani \u017cadnych innych widocznych lub niewidocznych dzia\u0142a\u0144, kt\u00f3re ustawiaj\u0105 pliki cookie partner\u00f3w, chyba \u017ce u\u017cytkownik wyrazi\u0142 wyra\u017ane i jednoznaczne zainteresowanie aktywowaniem konkretnej oszcz\u0119dno\u015bci, klikaj\u0105c w wyra\u017anie oznaczony link, przycisk lub obraz dla danego kuponu lub oferty. Tw\u00f3j link musi kierowa\u0107 odwiedzaj\u0105cego na stron\u0119 sprzedawcy.<\/li>\n\t\t<li>U\u017cytkownik musi mie\u0107 mo\u017cliwo\u015b\u0107 zobaczenia informacji i szczeg\u00f3\u0142\u00f3w dotycz\u0105cych kuponu\/oferty\/oszcz\u0119dno\u015bci przed ustawieniem pliku cookie partnera (tj. \u201ckliknij tutaj, aby zobaczy\u0107 kupony i otworzy\u0107 okno do strony sprzedawcy\u201d jest ZABRONIONE).<\/li>\n\t\t<li>Strony partnerskie nie mog\u0105 mie\u0107 \u201cKliknij, aby zobaczy\u0107 ofert\u0119\/kupon\u201d ani \u017cadnej wariacji, gdy nie ma dost\u0119pnych kupon\u00f3w lub ofert, a klikni\u0119cie otwiera stron\u0119 sprzedawcy lub ustawia plik cookie. Partnerzy z takim tekstem na stronie docelowej sprzedawcy zostan\u0105 natychmiast usuni\u0119ci z programu.<\/li>\n\t<\/ul>\n\t\n\n\t\n\t<h2 class=\"wp-block-heading\" id=\"ppc-policy\">Polityka P\u0142atno\u015bci za Klikni\u0119cie (PPC)<\/h2>\n\t\n\n\t\n\t<p>Licytacja PPC NIE jest dozwolona bez wcze\u015bniejszej pisemnej zgody.<\/p>\n\t\n\n\t\n\t<h2 class=\"wp-block-heading\" id=\"liability\">Odpowiedzialno\u015b\u0107<\/h2>\n\t\n\n\t\n\t\t<p>TCMVET nie ponosi odpowiedzialno\u015bci za po\u015brednie lub przypadkowe szkody (utrata przychod\u00f3w, prowizji) z powodu awarii \u015bledzenia partner\u00f3w, utraty plik\u00f3w bazy danych lub jakichkolwiek skutk\u00f3w zamiar\u00f3w szkody dla Programu i\/lub naszych stron internetowych.<\/p>\n\t\n\n\t\n\t\t<p>Nie udzielamy \u017cadnych wyra\u017anych ani dorozumianych gwarancji dotycz\u0105cych Programu i\/lub cz\u0142onkostw lub produkt\u00f3w sprzedawanych przez TCMVET. Nie twierdzimy, \u017ce dzia\u0142anie Programu i\/lub naszych stron internetowych b\u0119dzie wolne od b\u0142\u0119d\u00f3w i nie ponosimy odpowiedzialno\u015bci za jakiekolwiek przerwy lub b\u0142\u0119dy.<\/p>\n\t\n\n\t\n\t<h2 class=\"wp-block-heading\" id=\"term-of-agreement\">Czas trwania Umowy<\/h2>\n\t\n\n\t\n\t<p>Czas trwania niniejszej Umowy rozpoczyna si\u0119 w momencie zaakceptowania przez Ciebie Programu i ko\u0144czy si\u0119, gdy Twoje konto partnerskie zostanie rozwi\u0105zane.<\/p>\n\t\n\n\t\n\t<p>Warunki i zasady tej umowy mog\u0105 by\u0107 przez nas modyfikowane w dowolnym momencie. Je\u015bli jakiekolwiek zmiany w warunkach i zasadach tej Umowy s\u0105 dla Ciebie nieakceptowalne, jedynym wyborem jest rozwi\u0105zanie swojego konta partnerskiego. Twoje dalsze uczestnictwo w Programie b\u0119dzie stanowi\u0107 Twoj\u0105 akceptacj\u0119 jakiejkolwiek zmiany.<\/p>\n\t\n\n\t\n\t<h2 class=\"wp-block-heading\" id=\"indemnification\">Odszkodowanie<\/h2>\n\t\n\n\t\n\t\t<p>Partner zobowi\u0105zuje si\u0119 do odszkodowania i ochrony TCMVET oraz jego sp\u00f3\u0142ek stowarzyszonych i zale\u017cnych, pracownik\u00f3w, dyrektor\u00f3w, pracownik\u00f3w, licencjobiorc\u00f3w, nast\u0119pc\u00f3w i cesjonariuszy, w tym tych, kt\u00f3rzy s\u0105 licencjonowani lub upowa\u017cnieni przez TCMVET do przesy\u0142ania i dystrybucji materia\u0142\u00f3w, od wszelkich i wszystkich zobowi\u0105za\u0144, szk\u00f3d, grzywien, wyrok\u00f3w, roszcze\u0144, koszt\u00f3w, strat i wydatk\u00f3w (w tym rozs\u0105dnych op\u0142at i koszt\u00f3w prawnych) wynikaj\u0105cych z lub zwi\u0105zanych z wszelkimi roszczeniami zg\u0142oszonymi w zwi\u0105zku z niniejsz\u0105 Umow\u0105 z powodu zaniedbania, wprowadzenia w b\u0142\u0105d, braku ujawnienia lub umy\u015blnego niew\u0142a\u015bciwego post\u0119powania Partnera.<\/p>\n\t\n\n\t\n\t<h2 class=\"wp-block-heading\" id=\"electronic-signatures-effective\">Skuteczno\u015b\u0107 podpis\u00f3w elektronicznych<\/h2>\n\t\n\n\t\n\t\t<p>Umowa jest elektronicznym kontraktem, kt\u00f3ry okre\u015bla prawnie wi\u0105\u017c\u0105ce warunki Twojego uczestnictwa w programie partnerskim TCMVET.<\/p>","protected":false},"excerpt":{"rendered":"<p>As an authorized affiliate (Affiliate) of TCMVET, you agree to abide by the terms and conditions contained in this Agreement (Agreement). Please read the entire Agreement carefully before registering and promoting TCMVET as an Affiliate. Your participation in the Program is solely to legally advertise our website to receive a commission on memberships and products [&hellip;]<\/p>\n","protected":false},"author":1,"featured_media":0,"parent":0,"menu_order":0,"comment_status":"closed","ping_status":"closed","template":"","meta":{"_et_pb_use_builder":"","_et_pb_old_content":"","_et_gb_content_width":"1080","footnotes":""},"class_list":["post-20760","page","type-page","status-publish","hentry"],"jetpack-related-posts":[],"jetpack_sharing_enabled":true,"jetpack_likes_enabled":true,"_links":{"self":[{"href":"https:\/\/www.tcm-vet.com\/pl\/wp-json\/wp\/v2\/pages\/20760","targetHints":{"allow":["GET"]}}],"collection":[{"href":"https:\/\/www.tcm-vet.com\/pl\/wp-json\/wp\/v2\/pages"}],"about":[{"href":"https:\/\/www.tcm-vet.com\/pl\/wp-json\/wp\/v2\/types\/page"}],"author":[{"embeddable":true,"href":"https:\/\/www.tcm-vet.com\/pl\/wp-json\/wp\/v2\/users\/1"}],"replies":[{"embeddable":true,"href":"https:\/\/www.tcm-vet.com\/pl\/wp-json\/wp\/v2\/comments?post=20760"}],"version-history":[{"count":0,"href":"https:\/\/www.tcm-vet.com\/pl\/wp-json\/wp\/v2\/pages\/20760\/revisions"}],"wp:attachment":[{"href":"https:\/\/www.tcm-vet.com\/pl\/wp-json\/wp\/v2\/media?parent=20760"}],"curies":[{"name":"wp","href":"https:\/\/api.w.org\/{rel}","templated":true}]}}