{"id":4352,"date":"2024-05-25T11:56:17","date_gmt":"2024-05-25T11:56:17","guid":{"rendered":"https:\/\/www.tcm-vet.com\/booking-page\/"},"modified":"2025-11-20T16:17:50","modified_gmt":"2025-11-20T16:17:50","slug":"strona-rezerwacji","status":"publish","type":"page","link":"https:\/\/www.tcm-vet.com\/pl\/booking-page\/","title":{"rendered":"Booking"},"content":{"rendered":"<p>[wap_widget title=&#8221;Book now&#8221; popup ]<\/p>\n","protected":false},"excerpt":{"rendered":"","protected":false},"author":1,"featured_media":0,"parent":0,"menu_order":0,"comment_status":"closed","ping_status":"closed","template":"","meta":{"_et_pb_use_builder":"","_et_pb_old_content":"","_et_gb_content_width":"","footnotes":""},"class_list":["post-4352","page","type-page","status-publish","hentry"],"jetpack-related-posts":[{"id":613,"url":"https:\/\/www.tcm-vet.com\/pl\/calculator\/","url_meta":{"origin":4352,"position":0},"title":"Kalkulator","author":"TCMVET","date":"18 pa\u017adziernika, 2022","format":false,"excerpt":"Mo\u017cliwe jest prze\u0142\u0105czanie si\u0119 mi\u0119dzy dwoma trybami, wybierz; aby dopasowa\u0107 spos\u00f3b, w jaki to\u2026","rel":"","context":"Podobny wpis","block_context":{"text":"Podobny wpis","link":""},"img":{"alt_text":"","src":"","width":0,"height":0},"classes":[]},{"id":26958,"url":"https:\/\/www.tcm-vet.com\/pl\/store\/","url_meta":{"origin":4352,"position":1},"title":"sklep","author":"TCMVET","date":"6 lutego, 2026","format":false,"excerpt":"","rel":"","context":"Podobny wpis","block_context":{"text":"Podobny wpis","link":""},"img":{"alt_text":"","src":"","width":0,"height":0},"classes":[]},{"id":26547,"url":"https:\/\/www.tcm-vet.com\/pl\/the-guardian-project\/","url_meta":{"origin":4352,"position":2},"title":"Projekt Guardian","author":"TCMVET","date":"25 stycznia, 2026","format":false,"excerpt":"","rel":"","context":"Podobny wpis","block_context":{"text":"Podobny wpis","link":""},"img":{"alt_text":"","src":"","width":0,"height":0},"classes":[]},{"id":26726,"url":"https:\/\/www.tcm-vet.com\/pl\/yang-daily-care-plan-for-dogs\/","url_meta":{"origin":4352,"position":3},"title":"Plan codziennej opieki Yang dla ps\u00f3w","author":"TCMVET","date":"30 stycznia, 2026","format":false,"excerpt":"","rel":"","context":"Podobny wpis","block_context":{"text":"Podobny wpis","link":""},"img":{"alt_text":"","src":"","width":0,"height":0},"classes":[]},{"id":63,"url":"https:\/\/www.tcm-vet.com\/pl\/product\/","url_meta":{"origin":4352,"position":4},"title":"Produkt","author":"TCMVET","date":"7 pa\u017adziernika, 2022","format":false,"excerpt":"","rel":"","context":"Podobny wpis","block_context":{"text":"Podobny wpis","link":""},"img":{"alt_text":"","src":"","width":0,"height":0},"classes":[]},{"id":478,"url":"https:\/\/www.tcm-vet.com\/pl\/terms-of-service\/","url_meta":{"origin":4352,"position":5},"title":"Warunki korzystania z us\u0142ugi","author":"TCMVET","date":"13 pa\u017adziernika, 2022","format":false,"excerpt":"","rel":"","context":"Podobny wpis","block_context":{"text":"Podobny wpis","link":""},"img":{"alt_text":"","src":"","width":0,"height":0},"classes":[]}],"jetpack_sharing_enabled":true,"jetpack_likes_enabled":true,"_links":{"self":[{"href":"https:\/\/www.tcm-vet.com\/pl\/wp-json\/wp\/v2\/pages\/4352","targetHints":{"allow":["GET"]}}],"collection":[{"href":"https:\/\/www.tcm-vet.com\/pl\/wp-json\/wp\/v2\/pages"}],"about":[{"href":"https:\/\/www.tcm-vet.com\/pl\/wp-json\/wp\/v2\/types\/page"}],"author":[{"embeddable":true,"href":"https:\/\/www.tcm-vet.com\/pl\/wp-json\/wp\/v2\/users\/1"}],"replies":[{"embeddable":true,"href":"https:\/\/www.tcm-vet.com\/pl\/wp-json\/wp\/v2\/comments?post=4352"}],"version-history":[{"count":0,"href":"https:\/\/www.tcm-vet.com\/pl\/wp-json\/wp\/v2\/pages\/4352\/revisions"}],"wp:attachment":[{"href":"https:\/\/www.tcm-vet.com\/pl\/wp-json\/wp\/v2\/media?parent=4352"}],"curies":[{"name":"wp","href":"https:\/\/api.w.org\/{rel}","templated":true}]}}