{"id":26806,"date":"2026-02-01T11:41:00","date_gmt":"2026-02-01T11:41:00","guid":{"rendered":"https:\/\/www.tcm-vet.com\/?post_type=product&#038;p=26806"},"modified":"2026-04-26T01:26:51","modified_gmt":"2026-04-26T01:26:51","slug":"kapsulki-yunnan-baiyao-dla-zwierzat-10-sztuk","status":"publish","type":"product","link":"https:\/\/www.tcm-vet.com\/pl\/product\/yunnan-baiyao-capsules-for-pets-10-pack\/","title":{"rendered":"Kapsu\u0142ki suplementu Yunnan Baiyao dla zwierz\u0105t domowych 10-sztuk"},"content":{"rendered":"<p>Suplement Yunnan Baiyao dla ps\u00f3w<\/p>\n<p>Najwa\u017cniejsze cechy produktu:<\/p>\n<p>\u2022 Najlepiej sprzedaj\u0105cy si\u0119 i zaufany przez w\u0142a\u015bcicieli zwierz\u0105t<\/p>\n<p>\u2022 Z Yunnan Baiyao, znanej i zaufanej tradycyjnej chi\u0144skiej marki<\/p>\n<p>\u2022 Tradycyjna formu\u0142a oparta na zio\u0142ach<\/p>\n<p>Dlaczego warto wybra\u0107 ten produkt:<\/p>\n<p>1. Bezpo\u015brednia wysy\u0142ka z Chin<\/p>\n<p>Wysy\u0142ane bezpo\u015brednio z Hongkongu \/ Chin kontynentalnych.<\/p>\n<p>2. Zaufana tradycyjna marka<\/p>\n<p>Z Yunnan Baiyao, znanej i zaufanej tradycyjnej chi\u0144skiej marki o d\u0142ugotrwa\u0142ej reputacji.<\/p>\n<p>3. Wygodne d\u0142ugoterminowe zaopatrzenie<\/p>\n<p>Opakowanie w zestawie 10 pude\u0142ek u\u0142atwia planowanie i zapewnia ci\u0105g\u0142o\u015b\u0107 bez cz\u0119stego ponownego zamawiania.<\/p>\n<p>Informacje o produkcie:<\/p>\n<p>Typ: Suplement zio\u0142owy<\/p>\n<p>Format: Kapsu\u0142ki<\/p>\n<p>Si\u0142a: 250 mg na kapsu\u0142k\u0119<\/p>\n<p>Rozmiar opakowania: zestaw 10 pude\u0142ek (16 kapsu\u0142ek na pude\u0142ko; \u0142\u0105cznie 160 kapsu\u0142ek)<\/p>\n<p>Przechowywanie:<\/p>\n<p>Przechowywa\u0107 w ch\u0142odnym, suchym miejscu.<\/p>\n<p>Zestaw na zapas:<\/p>\n<p>Dostarczany jako zestaw 10 pude\u0142ek dla wygody i ci\u0105g\u0142o\u015bci u\u017cytkowania.<\/p>\n<p>Wysy\u0142ka i dostawa:<\/p>\n<p>Wysy\u0142ka z: Hongkong \/ Chiny kontynentalne<\/p>\n<p>Czas dostawy: 10\u201315 dni roboczych<\/p>\n<p>\u015aledzenie: Podany mi\u0119dzynarodowy numer \u015bledzenia.<\/p>\n<p>Produkcja i jako\u015b\u0107:<\/p>\n<p>Wszystkie przedmioty s\u0105 \u015bwie\u017co wyprodukowane z okresem przydatno\u015bci do u\u017cycia wynosz\u0105cym 3 lata.<\/p>","protected":false},"excerpt":{"rendered":"<ul>\n<li><strong>Rozmiar opakowania:<\/strong> 10 pude\u0142ek<\/li>\n<li><strong>Na pude\u0142ko:<\/strong> 16 kapsu\u0142ek + 1 czerwona tabletka \u201cawaryjna\u201d<\/li>\n<li><strong>Si\u0142a:<\/strong> 250 mg (0,25 g) na kapsu\u0142k\u0119<\/li>\n<li><strong>U\u017cywa\u0107:<\/strong> Powszechnie stosowane w celu wsparcia krwawienia zgodnie z zaleceniami weterynarza<\/li>\n<\/ul>","protected":false},"featured_media":26876,"comment_status":"open","ping_status":"closed","template":"","meta":{"_et_pb_use_builder":"","_et_pb_old_content":"","_et_gb_content_width":""},"product_brand":[15360],"product_cat":[23],"product_tag":[15361,15363,15362],"class_list":{"0":"post-26806","1":"product","2":"type-product","3":"status-publish","4":"has-post-thumbnail","6":"product_brand-yunnan-baiyao","7":"product_cat-pet-vitamins-supplements","8":"product_tag-yunnan-baiyao","9":"product_tag-yunnan-baiyao-for-cats","10":"product_tag-yunnan-baiyao-for-dogs","11":"product_shipping_class-ynby","13":"first","14":"instock","15":"sale","16":"shipping-taxable","17":"purchasable","18":"product-type-simple"},"jetpack_sharing_enabled":false,"jetpack_likes_enabled":false,"jetpack-related-posts":[{"id":21151,"url":"https:\/\/www.tcm-vet.com\/pl\/product\/tcmvet-baituxiao-5-bottle-bundle\/","url_meta":{"origin":26806,"position":0},"title":"TCMVET Baituxiao \u2013 Kompleksowy naturalny suplement botaniczny \u2013 Zestaw 5 butelek (300 kapsu\u0142ek)","author":"TCMVET","date":"23 listopada, 2025","format":false,"excerpt":"Naturalny suplement zio\u0142owy opracowany z my\u015bl\u0105 o codziennym wspieraniu dobrego samopoczucia, witalno\u015bci i odporno\u015bci ps\u00f3w i kot\u00f3w, w tym senior\u00f3w. Ten zestaw 5 butelek zawiera 300 \u0142atwych w u\u017cyciu kapsu\u0142ek, wyprodukowanych z tradycyjnych sk\u0142adnik\u00f3w zio\u0142owych. Nadaje si\u0119 do d\u0142ugotrwa\u0142ej opieki i gospodarstw domowych z wieloma zwierz\u0119tami.","rel":"","context":"Podobny wpis","block_context":{"text":"Podobny wpis","link":""},"img":{"alt_text":"","src":"https:\/\/i0.wp.com\/www.tcm-vet.com\/wp-content\/uploads\/2023\/06\/DSC00169.jpg?resize=350%2C200&ssl=1","width":350,"height":200,"srcset":"https:\/\/i0.wp.com\/www.tcm-vet.com\/wp-content\/uploads\/2023\/06\/DSC00169.jpg?resize=350%2C200&ssl=1 1x, https:\/\/i0.wp.com\/www.tcm-vet.com\/wp-content\/uploads\/2023\/06\/DSC00169.jpg?resize=525%2C300&ssl=1 1.5x, https:\/\/i0.wp.com\/www.tcm-vet.com\/wp-content\/uploads\/2023\/06\/DSC00169.jpg?resize=700%2C400&ssl=1 2x"},"classes":[]},{"id":23359,"url":"https:\/\/www.tcm-vet.com\/pl\/product\/tcmvet-baituxiao-10-bottle-bundle\/","url_meta":{"origin":26806,"position":1},"title":"TCMVET Baituxiao \u2013 Kompleksowy naturalny suplement botaniczny \u2013 Zestaw 10 butelek (600 kapsu\u0142ek)","author":"TCMVET","date":"3 grudnia, 2025","format":false,"excerpt":"Ten naturalny suplement zio\u0142owy jest specjalnie opracowany, aby wspiera\u0107 codzienne samopoczucie, funkcj\u0119 odporno\u015bciow\u0105 i witalno\u015b\u0107.","rel":"","context":"Podobny wpis","block_context":{"text":"Podobny wpis","link":""},"img":{"alt_text":"","src":"https:\/\/i0.wp.com\/www.tcm-vet.com\/wp-content\/uploads\/2023\/06\/DSC00170.jpg?resize=350%2C200&ssl=1","width":350,"height":200,"srcset":"https:\/\/i0.wp.com\/www.tcm-vet.com\/wp-content\/uploads\/2023\/06\/DSC00170.jpg?resize=350%2C200&ssl=1 1x, https:\/\/i0.wp.com\/www.tcm-vet.com\/wp-content\/uploads\/2023\/06\/DSC00170.jpg?resize=525%2C300&ssl=1 1.5x, https:\/\/i0.wp.com\/www.tcm-vet.com\/wp-content\/uploads\/2023\/06\/DSC00170.jpg?resize=700%2C400&ssl=1 2x"},"classes":[]},{"id":23357,"url":"https:\/\/www.tcm-vet.com\/pl\/product\/tcmvet-baituxiao-for-cats-1-bottle\/","url_meta":{"origin":26806,"position":2},"title":"TCMVET Baituxiao dla Kot\u00f3w \u2013 Kompleksowy Naturalny Suplement Ro\u015blinny \u2013 Zestaw 1 Butelki","author":"TCMVET","date":"3 grudnia, 2025","format":false,"excerpt":"Ten naturalny suplement zio\u0142owy jest specjalnie opracowany dla ps\u00f3w i kot\u00f3w, aby wspiera\u0107 codzienn\u0105 kondycj\u0119, funkcj\u0119 odporno\u015bciow\u0105 i witalno\u015b\u0107.","rel":"","context":"Podobny wpis","block_context":{"text":"Podobny wpis","link":""},"img":{"alt_text":"Baituxiaoshop","src":"https:\/\/i0.wp.com\/www.tcm-vet.com\/wp-content\/uploads\/2022\/11\/DSC00163.jpg?resize=350%2C200&ssl=1","width":350,"height":200,"srcset":"https:\/\/i0.wp.com\/www.tcm-vet.com\/wp-content\/uploads\/2022\/11\/DSC00163.jpg?resize=350%2C200&ssl=1 1x, https:\/\/i0.wp.com\/www.tcm-vet.com\/wp-content\/uploads\/2022\/11\/DSC00163.jpg?resize=525%2C300&ssl=1 1.5x, https:\/\/i0.wp.com\/www.tcm-vet.com\/wp-content\/uploads\/2022\/11\/DSC00163.jpg?resize=700%2C400&ssl=1 2x"},"classes":[]},{"id":1270,"url":"https:\/\/www.tcm-vet.com\/pl\/product\/baituxiao\/","url_meta":{"origin":26806,"position":3},"title":"TCMVET Baituxiao Kompleksowa Formu\u0142a","author":"TCMVET","date":"6 listopada, 2022","format":false,"excerpt":"Kompleksowy suplement zio\u0142owy dla ps\u00f3w i kot\u00f3w na nowotwory; reishi, ogon indyka i dziesi\u0105tki zi\u00f3\u0142 zmieszanych razem.","rel":"","context":"Podobny wpis","block_context":{"text":"Podobny wpis","link":""},"img":{"alt_text":"Baituxiaoshop","src":"https:\/\/i0.wp.com\/www.tcm-vet.com\/wp-content\/uploads\/2022\/11\/DSC00163.jpg?resize=350%2C200&ssl=1","width":350,"height":200,"srcset":"https:\/\/i0.wp.com\/www.tcm-vet.com\/wp-content\/uploads\/2022\/11\/DSC00163.jpg?resize=350%2C200&ssl=1 1x, https:\/\/i0.wp.com\/www.tcm-vet.com\/wp-content\/uploads\/2022\/11\/DSC00163.jpg?resize=525%2C300&ssl=1 1.5x, https:\/\/i0.wp.com\/www.tcm-vet.com\/wp-content\/uploads\/2022\/11\/DSC00163.jpg?resize=700%2C400&ssl=1 2x"},"classes":[]}],"_links":{"self":[{"href":"https:\/\/www.tcm-vet.com\/pl\/wp-json\/wp\/v2\/product\/26806","targetHints":{"allow":["GET"]}}],"collection":[{"href":"https:\/\/www.tcm-vet.com\/pl\/wp-json\/wp\/v2\/product"}],"about":[{"href":"https:\/\/www.tcm-vet.com\/pl\/wp-json\/wp\/v2\/types\/product"}],"replies":[{"embeddable":true,"href":"https:\/\/www.tcm-vet.com\/pl\/wp-json\/wp\/v2\/comments?post=26806"}],"wp:featuredmedia":[{"embeddable":true,"href":"https:\/\/www.tcm-vet.com\/pl\/wp-json\/wp\/v2\/media\/26876"}],"wp:attachment":[{"href":"https:\/\/www.tcm-vet.com\/pl\/wp-json\/wp\/v2\/media?parent=26806"}],"wp:term":[{"taxonomy":"product_brand","embeddable":true,"href":"https:\/\/www.tcm-vet.com\/pl\/wp-json\/wp\/v2\/product_brand?post=26806"},{"taxonomy":"product_cat","embeddable":true,"href":"https:\/\/www.tcm-vet.com\/pl\/wp-json\/wp\/v2\/product_cat?post=26806"},{"taxonomy":"product_tag","embeddable":true,"href":"https:\/\/www.tcm-vet.com\/pl\/wp-json\/wp\/v2\/product_tag?post=26806"}],"curies":[{"name":"wp","href":"https:\/\/api.w.org\/{rel}","templated":true}]}}