{"id":20760,"date":"2025-10-19T19:23:55","date_gmt":"2025-10-19T19:23:55","guid":{"rendered":"https:\/\/www.tcm-vet.com\/?page_id=20760"},"modified":"2025-11-20T16:17:27","modified_gmt":"2025-11-20T16:17:27","slug":"termos-de-uso-de-afiliados","status":"publish","type":"page","link":"https:\/\/www.tcm-vet.com\/pt\/affiliate-terms-of-use\/","title":{"rendered":"Termos de Uso de Afiliados"},"content":{"rendered":"<p>Como um afiliado autorizado (Afiliado) da TCMVET, voc\u00ea concorda em cumprir os termos e condi\u00e7\u00f5es contidos neste Acordo (Acordo). Por favor, leia todo o Acordo cuidadosamente antes de se registrar e promover a TCMVET como um Afiliado.<\/p>\n\t\n\n\t\n\t\t<p>Sua participa\u00e7\u00e3o no Programa \u00e9 exclusivamente para anunciar legalmente nosso site para receber uma comiss\u00e3o sobre as associa\u00e7\u00f5es e produtos comprados por indiv\u00edduos referidos \u00e0 TCMVET pelo seu pr\u00f3prio site ou refer\u00eancias pessoais.<\/p>\n\t\n\n\t\n\t\t<p>Ao se inscrever no Programa de Afiliados da TCMVET (Programa), voc\u00ea indica sua aceita\u00e7\u00e3o deste Acordo e seus termos e condi\u00e7\u00f5es.<\/p>\n\t\n\n\t\n\t<h2 class=\"wp-block-heading\" id=\"approval-or-rejection\">Aprova\u00e7\u00e3o ou Rejei\u00e7\u00e3o da Solicita\u00e7\u00e3o<\/h2>\n\t\n\n\t\n\t<p>Reservamos o direito de aprovar ou rejeitar QUALQUER Solicita\u00e7\u00e3o de Programa de Afiliados a nosso exclusivo e absoluto crit\u00e9rio. Voc\u00ea n\u00e3o ter\u00e1 recurso legal contra n\u00f3s pela rejei\u00e7\u00e3o de sua Solicita\u00e7\u00e3o de Programa de Afiliados.<\/p>\n\t\n\n\t\n\t<h2 class=\"wp-block-heading\" id=\"commissions\">Comiss\u00f5es<\/h2>\n\t\n\n\t\n\t<p>As comiss\u00f5es ser\u00e3o pagas uma vez por m\u00eas. Para que um Afiliado receba uma comiss\u00e3o, a conta referida deve permanecer ativa por um m\u00ednimo de 31 dias.<\/p>\n\t\n\n\t\n\t<p>Voc\u00ea n\u00e3o pode se referir, e n\u00e3o receber\u00e1 uma comiss\u00e3o sobre suas pr\u00f3prias contas.<\/p>\n\t\n\n\t\n\t<p>Os pagamentos ser\u00e3o enviados apenas para transa\u00e7\u00f5es que foram conclu\u00eddas com sucesso. Transa\u00e7\u00f5es que resultarem em estornos ou reembolsos n\u00e3o ser\u00e3o pagas.<\/p>\n\t\n\n\t\n\t<h2 class=\"wp-block-heading\" id=\"termination\">Rescis\u00e3o<\/h2>\n\t\n\n\t\n\t<p>Sua solicita\u00e7\u00e3o de afiliado e status no Programa podem ser suspensos ou rescindidos por qualquer uma das seguintes raz\u00f5es:<\/p>\n\t\n\n\t\n\t<ul class=\"wp-block-list\">\n\t\t<li>An\u00fancios inadequados (declara\u00e7\u00f5es falsas, hyperlinks enganosos, etc.).<\/li>\n\t\t<li>Spamming (e-mail em massa, postagem em grupos de not\u00edcias em massa, etc.).<\/li>\n\t\t<li>Publicidade em sites que contenham ou promovam atividades ilegais.<\/li>\n\t\t<li>Falha em divulgar a rela\u00e7\u00e3o de afiliado para qualquer promo\u00e7\u00e3o que se qualifique como um endosse sob as diretrizes e regulamentos existentes da Comiss\u00e3o Federal de Com\u00e9rcio, ou quaisquer leis estaduais aplic\u00e1veis.<\/li>\n\t\t\t\t<li>Viola\u00e7\u00e3o de direitos de propriedade intelectual. A TCMVET reserva-se o direito de exigir acordos de licen\u00e7a daqueles que utilizam marcas registradas da TCMVET para proteger nossos direitos de propriedade intelectual.<\/li>\n\t\t\t\t<li>Oferecer reembolsos, cupons ou outra forma de comiss\u00f5es prometidas como incentivo. No entanto, adicionar b\u00f4nus ou agrupar outros produtos com a TCMVET \u00e9 aceit\u00e1vel.<\/li>\n\t\t<li>Auto-refer\u00eancias, transa\u00e7\u00f5es fraudulentas, suspeita de fraude de Afiliado.<\/li>\n\t<\/ul>\n\t\n\n\t\n\t\t<p>Al\u00e9m do exposto, a TCMVET reserva-se o direito de rescindir qualquer conta de Afiliado a qualquer momento, por quaisquer viola\u00e7\u00f5es deste Acordo ou sem motivo.<\/p>\n\t\n\n\t\n\t<h2 class=\"wp-block-heading\" id=\"affiliate-links\">Links de Afiliados<\/h2>\n\t\n\n\t\n\t\t<p>Voc\u00ea pode usar links gr\u00e1ficos e de texto tanto em seu site quanto em suas mensagens de email. Voc\u00ea tamb\u00e9m pode anunciar o site TCMVET em an\u00fancios classificados online e offline, revistas e jornais.<\/p>\n\t\n\n\t\n\t<p>Voc\u00ea pode usar os gr\u00e1ficos e textos fornecidos por n\u00f3s, ou pode criar os seus pr\u00f3prios, desde que sejam considerados apropriados de acordo com as condi\u00e7\u00f5es e n\u00e3o violem o que est\u00e1 descrito na se\u00e7\u00e3o de Rescis\u00e3o.<\/p>\n\t\n\n\t\n\t<h2 class=\"wp-block-heading\" id=\"coupon-and-deal-sites\">Sites de Cupons e Ofertas<\/h2>\n\t\n\n\t\n\t\t<p>O TCMVET ocasionalmente oferece cupons para afiliados selecionados e para nossos assinantes da newsletter. Se voc\u00ea n\u00e3o for pr\u00e9-aprovado \/ designado um cupom de marca, ent\u00e3o voc\u00ea n\u00e3o est\u00e1 autorizado a promover o cupom. Abaixo est\u00e3o os termos que se aplicam a qualquer afiliado que esteja considerando a promo\u00e7\u00e3o de nossos produtos em rela\u00e7\u00e3o a uma oferta ou cupom:<\/p>\n\t\n\n\t\n\t<ul class=\"wp-block-list\">\n\t\t<li>Os afiliados n\u00e3o podem usar texto enganoso em links de afiliados, bot\u00f5es ou imagens para implicar que h\u00e1 algo al\u00e9m das ofertas atualmente autorizadas para o afiliado espec\u00edfico.<\/li>\n\t\t\t\t<li>Os afiliados n\u00e3o podem fazer lances em Cupons TCMVET, Descontos TCMVET ou outras frases que impliquem que cupons est\u00e3o dispon\u00edveis.<\/li>\n\t\t<li>Os afiliados n\u00e3o podem gerar pop-ups, pop-unders, iframes, frames ou qualquer outra a\u00e7\u00e3o vis\u00edvel ou invis\u00edvel que defina cookies de afiliados, a menos que o usu\u00e1rio tenha expressado um interesse claro e expl\u00edcito em ativar uma economia espec\u00edfica clicando em um link, bot\u00e3o ou imagem claramente marcado para aquele cupom ou oferta em particular. Seu link deve enviar o visitante para o site do comerciante.<\/li>\n\t\t<li>O usu\u00e1rio deve ser capaz de ver informa\u00e7\u00f5es e detalhes sobre cupons\/ofertas\/economias antes que um cookie de afiliado seja definido (ou seja, \u201cclique aqui para ver cupons e abrir uma janela para o site do comerciante\u201d N\u00c3O \u00e9 permitido).<\/li>\n\t\t<li>Sites de afiliados n\u00e3o podem ter \u201cClique para (ou para ver) Oferta\/Cupom\u201d ou qualquer varia\u00e7\u00e3o, quando n\u00e3o h\u00e1 cupons ou ofertas dispon\u00edveis, e o clique abre o site do comerciante ou define um cookie. Afiliados com tal texto na p\u00e1gina de destino do comerciante ser\u00e3o removidos do programa imediatamente.<\/li>\n\t<\/ul>\n\t\n\n\t\n\t<h2 class=\"wp-block-heading\" id=\"ppc-policy\">Pol\u00edtica de Pagamento por Clique (PPC)<\/h2>\n\t\n\n\t\n\t<p>Lances PPC N\u00c3O s\u00e3o permitidos sem permiss\u00e3o por escrito pr\u00e9via.<\/p>\n\t\n\n\t\n\t<h2 class=\"wp-block-heading\" id=\"liability\">Responsabilidade<\/h2>\n\t\n\n\t\n\t\t<p>O TCMVET n\u00e3o ser\u00e1 respons\u00e1vel por danos indiretos ou acidentais (perda de receita, comiss\u00f5es) devido a falhas de rastreamento de afiliados, perda de arquivos de banco de dados ou quaisquer resultados de inten\u00e7\u00f5es de dano ao Programa e\/ou aos nossos sites.<\/p>\n\t\n\n\t\n\t\t<p>N\u00e3o fazemos nenhuma garantia expressa ou impl\u00edcita em rela\u00e7\u00e3o ao Programa e\/ou \u00e0s associa\u00e7\u00f5es ou produtos vendidos pelo TCMVET. N\u00e3o afirmamos que a opera\u00e7\u00e3o do Programa e\/ou de nossos sites ser\u00e1 isenta de erros e n\u00e3o seremos respons\u00e1veis por quaisquer interrup\u00e7\u00f5es ou erros.<\/p>\n\t\n\n\t\n\t<h2 class=\"wp-block-heading\" id=\"term-of-agreement\">Prazo do Acordo<\/h2>\n\t\n\n\t\n\t<p>O prazo deste Acordo come\u00e7a com sua aceita\u00e7\u00e3o no Programa e terminar\u00e1 quando sua conta de Afiliado for encerrada.<\/p>\n\t\n\n\t\n\t<p>Os termos e condi\u00e7\u00f5es deste acordo podem ser modificados por n\u00f3s a qualquer momento. Se qualquer modifica\u00e7\u00e3o nos termos e condi\u00e7\u00f5es deste Acordo for inaceit\u00e1vel para voc\u00ea, sua \u00fanica op\u00e7\u00e3o \u00e9 encerrar sua conta de Afiliado. Sua participa\u00e7\u00e3o cont\u00ednua no Programa constituir\u00e1 sua aceita\u00e7\u00e3o de qualquer altera\u00e7\u00e3o.<\/p>\n\t\n\n\t\n\t<h2 class=\"wp-block-heading\" id=\"indemnification\">Indeniza\u00e7\u00e3o<\/h2>\n\t\n\n\t\n\t\t<p>O Afiliado dever\u00e1 indenizar e isentar o TCMVET e suas empresas afiliadas e subsidi\u00e1rias, diretores, funcion\u00e1rios, licenciados, sucessores e cession\u00e1rios, incluindo aqueles licenciados ou autorizados pelo TCMVET a transmitir e distribuir materiais, de quaisquer e todas as responsabilidades, danos, multas, senten\u00e7as, reivindica\u00e7\u00f5es, custos, perdas e despesas (incluindo honor\u00e1rios e custos legais razo\u00e1veis) decorrentes de ou relacionados a quaisquer e todas as reivindica\u00e7\u00f5es sustentadas em conex\u00e3o com este Acordo devido \u00e0 neglig\u00eancia, m\u00e1 representa\u00e7\u00e3o, falha em divulgar ou m\u00e1 conduta intencional do Afiliado.<\/p>\n\t\n\n\t\n\t<h2 class=\"wp-block-heading\" id=\"electronic-signatures-effective\">Assinaturas Eletr\u00f4nicas Eficazes<\/h2>\n\t\n\n\t\n\t\t<p>O Acordo \u00e9 um contrato eletr\u00f4nico que estabelece os termos legalmente vinculativos da sua participa\u00e7\u00e3o no programa de afiliados TCMVET.<\/p>","protected":false},"excerpt":{"rendered":"<p>As an authorized affiliate (Affiliate) of TCMVET, you agree to abide by the terms and conditions contained in this Agreement (Agreement). Please read the entire Agreement carefully before registering and promoting TCMVET as an Affiliate. Your participation in the Program is solely to legally advertise our website to receive a commission on memberships and products [&hellip;]<\/p>\n","protected":false},"author":1,"featured_media":0,"parent":0,"menu_order":0,"comment_status":"closed","ping_status":"closed","template":"","meta":{"_et_pb_use_builder":"","_et_pb_old_content":"","_et_gb_content_width":"1080","footnotes":""},"class_list":["post-20760","page","type-page","status-publish","hentry"],"jetpack-related-posts":[],"jetpack_sharing_enabled":true,"jetpack_likes_enabled":true,"_links":{"self":[{"href":"https:\/\/www.tcm-vet.com\/pt\/wp-json\/wp\/v2\/pages\/20760","targetHints":{"allow":["GET"]}}],"collection":[{"href":"https:\/\/www.tcm-vet.com\/pt\/wp-json\/wp\/v2\/pages"}],"about":[{"href":"https:\/\/www.tcm-vet.com\/pt\/wp-json\/wp\/v2\/types\/page"}],"author":[{"embeddable":true,"href":"https:\/\/www.tcm-vet.com\/pt\/wp-json\/wp\/v2\/users\/1"}],"replies":[{"embeddable":true,"href":"https:\/\/www.tcm-vet.com\/pt\/wp-json\/wp\/v2\/comments?post=20760"}],"version-history":[{"count":0,"href":"https:\/\/www.tcm-vet.com\/pt\/wp-json\/wp\/v2\/pages\/20760\/revisions"}],"wp:attachment":[{"href":"https:\/\/www.tcm-vet.com\/pt\/wp-json\/wp\/v2\/media?parent=20760"}],"curies":[{"name":"wp","href":"https:\/\/api.w.org\/{rel}","templated":true}]}}