{"id":26816,"date":"2026-02-01T16:42:35","date_gmt":"2026-02-01T16:42:35","guid":{"rendered":"https:\/\/www.tcm-vet.com\/user-dashboard\/"},"modified":"2026-02-01T16:42:35","modified_gmt":"2026-02-01T16:42:35","slug":"painel-do-usuario","status":"publish","type":"page","link":"https:\/\/www.tcm-vet.com\/pt\/user-dashboard\/","title":{"rendered":"Painel do Usu\u00e1rio"},"content":{"rendered":"<p>[wpdm_user_dashboard]<\/p>\n","protected":false},"excerpt":{"rendered":"<p>[wpdm_user_dashboard]<\/p>\n","protected":false},"author":1,"featured_media":0,"parent":0,"menu_order":0,"comment_status":"closed","ping_status":"closed","template":"","meta":{"_et_pb_use_builder":"","_et_pb_old_content":"","_et_gb_content_width":"","footnotes":""},"class_list":["post-26816","page","type-page","status-publish","hentry"],"jetpack-related-posts":[{"id":3,"url":"https:\/\/www.tcm-vet.com\/pt\/privacy-policy\/","url_meta":{"origin":26816,"position":0},"title":"Pol\u00edtica de Privacidade","author":"TCMVET","date":"Outubro 7, 2022","format":false,"excerpt":"Quem somos Nosso site \u00e9: https:\/\/www.tcm-vet.com. Coment\u00e1rios Quando um visitante deixa um coment\u00e1rio no site, coletamos os dados exibidos no formul\u00e1rio de coment\u00e1rio,\u2026","rel":"","context":"Similar post","block_context":{"text":"Similar post","link":""},"img":{"alt_text":"","src":"","width":0,"height":0},"classes":[]},{"id":20760,"url":"https:\/\/www.tcm-vet.com\/pt\/affiliate-terms-of-use\/","url_meta":{"origin":26816,"position":1},"title":"Termos de Uso de Afiliados","author":"TCMVET","date":"Outubro 19, 2025","format":false,"excerpt":"Como um afiliado autorizado (Afiliado) da TCMVET, voc\u00ea concorda em cumprir os termos e condi\u00e7\u00f5es contidos neste Acordo (Acordo).","rel":"","context":"Similar post","block_context":{"text":"Similar post","link":""},"img":{"alt_text":"","src":"","width":0,"height":0},"classes":[]},{"id":613,"url":"https:\/\/www.tcm-vet.com\/pt\/calculator\/","url_meta":{"origin":26816,"position":2},"title":"Calculadora","author":"TCMVET","date":"Outubro 18, 2022","format":false,"excerpt":"","rel":"","context":"Similar post","block_context":{"text":"Similar post","link":""},"img":{"alt_text":"","src":"","width":0,"height":0},"classes":[]}],"jetpack_sharing_enabled":true,"jetpack_likes_enabled":true,"_links":{"self":[{"href":"https:\/\/www.tcm-vet.com\/pt\/wp-json\/wp\/v2\/pages\/26816","targetHints":{"allow":["GET"]}}],"collection":[{"href":"https:\/\/www.tcm-vet.com\/pt\/wp-json\/wp\/v2\/pages"}],"about":[{"href":"https:\/\/www.tcm-vet.com\/pt\/wp-json\/wp\/v2\/types\/page"}],"author":[{"embeddable":true,"href":"https:\/\/www.tcm-vet.com\/pt\/wp-json\/wp\/v2\/users\/1"}],"replies":[{"embeddable":true,"href":"https:\/\/www.tcm-vet.com\/pt\/wp-json\/wp\/v2\/comments?post=26816"}],"version-history":[{"count":0,"href":"https:\/\/www.tcm-vet.com\/pt\/wp-json\/wp\/v2\/pages\/26816\/revisions"}],"wp:attachment":[{"href":"https:\/\/www.tcm-vet.com\/pt\/wp-json\/wp\/v2\/media?parent=26816"}],"curies":[{"name":"wp","href":"https:\/\/api.w.org\/{rel}","templated":true}]}}