{"id":20749,"date":"2025-10-19T17:27:38","date_gmt":"2025-10-19T17:27:38","guid":{"rendered":"https:\/\/www.tcm-vet.com\/affiliate-area\/"},"modified":"2025-11-20T16:17:06","modified_gmt":"2025-11-20T16:17:06","slug":"area-de-afiliados","status":"publish","type":"page","link":"https:\/\/www.tcm-vet.com\/pt_br\/affiliate-area\/","title":{"rendered":"\u00c1rea de Afiliados"},"content":{"rendered":"<p class=\"affwp-notice\">Voc\u00ea n\u00e3o est\u00e1 autorizado a ver esta p\u00e1gina. Por favor <a href=\"https:\/\/www.tcm-vet.com\/pt_br\/affiliate-login\/\">fa\u00e7a login<\/a> e tente novamente.<\/p>","protected":false},"excerpt":{"rendered":"","protected":false},"author":1,"featured_media":0,"parent":0,"menu_order":0,"comment_status":"closed","ping_status":"closed","template":"","meta":{"_et_pb_use_builder":"off","_et_pb_old_content":"<!-- wp:affiliatewp\/affiliate-area \/-->","_et_gb_content_width":"1080","footnotes":""},"class_list":["post-20749","page","type-page","status-publish","hentry"],"jetpack-related-posts":[{"id":26307,"url":"https:\/\/www.tcm-vet.com\/pt_br\/anal-sac-carcinoma-dogs\/","url_meta":{"origin":20749,"position":0},"title":"C\u00e2ncer de Saco Anal em C\u00e3es: Sintomas, Diagn\u00f3stico, Tratamento e Manejo a Longo Prazo","author":"TCMVET","date":"janeiro 15, 2026","format":false,"excerpt":"In\u00edcio \/ Tumores de Saco Anal e C\u00e2ncer de Saco Anal em C\u00e3es Tumores de Saco Anal e C\u00e2ncer de Saco Anal em C\u00e3es Guia veterin\u00e1rio baseado em evid\u00eancias sobre sintomas, diagn\u00f3stico, estadiamento, op\u00e7\u00f5es de tratamento e manejo a longo prazo para propriet\u00e1rios de animais de estima\u00e7\u00e3o e equipes veterin\u00e1rias.","rel":"","context":"Post similar","block_context":{"text":"Post similar","link":""},"img":{"alt_text":"","src":"","width":0,"height":0},"classes":[]}],"jetpack_sharing_enabled":true,"jetpack_likes_enabled":true,"_links":{"self":[{"href":"https:\/\/www.tcm-vet.com\/pt_br\/wp-json\/wp\/v2\/pages\/20749","targetHints":{"allow":["GET"]}}],"collection":[{"href":"https:\/\/www.tcm-vet.com\/pt_br\/wp-json\/wp\/v2\/pages"}],"about":[{"href":"https:\/\/www.tcm-vet.com\/pt_br\/wp-json\/wp\/v2\/types\/page"}],"author":[{"embeddable":true,"href":"https:\/\/www.tcm-vet.com\/pt_br\/wp-json\/wp\/v2\/users\/1"}],"replies":[{"embeddable":true,"href":"https:\/\/www.tcm-vet.com\/pt_br\/wp-json\/wp\/v2\/comments?post=20749"}],"version-history":[{"count":0,"href":"https:\/\/www.tcm-vet.com\/pt_br\/wp-json\/wp\/v2\/pages\/20749\/revisions"}],"wp:attachment":[{"href":"https:\/\/www.tcm-vet.com\/pt_br\/wp-json\/wp\/v2\/media?parent=20749"}],"curies":[{"name":"wp","href":"https:\/\/api.w.org\/{rel}","templated":true}]}}