{"id":26806,"date":"2026-02-01T11:41:00","date_gmt":"2026-02-01T11:41:00","guid":{"rendered":"https:\/\/www.tcm-vet.com\/?post_type=product&#038;p=26806"},"modified":"2026-03-11T02:30:03","modified_gmt":"2026-03-11T02:30:03","slug":"capsulas-yunnan-baiyao-para-pets-10-unidades","status":"publish","type":"product","link":"https:\/\/www.tcm-vet.com\/pt_br\/product\/yunnan-baiyao-capsules-for-pets-10-pack\/","title":{"rendered":"C\u00e1psulas Suplementares Yunnan Baiyao para Animais de Estima\u00e7\u00e3o 10-Pacote"},"content":{"rendered":"<p>Suplemento Yunnan Baiyao para C\u00e3es<\/p>\n<p>Destaques do Produto:<\/p>\n<p>\u2022 Mais vendido e confi\u00e1vel pelos donos de pets<\/p>\n<p>\u2022 Da Yunnan Baiyao, uma marca tradicional chinesa bem conhecida e confi\u00e1vel<\/p>\n<p>\u2022 Formula\u00e7\u00e3o \u00e0 base de ervas tradicional<\/p>\n<p>Por que Escolher Este Produto:<\/p>\n<p>1. Envio Direto da China<\/p>\n<p>Enviado diretamente de Hong Kong \/ China Continental.<\/p>\n<p>2. Marca Tradicional Confi\u00e1vel<\/p>\n<p>Da Yunnan Baiyao, uma marca tradicional chinesa bem conhecida e confi\u00e1vel com uma longa reputa\u00e7\u00e3o.<\/p>\n<p>3. Suprimento de Longo Prazo Conveniente<\/p>\n<p>Embalagem em conjunto de 10 caixas ajuda a simplificar o planejamento e garante continuidade sem reordena\u00e7\u00f5es frequentes.<\/p>\n<p>Informa\u00e7\u00f5es do Produto:<\/p>\n<p>Tipo: Suplemento Herbal<\/p>\n<p>Formato: C\u00e1psulas<\/p>\n<p>Pot\u00eancia: 250 mg por c\u00e1psula<\/p>\n<p>Tamanho da Embalagem: conjunto de 10 caixas (16 c\u00e1psulas por caixa; total de 160 c\u00e1psulas)<\/p>\n<p>Armazenamento:<\/p>\n<p>Armazenar em local fresco e seco.<\/p>\n<p>Pacote de Estoque:<\/p>\n<p>Fornecido como um conjunto de 10 caixas para conveni\u00eancia e continuidade de uso.<\/p>\n<p>Envio &amp; Entrega:<\/p>\n<p>Envio de: Hong Kong \/ China Continental<\/p>\n<p>Tempo de Entrega: 10\u201315 Dias \u00dateis<\/p>\n<p>Rastreamento: n\u00famero de rastreamento internacional fornecido.<\/p>\n<p>Produ\u00e7\u00e3o &amp; Qualidade:<\/p>\n<p>Todos os itens s\u00e3o produzidos frescos com uma vida \u00fatil de 3 anos.<\/p>","protected":false},"excerpt":{"rendered":"<ul>\n<li><strong>Tamanho da embalagem:<\/strong> 10 caixas<\/li>\n<li><strong>Por caixa:<\/strong> 16 c\u00e1psulas + 1 p\u00edlula \u201cde emerg\u00eancia\u201d vermelha<\/li>\n<li><strong>For\u00e7a:<\/strong> 250 mg (0,25 g) por c\u00e1psula<\/li>\n<li><strong>Use:<\/strong> Comumente usado para suporte a sangramentos conforme orienta\u00e7\u00e3o de um veterin\u00e1rio<\/li>\n<\/ul>","protected":false},"featured_media":26876,"comment_status":"open","ping_status":"closed","template":"","meta":{"_et_pb_use_builder":"","_et_pb_old_content":"","_et_gb_content_width":""},"product_brand":[15360],"product_cat":[23],"product_tag":[15361,15363,15362],"class_list":{"0":"post-26806","1":"product","2":"type-product","3":"status-publish","4":"has-post-thumbnail","6":"product_brand-yunnan-baiyao","7":"product_cat-pet-vitamins-supplements","8":"product_tag-yunnan-baiyao","9":"product_tag-yunnan-baiyao-for-cats","10":"product_tag-yunnan-baiyao-for-dogs","11":"product_shipping_class-ynby","13":"first","14":"instock","15":"sale","16":"shipping-taxable","17":"purchasable","18":"product-type-simple"},"jetpack-related-posts":[{"id":23359,"url":"https:\/\/www.tcm-vet.com\/pt_br\/product\/tcmvet-baituxiao-10-bottle-bundle\/","url_meta":{"origin":26806,"position":0},"title":"TCMVET Baituxiao \u2013 Suplemento Bot\u00e2nico Natural Abrangente \u2013 Pacote de 10 Frascos (600 C\u00e1psulas)","author":"TCMVET","date":"dezembro 3, 2025","format":false,"excerpt":"Este suplemento herbal natural \u00e9 especialmente formulado para apoiar o bem-estar di\u00e1rio, a fun\u00e7\u00e3o imunol\u00f3gica e a vitalidade. Animais de estima\u00e7\u00e3o idosos, animais em recupera\u00e7\u00e3o e pets que est\u00e3o passando por n\u00edveis mais altos de estresse podem se beneficiar de seu suporte nutricional \u00e0 base de plantas. Este pacote de 10 frascos fornece um total de 600 c\u00e1psulas f\u00e1ceis de usar, tornando-o uma escolha ideal para\u2026","rel":"","context":"Post similar","block_context":{"text":"Post similar","link":""},"img":{"alt_text":"","src":"https:\/\/i0.wp.com\/www.tcm-vet.com\/wp-content\/uploads\/2023\/06\/DSC00170.jpg?resize=350%2C200&ssl=1","width":350,"height":200,"srcset":"https:\/\/i0.wp.com\/www.tcm-vet.com\/wp-content\/uploads\/2023\/06\/DSC00170.jpg?resize=350%2C200&ssl=1 1x, https:\/\/i0.wp.com\/www.tcm-vet.com\/wp-content\/uploads\/2023\/06\/DSC00170.jpg?resize=525%2C300&ssl=1 1.5x, https:\/\/i0.wp.com\/www.tcm-vet.com\/wp-content\/uploads\/2023\/06\/DSC00170.jpg?resize=700%2C400&ssl=1 2x"},"classes":[]},{"id":23357,"url":"https:\/\/www.tcm-vet.com\/pt_br\/product\/tcmvet-baituxiao-for-cats-1-bottle\/","url_meta":{"origin":26806,"position":1},"title":"TCMVET Baituxiao para Gatos \u2013 Suplemento Bot\u00e2nico Natural Abrangente \u2013 Pacote de 1 Frasco","author":"TCMVET","date":"dezembro 3, 2025","format":false,"excerpt":"Este suplemento herbal natural \u00e9 especialmente formulado para c\u00e3es e gatos para apoiar o bem-estar di\u00e1rio, a fun\u00e7\u00e3o imunol\u00f3gica e a vitalidade. Animais de estima\u00e7\u00e3o idosos, animais em recupera\u00e7\u00e3o e pets que est\u00e3o passando por n\u00edveis mais altos de estresse podem se beneficiar de seu suporte nutricional \u00e0 base de plantas. Cada frasco cont\u00e9m 60 c\u00e1psulas f\u00e1ceis de usar que podem ser adicionadas ao seu\u2026","rel":"","context":"Post similar","block_context":{"text":"Post similar","link":""},"img":{"alt_text":"Baituxiaoshop","src":"https:\/\/i0.wp.com\/www.tcm-vet.com\/wp-content\/uploads\/2022\/11\/DSC00163.jpg?resize=350%2C200&ssl=1","width":350,"height":200,"srcset":"https:\/\/i0.wp.com\/www.tcm-vet.com\/wp-content\/uploads\/2022\/11\/DSC00163.jpg?resize=350%2C200&ssl=1 1x, https:\/\/i0.wp.com\/www.tcm-vet.com\/wp-content\/uploads\/2022\/11\/DSC00163.jpg?resize=525%2C300&ssl=1 1.5x, https:\/\/i0.wp.com\/www.tcm-vet.com\/wp-content\/uploads\/2022\/11\/DSC00163.jpg?resize=700%2C400&ssl=1 2x"},"classes":[]}],"jetpack_sharing_enabled":false,"jetpack_likes_enabled":false,"_links":{"self":[{"href":"https:\/\/www.tcm-vet.com\/pt_br\/wp-json\/wp\/v2\/product\/26806","targetHints":{"allow":["GET"]}}],"collection":[{"href":"https:\/\/www.tcm-vet.com\/pt_br\/wp-json\/wp\/v2\/product"}],"about":[{"href":"https:\/\/www.tcm-vet.com\/pt_br\/wp-json\/wp\/v2\/types\/product"}],"replies":[{"embeddable":true,"href":"https:\/\/www.tcm-vet.com\/pt_br\/wp-json\/wp\/v2\/comments?post=26806"}],"wp:featuredmedia":[{"embeddable":true,"href":"https:\/\/www.tcm-vet.com\/pt_br\/wp-json\/wp\/v2\/media\/26876"}],"wp:attachment":[{"href":"https:\/\/www.tcm-vet.com\/pt_br\/wp-json\/wp\/v2\/media?parent=26806"}],"wp:term":[{"taxonomy":"product_brand","embeddable":true,"href":"https:\/\/www.tcm-vet.com\/pt_br\/wp-json\/wp\/v2\/product_brand?post=26806"},{"taxonomy":"product_cat","embeddable":true,"href":"https:\/\/www.tcm-vet.com\/pt_br\/wp-json\/wp\/v2\/product_cat?post=26806"},{"taxonomy":"product_tag","embeddable":true,"href":"https:\/\/www.tcm-vet.com\/pt_br\/wp-json\/wp\/v2\/product_tag?post=26806"}],"curies":[{"name":"wp","href":"https:\/\/api.w.org\/{rel}","templated":true}]}}