{"id":1908,"date":"2022-12-08T18:21:46","date_gmt":"2022-12-08T18:21:46","guid":{"rendered":"https:\/\/www.tcm-vet.com\/?page_id=1908"},"modified":"2025-11-20T16:18:26","modified_gmt":"2025-11-20T16:18:26","slug":"betalningsinstruktioner","status":"publish","type":"page","link":"https:\/\/www.tcm-vet.com\/sv\/payment-instructions\/","title":{"rendered":"Betalningsmetod"},"content":{"rendered":"<p>[et_pb_section fb_built=&#8221;1&#8243; _builder_version=&#8221;4.16&#8243; hover_enabled=&#8221;0&#8243; global_colors_info=&#8221;{}&#8221; custom_padding=&#8221;7px||25px|||&#8221; sticky_enabled=&#8221;0&#8243;][et_pb_row _builder_version=&#8221;4.16&#8243; background_size=&#8221;initial&#8221; background_position=&#8221;top_left&#8221; background_repeat=&#8221;repeat&#8221; global_colors_info=&#8221;{}&#8221; custom_padding=&#8221;50px||3px|||&#8221;][et_pb_column type=&#8221;4_4&#8243; _builder_version=&#8221;4.16&#8243; custom_padding=&#8221;|||&#8221; hover_enabled=&#8221;0&#8243; global_colors_info=&#8221;{}&#8221; custom_padding__hover=&#8221;|||&#8221; sticky_enabled=&#8221;0&#8243;][et_pb_text _builder_version=&#8221;4.27.0&#8243; background_size=&#8221;initial&#8221; background_position=&#8221;top_left&#8221; background_repeat=&#8221;repeat&#8221; hover_enabled=&#8221;0&#8243; global_colors_info=&#8221;{}&#8221; sticky_enabled=&#8221;0&#8243; custom_padding=&#8221;||70px|||&#8221;]<\/p>\n<p><!-- divi:paragraph --><span style=\"color: #000000;\"><strong>1<\/strong>.We accept payments via <span style=\"color: #008000;\"><strong>Stripe<\/strong><\/span>, <span style=\"color: #008000;\"><strong>PayPal<\/strong><\/span>, and <span style=\"color: #008000;\"><strong>Amazon Pay<\/strong><\/span>. You can choose any payment method supported by Stripe, PayPal, or Amazon Pay. If you encounter any issues with payment, please contact us.<\/span><\/p>\n<p><span style=\"color: #000000;\"><!-- \/divi:paragraph --><\/span><\/p>\n<p><span style=\"color: #000000;\"><!-- divi:paragraph --><strong>2<\/strong>.By placing an order on our website, you explicitly agree to all the terms and conditions on our website.<\/span><\/p>\n<p><!-- \/divi:paragraph --><\/p>\n<p><!-- divi:paragraph --><\/p>\n<p><!-- \/divi:paragraph --><\/p>\n<p><!-- divi:paragraph --><\/p>\n<p><!-- \/divi:paragraph --><\/p>\n<p>[\/et_pb_text][\/et_pb_column][\/et_pb_row][\/et_pb_section]<\/p>\n","protected":false},"excerpt":{"rendered":"<p>1.Vi accepterar betalningar via Stripe, PayPal och Amazon Pay. Du kan v\u00e4lja vilken betalningsmetod som st\u00f6ds av Stripe, PayPal eller Amazon Pay. Om du st\u00f6ter p\u00e5 n\u00e5gra problem med betalningen, v\u00e4nligen kontakta oss.<\/p>","protected":false},"author":1,"featured_media":0,"parent":0,"menu_order":0,"comment_status":"closed","ping_status":"closed","template":"","meta":{"_et_pb_use_builder":"on","_et_pb_old_content":"<!-- wp:paragraph -->\n<p>1.We accept payments via Stripe, PayPal, and Amazon Pay. You can choose any payment method supported by Stripe, PayPal, or Amazon Pay. If you encounter any issues with payment, please contact us.<\/p>\n<!-- \/wp:paragraph -->\n\n<!-- wp:paragraph -->\n<p>2.By placing an order on our website, you explicitly agree to all the terms and conditions on our website.<\/p>\n<!-- \/wp:paragraph -->\n\n<!-- wp:paragraph -->\n<p><\/p>\n<!-- \/wp:paragraph -->\n\n<!-- wp:paragraph -->\n<p><\/p>\n<!-- \/wp:paragraph -->","_et_gb_content_width":"1080","footnotes":""},"class_list":["post-1908","page","type-page","status-publish","hentry"],"jetpack-related-posts":[{"id":26307,"url":"https:\/\/www.tcm-vet.com\/sv\/anal-sac-carcinoma-dogs\/","url_meta":{"origin":1908,"position":0},"title":"Anals\u00e4ckscancer hos hundar: Symptom, diagnos, behandling och l\u00e5ngsiktig hantering","author":"TCMVET","date":"januari 15, 2026","format":false,"excerpt":"Hem \/ Anala k\u00f6rteltum\u00f6rer och anal k\u00f6rtelcancer hos hundar Anala k\u00f6rteltum\u00f6rer och anal k\u00f6rtelcancer hos hundar Evidensbaserad veterin\u00e4rguide till symtom, diagnos, stadieindelning, behandlingsalternativ och l\u00e5ngsiktig hantering f\u00f6r husdjurs\u00e4gare och veterin\u00e4rteam. Veterin\u00e4rutbildning \u00c4garv\u00e4nlig Evidensbaserad Integrativ onkologi Senast uppdaterad: 2026-01-16 \u00b7 Granskad av:\u2026","rel":"","context":"Liknande inl\u00e4gg","block_context":{"text":"Liknande inl\u00e4gg","link":""},"img":{"alt_text":"","src":"","width":0,"height":0},"classes":[]}],"jetpack_sharing_enabled":true,"jetpack_likes_enabled":true,"_links":{"self":[{"href":"https:\/\/www.tcm-vet.com\/sv\/wp-json\/wp\/v2\/pages\/1908","targetHints":{"allow":["GET"]}}],"collection":[{"href":"https:\/\/www.tcm-vet.com\/sv\/wp-json\/wp\/v2\/pages"}],"about":[{"href":"https:\/\/www.tcm-vet.com\/sv\/wp-json\/wp\/v2\/types\/page"}],"author":[{"embeddable":true,"href":"https:\/\/www.tcm-vet.com\/sv\/wp-json\/wp\/v2\/users\/1"}],"replies":[{"embeddable":true,"href":"https:\/\/www.tcm-vet.com\/sv\/wp-json\/wp\/v2\/comments?post=1908"}],"version-history":[{"count":0,"href":"https:\/\/www.tcm-vet.com\/sv\/wp-json\/wp\/v2\/pages\/1908\/revisions"}],"wp:attachment":[{"href":"https:\/\/www.tcm-vet.com\/sv\/wp-json\/wp\/v2\/media?parent=1908"}],"curies":[{"name":"wp","href":"https:\/\/api.w.org\/{rel}","templated":true}]}}