{"id":20749,"date":"2025-10-19T17:27:38","date_gmt":"2025-10-19T17:27:38","guid":{"rendered":"https:\/\/www.tcm-vet.com\/affiliate-area\/"},"modified":"2025-11-20T16:17:06","modified_gmt":"2025-11-20T16:17:06","slug":"affiliate-omrade","status":"publish","type":"page","link":"https:\/\/www.tcm-vet.com\/sv\/affiliate-area\/","title":{"rendered":"Affiliateomr\u00e5de"},"content":{"rendered":"<p class=\"affwp-notice\">Du \u00e4r inte auktoriserad att visa denna sida. V\u00e4nligen <a href=\"https:\/\/www.tcm-vet.com\/sv\/affiliate-login\/\">logga in<\/a> och f\u00f6rs\u00f6k igen.<\/p>","protected":false},"excerpt":{"rendered":"","protected":false},"author":1,"featured_media":0,"parent":0,"menu_order":0,"comment_status":"closed","ping_status":"closed","template":"","meta":{"_et_pb_use_builder":"off","_et_pb_old_content":"<!-- wp:affiliatewp\/affiliate-area \/-->","_et_gb_content_width":"1080","footnotes":""},"class_list":["post-20749","page","type-page","status-publish","hentry"],"jetpack-related-posts":[{"id":26307,"url":"https:\/\/www.tcm-vet.com\/sv\/anal-sac-carcinoma-dogs\/","url_meta":{"origin":20749,"position":0},"title":"Anals\u00e4ckscancer hos hundar: Symptom, diagnos, behandling och l\u00e5ngsiktig hantering","author":"TCMVET","date":"januari 15, 2026","format":false,"excerpt":"Hem \/ Anala k\u00f6rteltum\u00f6rer och anal k\u00f6rtelcancer hos hundar Anala k\u00f6rteltum\u00f6rer och anal k\u00f6rtelcancer hos hundar Evidensbaserad veterin\u00e4rguide till symtom, diagnos, stadieindelning, behandlingsalternativ och l\u00e5ngsiktig hantering f\u00f6r husdjurs\u00e4gare och veterin\u00e4rteam. Veterin\u00e4rutbildning \u00c4garv\u00e4nlig Evidensbaserad Integrativ onkologi Senast uppdaterad: 2026-01-16 \u00b7 Granskad av:\u2026","rel":"","context":"Liknande inl\u00e4gg","block_context":{"text":"Liknande inl\u00e4gg","link":""},"img":{"alt_text":"","src":"","width":0,"height":0},"classes":[]}],"jetpack_sharing_enabled":true,"jetpack_likes_enabled":true,"_links":{"self":[{"href":"https:\/\/www.tcm-vet.com\/sv\/wp-json\/wp\/v2\/pages\/20749","targetHints":{"allow":["GET"]}}],"collection":[{"href":"https:\/\/www.tcm-vet.com\/sv\/wp-json\/wp\/v2\/pages"}],"about":[{"href":"https:\/\/www.tcm-vet.com\/sv\/wp-json\/wp\/v2\/types\/page"}],"author":[{"embeddable":true,"href":"https:\/\/www.tcm-vet.com\/sv\/wp-json\/wp\/v2\/users\/1"}],"replies":[{"embeddable":true,"href":"https:\/\/www.tcm-vet.com\/sv\/wp-json\/wp\/v2\/comments?post=20749"}],"version-history":[{"count":0,"href":"https:\/\/www.tcm-vet.com\/sv\/wp-json\/wp\/v2\/pages\/20749\/revisions"}],"wp:attachment":[{"href":"https:\/\/www.tcm-vet.com\/sv\/wp-json\/wp\/v2\/media?parent=20749"}],"curies":[{"name":"wp","href":"https:\/\/api.w.org\/{rel}","templated":true}]}}