{"id":20760,"date":"2025-10-19T19:23:55","date_gmt":"2025-10-19T19:23:55","guid":{"rendered":"https:\/\/www.tcm-vet.com\/?page_id=20760"},"modified":"2025-11-20T16:17:27","modified_gmt":"2025-11-20T16:17:27","slug":"affiliate-villkor-for-anvandning","status":"publish","type":"page","link":"https:\/\/www.tcm-vet.com\/sv\/affiliate-terms-of-use\/","title":{"rendered":"Affiliate Villkor f\u00f6r anv\u00e4ndning"},"content":{"rendered":"<p>Som en auktoriserad affiliate (Affiliate) av TCMVET, godk\u00e4nner du att f\u00f6lja de villkor och best\u00e4mmelser som finns i detta Avtal (Agreement). V\u00e4nligen l\u00e4s hela avtalet noggrant innan du registrerar dig och marknadsf\u00f6r TCMVET som en Affiliate.<\/p>\n\t\n\n\t\n\t\t<p>Din deltagande i Programmet \u00e4r enbart f\u00f6r att lagligt annonsera v\u00e5r webbplats f\u00f6r att f\u00e5 en provision p\u00e5 medlemskap och produkter som k\u00f6ps av individer som h\u00e4nvisas till TCMVET av din egen webbplats eller personliga h\u00e4nvisningar.<\/p>\n\t\n\n\t\n\t\t<p>Genom att registrera dig f\u00f6r TCMVET Affiliate Program (Program), indikerar du din acceptans av detta Avtal och dess villkor.<\/p>\n\t\n\n\t\n\t<h2 class=\"wp-block-heading\" id=\"approval-or-rejection\">Godk\u00e4nnande eller Avslag av Ans\u00f6kan<\/h2>\n\t\n\n\t\n\t<p>Vi f\u00f6rbeh\u00e5ller oss r\u00e4tten att godk\u00e4nna eller avsl\u00e5 ALLA Affiliate Program Ans\u00f6kningar efter v\u00e5rt eget och absoluta omd\u00f6me. Du kommer inte att ha n\u00e5gon r\u00e4ttslig \u00e5tg\u00e4rd mot oss f\u00f6r avslaget av din Affiliate Program Ans\u00f6kan.<\/p>\n\t\n\n\t\n\t<h2 class=\"wp-block-heading\" id=\"commissions\">Provisioner<\/h2>\n\t\n\n\t\n\t<p>Provisioner kommer att betalas en g\u00e5ng i m\u00e5naden. F\u00f6r att en Affiliate ska f\u00e5 en provision m\u00e5ste det h\u00e4nvisade kontot f\u00f6rbli aktivt i minst 31 dagar.<\/p>\n\t\n\n\t\n\t<p>Du kan inte h\u00e4nvisa dig sj\u00e4lv, och du kommer inte att f\u00e5 en provision p\u00e5 dina egna konton.<\/p>\n\t\n\n\t\n\t<p>Betalningar kommer endast att skickas f\u00f6r transaktioner som har genomf\u00f6rts framg\u00e5ngsrikt. Transaktioner som resulterar i \u00e5terbetalningar eller \u00e5terkrav kommer inte att betalas ut.<\/p>\n\t\n\n\t\n\t<h2 class=\"wp-block-heading\" id=\"termination\">Upps\u00e4gning<\/h2>\n\t\n\n\t\n\t<p>Din affiliateans\u00f6kan och status i Programmet kan suspenderas eller avslutas av n\u00e5got av f\u00f6ljande sk\u00e4l:<\/p>\n\t\n\n\t\n\t<ul class=\"wp-block-list\">\n\t\t<li>Ol\u00e4mpliga annonser (falska p\u00e5st\u00e5enden, vilseledande hyperl\u00e4nkar, etc.).<\/li>\n\t\t<li>Spamming (massutskick av e-post, masspublicering i nyhetsgrupper, etc.).<\/li>\n\t\t<li>Annonsering p\u00e5 webbplatser som inneh\u00e5ller eller fr\u00e4mjar olagliga aktiviteter.<\/li>\n\t\t<li>Underl\u00e5tenhet att avsl\u00f6ja affiliatef\u00f6rh\u00e5llandet f\u00f6r n\u00e5gon marknadsf\u00f6ring som kvalificerar som en rekommendation enligt g\u00e4llande riktlinjer och regler fr\u00e5n Federal Trade Commission, eller n\u00e5gra till\u00e4mpliga statliga lagar.<\/li>\n\t\t\t\t<li>\u00d6vertr\u00e4delse av immateriella r\u00e4ttigheter. TCMVET f\u00f6rbeh\u00e5ller sig r\u00e4tten att kr\u00e4va licensavtal fr\u00e5n dem som anv\u00e4nder varum\u00e4rken fr\u00e5n TCMVET f\u00f6r att skydda v\u00e5ra immateriella r\u00e4ttigheter.<\/li>\n\t\t\t\t<li>Erbjudande av rabatter, kuponger eller annan form av lovade kick-backs fr\u00e5n din affiliateprovision som incitament. Att l\u00e4gga till bonusar eller paketera andra produkter med TCMVET \u00e4r dock acceptabelt.<\/li>\n\t\t<li>Sj\u00e4lvh\u00e4nvisningar, bedr\u00e4gliga transaktioner, misst\u00e4nkt Affiliate-bedr\u00e4geri.<\/li>\n\t<\/ul>\n\t\n\n\t\n\t\t<p>Ut\u00f6ver det f\u00f6reg\u00e5ende f\u00f6rbeh\u00e5ller sig TCMVET r\u00e4tten att avsluta vilket Affiliate-konto som helst n\u00e4r som helst, f\u00f6r eventuella \u00f6vertr\u00e4delser av detta Avtal eller utan anledning.<\/p>\n\t\n\n\t\n\t<h2 class=\"wp-block-heading\" id=\"affiliate-links\">Affiliate-l\u00e4nkar<\/h2>\n\t\n\n\t\n\t\t<p>Du f\u00e5r anv\u00e4nda grafiska och textl\u00e4nkar b\u00e5de p\u00e5 din webbplats och i dina e-postmeddelanden. Du f\u00e5r ocks\u00e5 annonsera TCMVET-webbplatsen i online- och offline-annonser, tidskrifter och tidningar.<\/p>\n\t\n\n\t\n\t<p>Du f\u00e5r anv\u00e4nda de grafiker och texter som tillhandah\u00e5lls av oss, eller s\u00e5 kan du skapa dina egna s\u00e5 l\u00e4nge de anses l\u00e4mpliga enligt villkoren och inte bryter mot vad som anges i avsnittet om upps\u00e4gning.<\/p>\n\t\n\n\t\n\t<h2 class=\"wp-block-heading\" id=\"coupon-and-deal-sites\">Kupong- och erbjudandesajter<\/h2>\n\t\n\n\t\n\t\t<p>TCMVET erbjuder ibland kuponger till utvalda affiliates och till v\u00e5ra nyhetsbrevsprenumeranter. Om du inte \u00e4r f\u00f6rhandsgodk\u00e4nd \/ tilldelad en m\u00e4rkt kupong, s\u00e5 f\u00e5r du inte marknadsf\u00f6ra kupongen. Nedan \u00e4r villkoren som g\u00e4ller f\u00f6r alla affiliates som \u00f6verv\u00e4ger att marknadsf\u00f6ra v\u00e5ra produkter i samband med ett erbjudande eller kupong:<\/p>\n\t\n\n\t\n\t<ul class=\"wp-block-list\">\n\t\t<li>Affiliates f\u00e5r inte anv\u00e4nda vilseledande text p\u00e5 affiliate-l\u00e4nkar, knappar eller bilder f\u00f6r att antyda att n\u00e5got annat \u00e4n f\u00f6r n\u00e4rvarande auktoriserade erbjudanden g\u00e4ller f\u00f6r den specifika affiliaten.<\/li>\n\t\t\t\t<li>Affiliates f\u00e5r inte bjuda p\u00e5 TCMVET-kuponger, TCMVET-rabatter eller andra fraser som antyder att kuponger \u00e4r tillg\u00e4ngliga.<\/li>\n\t\t<li>Affiliates f\u00e5r inte generera pop-ups, pop-unders, iframes, ramar eller n\u00e5gra andra synliga eller osynliga \u00e5tg\u00e4rder som st\u00e4ller in affiliate-cookies om inte anv\u00e4ndaren har uttryckt ett klart och tydligt intresse f\u00f6r att aktivera en specifik besparing genom att klicka p\u00e5 en tydligt markerad l\u00e4nk, knapp eller bild f\u00f6r den specifika kupongen eller erbjudandet. Din l\u00e4nk m\u00e5ste skicka bes\u00f6karen till handlarens webbplats.<\/li>\n\t\t<li>Anv\u00e4ndaren m\u00e5ste kunna se kupong-\/erbjudande-\/besparingsinformation och detaljer innan en affiliate-cookie st\u00e4lls in (dvs. \u201cklicka h\u00e4r f\u00f6r att se kuponger och \u00f6ppna ett f\u00f6nster till handlarens webbplats\u201d \u00e4r INTE till\u00e5tet).<\/li>\n\t\t<li>Affiliatesajter f\u00e5r inte ha \u201cKlicka f\u00f6r (eller f\u00f6r att se) Erbjudande\/Kupong\u201d eller n\u00e5gon variation, n\u00e4r det inte finns n\u00e5gra kuponger eller erbjudanden tillg\u00e4ngliga, och klicket \u00f6ppnar handlarens webbplats eller st\u00e4ller in en cookie. Affiliates med s\u00e5dan text p\u00e5 handlarens landningssida kommer att tas bort fr\u00e5n programmet omedelbart.<\/li>\n\t<\/ul>\n\t\n\n\t\n\t<h2 class=\"wp-block-heading\" id=\"ppc-policy\">Betala per klick (PPC) policy<\/h2>\n\t\n\n\t\n\t<p>PPC-budgivning \u00e4r INTE till\u00e5ten utan f\u00f6reg\u00e5ende skriftligt tillst\u00e5nd.<\/p>\n\t\n\n\t\n\t<h2 class=\"wp-block-heading\" id=\"liability\">Ansvar<\/h2>\n\t\n\n\t\n\t\t<p>TCMVET kommer inte att vara ansvarig f\u00f6r indirekta eller oavsiktliga skador (f\u00f6rlust av int\u00e4kter, provisioner) p\u00e5 grund av affiliate-sp\u00e5rningsfel, f\u00f6rlust av databasfiler eller n\u00e5gra resultat av avsikter att skada programmet och\/eller v\u00e5ra webbplatser.<\/p>\n\t\n\n\t\n\t\t<p>Vi ger inga uttryckliga eller underf\u00f6rst\u00e5dda garantier avseende programmet och\/eller medlemskapen eller produkter som s\u00e4ljs av TCMVET. Vi g\u00f6r inga anspr\u00e5k p\u00e5 att driften av programmet och\/eller v\u00e5ra webbplatser kommer att vara felfri och vi kommer inte att vara ansvariga f\u00f6r n\u00e5gra avbrott eller fel.<\/p>\n\t\n\n\t\n\t<h2 class=\"wp-block-heading\" id=\"term-of-agreement\">Avtalets giltighetstid<\/h2>\n\t\n\n\t\n\t<p>Giltighetstiden f\u00f6r detta avtal b\u00f6rjar vid din acceptans i programmet och slutar n\u00e4r ditt affiliatekonto avslutas.<\/p>\n\t\n\n\t\n\t<p>Villkoren f\u00f6r detta avtal kan \u00e4ndras av oss n\u00e4r som helst. Om n\u00e5gon \u00e4ndring av villkoren f\u00f6r detta avtal \u00e4r oacceptabel f\u00f6r dig, \u00e4r ditt enda val att avsluta ditt affiliatekonto. Din fortsatta deltagande i programmet kommer att utg\u00f6ra din acceptans av eventuella \u00e4ndringar.<\/p>\n\t\n\n\t\n\t<h2 class=\"wp-block-heading\" id=\"indemnification\">Skadeers\u00e4ttning<\/h2>\n\t\n\n\t\n\t\t<p>Affiliate ska h\u00e5lla TCMVET och dess affiliate- och dotterbolag, tj\u00e4nstem\u00e4n, styrelseledam\u00f6ter, anst\u00e4llda, licenstagare, eftertr\u00e4dare och tilldelningar, inklusive de som \u00e4r licensierade eller auktoriserade av TCMVET att \u00f6verf\u00f6ra och distribuera material, skadesl\u00f6sa fr\u00e5n alla och varje ansvar, skador, b\u00f6ter, domar, krav, kostnader, f\u00f6rluster och utgifter (inklusive rimliga juridiska avgifter och kostnader) som uppst\u00e5r ur eller relaterar till alla och varje krav som uppst\u00e5r i samband med detta avtal p\u00e5 grund av v\u00e5rdsl\u00f6shet, felaktig information, underl\u00e5tenhet att avsl\u00f6ja eller avsiktligt felaktigt beteende fr\u00e5n affiliate.<\/p>\n\t\n\n\t\n\t<h2 class=\"wp-block-heading\" id=\"electronic-signatures-effective\">Elektroniska signaturer g\u00e4ller<\/h2>\n\t\n\n\t\n\t\t<p>Avtalet \u00e4r ett elektroniskt kontrakt som fastst\u00e4ller de juridiskt bindande villkoren f\u00f6r ditt deltagande i TCMVET:s affiliateprogram.<\/p>","protected":false},"excerpt":{"rendered":"<p>As an authorized affiliate (Affiliate) of TCMVET, you agree to abide by the terms and conditions contained in this Agreement (Agreement). Please read the entire Agreement carefully before registering and promoting TCMVET as an Affiliate. Your participation in the Program is solely to legally advertise our website to receive a commission on memberships and products [&hellip;]<\/p>\n","protected":false},"author":1,"featured_media":0,"parent":0,"menu_order":0,"comment_status":"closed","ping_status":"closed","template":"","meta":{"_et_pb_use_builder":"","_et_pb_old_content":"","_et_gb_content_width":"1080","footnotes":""},"class_list":["post-20760","page","type-page","status-publish","hentry"],"jetpack-related-posts":[],"jetpack_sharing_enabled":true,"jetpack_likes_enabled":true,"_links":{"self":[{"href":"https:\/\/www.tcm-vet.com\/sv\/wp-json\/wp\/v2\/pages\/20760","targetHints":{"allow":["GET"]}}],"collection":[{"href":"https:\/\/www.tcm-vet.com\/sv\/wp-json\/wp\/v2\/pages"}],"about":[{"href":"https:\/\/www.tcm-vet.com\/sv\/wp-json\/wp\/v2\/types\/page"}],"author":[{"embeddable":true,"href":"https:\/\/www.tcm-vet.com\/sv\/wp-json\/wp\/v2\/users\/1"}],"replies":[{"embeddable":true,"href":"https:\/\/www.tcm-vet.com\/sv\/wp-json\/wp\/v2\/comments?post=20760"}],"version-history":[{"count":0,"href":"https:\/\/www.tcm-vet.com\/sv\/wp-json\/wp\/v2\/pages\/20760\/revisions"}],"wp:attachment":[{"href":"https:\/\/www.tcm-vet.com\/sv\/wp-json\/wp\/v2\/media?parent=20760"}],"curies":[{"name":"wp","href":"https:\/\/api.w.org\/{rel}","templated":true}]}}