{"id":26816,"date":"2026-02-01T16:42:35","date_gmt":"2026-02-01T16:42:35","guid":{"rendered":"https:\/\/www.tcm-vet.com\/user-dashboard\/"},"modified":"2026-02-01T16:42:35","modified_gmt":"2026-02-01T16:42:35","slug":"anvandarpanel","status":"publish","type":"page","link":"https:\/\/www.tcm-vet.com\/sv\/user-dashboard\/","title":{"rendered":"Anv\u00e4ndardashboard"},"content":{"rendered":"<p>[wpdm_user_dashboard]<\/p>\n","protected":false},"excerpt":{"rendered":"<p>[wpdm_user_dashboard]<\/p>\n","protected":false},"author":1,"featured_media":0,"parent":0,"menu_order":0,"comment_status":"closed","ping_status":"closed","template":"","meta":{"_et_pb_use_builder":"","_et_pb_old_content":"","_et_gb_content_width":"","footnotes":""},"class_list":["post-26816","page","type-page","status-publish","hentry"],"jetpack-related-posts":[{"id":3,"url":"https:\/\/www.tcm-vet.com\/sv\/privacy-policy\/","url_meta":{"origin":26816,"position":0},"title":"Integritetspolicy","author":"TCMVET","date":"oktober 7, 2022","format":false,"excerpt":"Vem vi \u00e4rV\u00e5r webbplats \u00e4r: https:\/\/www.tcm-vet.com. KommentarerN\u00e4r en bes\u00f6kare l\u00e4mnar en kommentar p\u00e5 sidan, samlar vi in de uppgifter som visas i kommentarformul\u00e4ret,\u2026","rel":"","context":"Liknande inl\u00e4gg","block_context":{"text":"Liknande inl\u00e4gg","link":""},"img":{"alt_text":"","src":"","width":0,"height":0},"classes":[]},{"id":20760,"url":"https:\/\/www.tcm-vet.com\/sv\/affiliate-terms-of-use\/","url_meta":{"origin":26816,"position":1},"title":"Affiliate Villkor f\u00f6r anv\u00e4ndning","author":"TCMVET","date":"oktober 19, 2025","format":false,"excerpt":"Som en auktoriserad affiliate (Affiliate) av TCMVET, samtycker du till att f\u00f6lja de villkor och best\u00e4mmelser som finns i detta Avtal (Agreement).","rel":"","context":"Liknande inl\u00e4gg","block_context":{"text":"Liknande inl\u00e4gg","link":""},"img":{"alt_text":"","src":"","width":0,"height":0},"classes":[]},{"id":613,"url":"https:\/\/www.tcm-vet.com\/sv\/calculator\/","url_meta":{"origin":26816,"position":2},"title":"Kalkylator","author":"TCMVET","date":"oktober 18, 2022","format":false,"excerpt":"","rel":"","context":"Liknande inl\u00e4gg","block_context":{"text":"Liknande inl\u00e4gg","link":""},"img":{"alt_text":"","src":"","width":0,"height":0},"classes":[]}],"jetpack_sharing_enabled":true,"jetpack_likes_enabled":true,"_links":{"self":[{"href":"https:\/\/www.tcm-vet.com\/sv\/wp-json\/wp\/v2\/pages\/26816","targetHints":{"allow":["GET"]}}],"collection":[{"href":"https:\/\/www.tcm-vet.com\/sv\/wp-json\/wp\/v2\/pages"}],"about":[{"href":"https:\/\/www.tcm-vet.com\/sv\/wp-json\/wp\/v2\/types\/page"}],"author":[{"embeddable":true,"href":"https:\/\/www.tcm-vet.com\/sv\/wp-json\/wp\/v2\/users\/1"}],"replies":[{"embeddable":true,"href":"https:\/\/www.tcm-vet.com\/sv\/wp-json\/wp\/v2\/comments?post=26816"}],"version-history":[{"count":0,"href":"https:\/\/www.tcm-vet.com\/sv\/wp-json\/wp\/v2\/pages\/26816\/revisions"}],"wp:attachment":[{"href":"https:\/\/www.tcm-vet.com\/sv\/wp-json\/wp\/v2\/media?parent=26816"}],"curies":[{"name":"wp","href":"https:\/\/api.w.org\/{rel}","templated":true}]}}