{"id":2840,"date":"2023-07-11T14:54:07","date_gmt":"2023-07-11T14:54:07","guid":{"rendered":"https:\/\/www.tcm-vet.com\/parcel-panel\/"},"modified":"2023-07-11T16:34:08","modified_gmt":"2023-07-11T16:34:08","slug":"paketpanel","status":"publish","type":"page","link":"https:\/\/www.tcm-vet.com\/sv\/parcel-panel\/","title":{"rendered":"Sp\u00e5ra din order"},"content":{"rendered":"<p>[et_pb_section fb_built=&#8221;1&#8243; admin_label=&#8221;section&#8221; _builder_version=&#8221;4.16&#8243; global_colors_info=&#8221;{}&#8221;][et_pb_row admin_label=&#8221;row&#8221; _builder_version=&#8221;4.16&#8243; background_size=&#8221;initial&#8221; background_position=&#8221;top_left&#8221; background_repeat=&#8221;repeat&#8221; global_colors_info=&#8221;{}&#8221;][et_pb_column type=&#8221;4_4&#8243; _builder_version=&#8221;4.16&#8243; custom_padding=&#8221;|||&#8221; global_colors_info=&#8221;{}&#8221; custom_padding__hover=&#8221;|||&#8221;][et_pb_text admin_label=&#8221;Text&#8221; _builder_version=&#8221;4.21.0&#8243; background_size=&#8221;initial&#8221; background_position=&#8221;top_left&#8221; background_repeat=&#8221;repeat&#8221; hover_enabled=&#8221;0&#8243; global_colors_info=&#8221;{}&#8221; text_text_color=&#8221;#000000&#8243; header_text_color=&#8221;#000000&#8243; sticky_enabled=&#8221;0&#8243;]<\/p>\n<style>\n            #pp-root .pp-loading-container {\n            margin: 60px auto 0;\n            width: 150px;\n            }\n            #pp-root .pp-loading-container .loading {\n            display: flex;\n            height: 80px;\n            justify-content: space-around;\n            align-items: center;\n            }\n            #pp-root .pp-loading-container span {\n            width: 10px;\n            height: 10px;\n            background-color: #e6e6e6;\n            border-radius: 50%;\n            display: inline-block;\n            line-height: 80px;\n            animation: loading 2s infinite ease;\n            -webkit-animation: loading 2s infinite ease;\n            }\n            #pp-root .pp-loading-container span:nth-child(1) {\n            animation-delay: 0s;\n            -webkit-animation-delay: 0s;\n            }\n            #pp-root .pp-loading-container span:nth-child(2) {\n            animation-delay: 0.2s;\n            -webkit-animation-delay: 0.2s;\n            }\n            #pp-root .pp-loading-container span:nth-child(3) {\n            animation-delay: 0.4s;\n            -webkit-animation-delay: 0.4s;\n            }\n            #pp-root .pp-loading-container span:nth-child(4) {\n            animation-delay: 0.6s;\n            -webkit-animation-delay: 0.6s;\n            }\n            #pp-root .pp-loading-container span:nth-child(5) {\n            animation-delay: 0.8s;\n            -webkit-animation-delay: 0.8s;\n            }\n            #pp-root .pp-loading-container span:nth-child(6) {\n            animation-delay: 1s;\n            -webkit-animation-delay: 1s;\n            }\n            @keyframes loading {\n            0% {\n                transform: scale(1);\n            }\n            20% {\n                transform: scale(2.5);\n            }\n            40% {\n                transform: scale(1);\n            }\n            }\n        <\/style><div id=\"pp-root\"><div class=\"pp-loading-container\">\n            <div class=\"loading\">\n            <span><\/span>\n            <span><\/span>\n            <span><\/span>\n            <span><\/span>\n            <span><\/span>\n            <span><\/span>\n            <\/div>\n        <\/div><\/div>\n<p>[\/et_pb_text][\/et_pb_column][\/et_pb_row][\/et_pb_section]<\/p>\n","protected":false},"excerpt":{"rendered":"<style>\n            #pp-root .pp-loading-container {\n            margin: 60px auto 0;\n            width: 150px;\n            }\n            #pp-root .pp-loading-container .loading {\n            display: flex;\n            height: 80px;\n            justify-content: space-around;\n            align-items: center;\n            }\n            #pp-root .pp-loading-container span {\n            width: 10px;\n            height: 10px;\n            background-color: #e6e6e6;\n            border-radius: 50%;\n            display: inline-block;\n            line-height: 80px;\n            animation: loading 2s infinite ease;\n            -webkit-animation: loading 2s infinite ease;\n            }\n            #pp-root .pp-loading-container span:nth-child(1) {\n            animation-delay: 0s;\n            -webkit-animation-delay: 0s;\n            }\n            #pp-root .pp-loading-container span:nth-child(2) {\n            animation-delay: 0.2s;\n            -webkit-animation-delay: 0.2s;\n            }\n            #pp-root .pp-loading-container span:nth-child(3) {\n            animation-delay: 0.4s;\n            -webkit-animation-delay: 0.4s;\n            }\n            #pp-root .pp-loading-container span:nth-child(4) {\n            animation-delay: 0.6s;\n            -webkit-animation-delay: 0.6s;\n            }\n            #pp-root .pp-loading-container span:nth-child(5) {\n            animation-delay: 0.8s;\n            -webkit-animation-delay: 0.8s;\n            }\n            #pp-root .pp-loading-container span:nth-child(6) {\n            animation-delay: 1s;\n            -webkit-animation-delay: 1s;\n            }\n            @keyframes loading {\n            0% {\n                transform: scale(1);\n            }\n            20% {\n                transform: scale(2.5);\n            }\n            40% {\n                transform: scale(1);\n            }\n            }\n        <\/style><div id=\"pp-root\"><div class=\"pp-loading-container\">\n            <div class=\"loading\">\n            <span><\/span>\n            <span><\/span>\n            <span><\/span>\n            <span><\/span>\n            <span><\/span>\n            <span><\/span>\n            <\/div>\n        <\/div><\/div>","protected":false},"author":1,"featured_media":0,"parent":0,"menu_order":0,"comment_status":"closed","ping_status":"closed","template":"","meta":{"_et_pb_use_builder":"on","_et_pb_old_content":"[pp-track-page]","_et_gb_content_width":"","footnotes":""},"class_list":["post-2840","page","type-page","status-publish","hentry"],"jetpack-related-posts":[{"id":512,"url":"https:\/\/www.tcm-vet.com\/sv\/checkout\/","url_meta":{"origin":2840,"position":0},"title":"Kolla upp","author":"TCMVET","date":"oktober 14, 2022","format":false,"excerpt":"","rel":"","context":"Liknande inl\u00e4gg","block_context":{"text":"Liknande inl\u00e4gg","link":""},"img":{"alt_text":"","src":"","width":0,"height":0},"classes":[]},{"id":510,"url":"https:\/\/www.tcm-vet.com\/sv\/cart\/","url_meta":{"origin":2840,"position":1},"title":"Vagn","author":"TCMVET","date":"oktober 14, 2022","format":false,"excerpt":"","rel":"","context":"Liknande inl\u00e4gg","block_context":{"text":"Liknande inl\u00e4gg","link":""},"img":{"alt_text":"","src":"","width":0,"height":0},"classes":[]},{"id":613,"url":"https:\/\/www.tcm-vet.com\/sv\/calculator\/","url_meta":{"origin":2840,"position":2},"title":"Kalkylator","author":"TCMVET","date":"oktober 18, 2022","format":false,"excerpt":"","rel":"","context":"Liknande inl\u00e4gg","block_context":{"text":"Liknande inl\u00e4gg","link":""},"img":{"alt_text":"","src":"","width":0,"height":0},"classes":[]},{"id":63,"url":"https:\/\/www.tcm-vet.com\/sv\/product\/","url_meta":{"origin":2840,"position":3},"title":"Produkt","author":"TCMVET","date":"oktober 7, 2022","format":false,"excerpt":"","rel":"","context":"Liknande inl\u00e4gg","block_context":{"text":"Liknande inl\u00e4gg","link":""},"img":{"alt_text":"","src":"","width":0,"height":0},"classes":[]},{"id":26726,"url":"https:\/\/www.tcm-vet.com\/sv\/yang-daily-care-plan-for-dogs\/","url_meta":{"origin":2840,"position":4},"title":"Yang Daglig V\u00e5rdplan f\u00f6r Hundar","author":"TCMVET","date":"januari 30, 2026","format":false,"excerpt":"","rel":"","context":"Liknande inl\u00e4gg","block_context":{"text":"Liknande inl\u00e4gg","link":""},"img":{"alt_text":"","src":"","width":0,"height":0},"classes":[]},{"id":1398,"url":"https:\/\/www.tcm-vet.com\/sv\/shipping\/","url_meta":{"origin":2840,"position":5},"title":"Frakt","author":"TCMVET","date":"november 10, 2022","format":false,"excerpt":"","rel":"","context":"Liknande inl\u00e4gg","block_context":{"text":"Liknande inl\u00e4gg","link":""},"img":{"alt_text":"","src":"","width":0,"height":0},"classes":[]}],"jetpack_sharing_enabled":true,"jetpack_likes_enabled":true,"_links":{"self":[{"href":"https:\/\/www.tcm-vet.com\/sv\/wp-json\/wp\/v2\/pages\/2840","targetHints":{"allow":["GET"]}}],"collection":[{"href":"https:\/\/www.tcm-vet.com\/sv\/wp-json\/wp\/v2\/pages"}],"about":[{"href":"https:\/\/www.tcm-vet.com\/sv\/wp-json\/wp\/v2\/types\/page"}],"author":[{"embeddable":true,"href":"https:\/\/www.tcm-vet.com\/sv\/wp-json\/wp\/v2\/users\/1"}],"replies":[{"embeddable":true,"href":"https:\/\/www.tcm-vet.com\/sv\/wp-json\/wp\/v2\/comments?post=2840"}],"version-history":[{"count":0,"href":"https:\/\/www.tcm-vet.com\/sv\/wp-json\/wp\/v2\/pages\/2840\/revisions"}],"wp:attachment":[{"href":"https:\/\/www.tcm-vet.com\/sv\/wp-json\/wp\/v2\/media?parent=2840"}],"curies":[{"name":"wp","href":"https:\/\/api.w.org\/{rel}","templated":true}]}}