{"id":26806,"date":"2026-02-01T11:41:00","date_gmt":"2026-02-01T11:41:00","guid":{"rendered":"https:\/\/www.tcm-vet.com\/?post_type=product&#038;p=26806"},"modified":"2026-03-11T02:30:03","modified_gmt":"2026-03-11T02:30:03","slug":"yunnan-baiyao-kapslar-for-husdjur-10-pack","status":"publish","type":"product","link":"https:\/\/www.tcm-vet.com\/sv\/product\/yunnan-baiyao-capsules-for-pets-10-pack\/","title":{"rendered":"Yunnan Baiyao kosttillskott kapslar f\u00f6r husdjur 10-pack"},"content":{"rendered":"<p>Yunnan Baiyao-tillskott f\u00f6r hundar<\/p>\n<p>Produktens h\u00f6jdpunkter:<\/p>\n<p>\u2022 B\u00e4sts\u00e4ljande och betrodd av husdjurs\u00e4gare<\/p>\n<p>\u2022 Fr\u00e5n Yunnan Baiyao, ett v\u00e4lk\u00e4nt och betrott traditionellt kinesiskt m\u00e4rke<\/p>\n<p>\u2022 Traditionell \u00f6rtbaserad formulering<\/p>\n<p>Varf\u00f6r v\u00e4lja denna produkt:<\/p>\n<p>1. Direkt leverans fr\u00e5n Kina<\/p>\n<p>Skickas direkt fr\u00e5n Hongkong \/ Fastlandskina.<\/p>\n<p>2. Betrott traditionellt m\u00e4rke<\/p>\n<p>Fr\u00e5n Yunnan Baiyao, ett v\u00e4lk\u00e4nt och betrott traditionellt kinesiskt m\u00e4rke med ett l\u00e5ngvarigt rykte.<\/p>\n<p>3. Bekv\u00e4m l\u00e5ngsiktig f\u00f6rs\u00f6rjning<\/p>\n<p>10-f\u00f6rpackning hj\u00e4lper till att f\u00f6renkla planeringen och s\u00e4kerst\u00e4ller kontinuitet utan frekvent ombest\u00e4llning.<\/p>\n<p>Produktinformation:<\/p>\n<p>Typ: V\u00e4xtbaserat tillskott<\/p>\n<p>Format: Kapslar<\/p>\n<p>Styrka: 250 mg per kapsel<\/p>\n<p>F\u00f6rpackningsstorlek: 10-f\u00f6rpackning (16 kapslar per f\u00f6rpackning; totalt 160 kapslar)<\/p>\n<p>F\u00f6rvaring:<\/p>\n<p>F\u00f6rvara p\u00e5 en sval, torr plats.<\/p>\n<p>Lagerpack:<\/p>\n<p>Levereras som en 10-f\u00f6rpackning f\u00f6r bekv\u00e4mlighet och kontinuitet i anv\u00e4ndningen.<\/p>\n<p>Frakt och leverans:<\/p>\n<p>Avs\u00e4ndning fr\u00e5n: Hongkong \/ Fastlandskina<\/p>\n<p>Leveranstid: 10\u201315 arbetsdagar<\/p>\n<p>Sp\u00e5rning: Internationellt sp\u00e5rningsnummer tillhandah\u00e5lls.<\/p>\n<p>Produktion &amp; Kvalitet:<\/p>\n<p>Alla artiklar \u00e4r nyproducerade med en h\u00e5llbarhet p\u00e5 3 \u00e5r.<\/p>","protected":false},"excerpt":{"rendered":"<ul>\n<li><strong>F\u00f6rpackningsstorlek:<\/strong> 10 l\u00e5dor<\/li>\n<li><strong>Per l\u00e5da:<\/strong> 16 kapslar + 1 r\u00f6d \u201cn\u00f6dpiller\u201d<\/li>\n<li><strong>Styrka:<\/strong> 250 mg (0,25 g) per kapsel<\/li>\n<li><strong>Anv\u00e4nd:<\/strong> Vanligtvis anv\u00e4nds f\u00f6r bl\u00f6dningsst\u00f6d enligt veterin\u00e4rens anvisningar<\/li>\n<\/ul>","protected":false},"featured_media":26876,"comment_status":"open","ping_status":"closed","template":"","meta":{"_et_pb_use_builder":"","_et_pb_old_content":"","_et_gb_content_width":""},"product_brand":[15360],"product_cat":[23],"product_tag":[15361,15363,15362],"class_list":{"0":"post-26806","1":"product","2":"type-product","3":"status-publish","4":"has-post-thumbnail","6":"product_brand-yunnan-baiyao","7":"product_cat-pet-vitamins-supplements","8":"product_tag-yunnan-baiyao","9":"product_tag-yunnan-baiyao-for-cats","10":"product_tag-yunnan-baiyao-for-dogs","11":"product_shipping_class-ynby","13":"first","14":"instock","15":"sale","16":"shipping-taxable","17":"purchasable","18":"product-type-simple"},"jetpack-related-posts":[],"jetpack_sharing_enabled":false,"jetpack_likes_enabled":false,"_links":{"self":[{"href":"https:\/\/www.tcm-vet.com\/sv\/wp-json\/wp\/v2\/product\/26806","targetHints":{"allow":["GET"]}}],"collection":[{"href":"https:\/\/www.tcm-vet.com\/sv\/wp-json\/wp\/v2\/product"}],"about":[{"href":"https:\/\/www.tcm-vet.com\/sv\/wp-json\/wp\/v2\/types\/product"}],"replies":[{"embeddable":true,"href":"https:\/\/www.tcm-vet.com\/sv\/wp-json\/wp\/v2\/comments?post=26806"}],"wp:featuredmedia":[{"embeddable":true,"href":"https:\/\/www.tcm-vet.com\/sv\/wp-json\/wp\/v2\/media\/26876"}],"wp:attachment":[{"href":"https:\/\/www.tcm-vet.com\/sv\/wp-json\/wp\/v2\/media?parent=26806"}],"wp:term":[{"taxonomy":"product_brand","embeddable":true,"href":"https:\/\/www.tcm-vet.com\/sv\/wp-json\/wp\/v2\/product_brand?post=26806"},{"taxonomy":"product_cat","embeddable":true,"href":"https:\/\/www.tcm-vet.com\/sv\/wp-json\/wp\/v2\/product_cat?post=26806"},{"taxonomy":"product_tag","embeddable":true,"href":"https:\/\/www.tcm-vet.com\/sv\/wp-json\/wp\/v2\/product_tag?post=26806"}],"curies":[{"name":"wp","href":"https:\/\/api.w.org\/{rel}","templated":true}]}}