{"id":20749,"date":"2025-10-19T17:27:38","date_gmt":"2025-10-19T17:27:38","guid":{"rendered":"https:\/\/www.tcm-vet.com\/affiliate-area\/"},"modified":"2025-11-20T16:17:06","modified_gmt":"2025-11-20T16:17:06","slug":"ortaklik-alani","status":"publish","type":"page","link":"https:\/\/www.tcm-vet.com\/tr\/affiliate-area\/","title":{"rendered":"Ortakl\u0131k Alan\u0131"},"content":{"rendered":"<p class=\"affwp-notice\">Bu sayfay\u0131 g\u00f6r\u00fcnt\u00fclemek i\u00e7in yetkiniz yok. L\u00fctfen <a href=\"https:\/\/www.tcm-vet.com\/tr\/affiliate-login\/\">giri\u015f yap\u0131n<\/a> ve tekrar deneyin.<\/p>","protected":false},"excerpt":{"rendered":"","protected":false},"author":1,"featured_media":0,"parent":0,"menu_order":0,"comment_status":"closed","ping_status":"closed","template":"","meta":{"_et_pb_use_builder":"off","_et_pb_old_content":"<!-- wp:affiliatewp\/affiliate-area \/-->","_et_gb_content_width":"1080","footnotes":""},"class_list":["post-20749","page","type-page","status-publish","hentry"],"jetpack-related-posts":[{"id":26307,"url":"https:\/\/www.tcm-vet.com\/tr\/anal-sac-carcinoma-dogs\/","url_meta":{"origin":20749,"position":0},"title":"K\u00f6peklerde Anal Kesecik Kanseri: Belirtiler, Tan\u0131, Tedavi ve Uzun Vadeli Y\u00f6netim","author":"TCMVET","date":"Ocak 15, 2026","format":false,"excerpt":"Ana Sayfa \/ K\u00f6peklerde Anal Kesecik T\u00fcm\u00f6rleri ve Anal Kesecik Kanseri K\u00f6peklerde Anal Kesecik T\u00fcm\u00f6rleri ve Anal Kesecik Kanseri Kan\u0131t temelli veteriner rehberi, semptomlar, tan\u0131, evreleme, tedavi se\u00e7enekleri ve evcil hayvan sahipleri ile veteriner ekipleri i\u00e7in uzun vadeli y\u00f6netim hakk\u0131nda.","rel":"","context":"Benzer yaz\u0131","block_context":{"text":"Benzer yaz\u0131","link":""},"img":{"alt_text":"","src":"","width":0,"height":0},"classes":[]}],"jetpack_sharing_enabled":true,"jetpack_likes_enabled":true,"_links":{"self":[{"href":"https:\/\/www.tcm-vet.com\/tr\/wp-json\/wp\/v2\/pages\/20749","targetHints":{"allow":["GET"]}}],"collection":[{"href":"https:\/\/www.tcm-vet.com\/tr\/wp-json\/wp\/v2\/pages"}],"about":[{"href":"https:\/\/www.tcm-vet.com\/tr\/wp-json\/wp\/v2\/types\/page"}],"author":[{"embeddable":true,"href":"https:\/\/www.tcm-vet.com\/tr\/wp-json\/wp\/v2\/users\/1"}],"replies":[{"embeddable":true,"href":"https:\/\/www.tcm-vet.com\/tr\/wp-json\/wp\/v2\/comments?post=20749"}],"version-history":[{"count":0,"href":"https:\/\/www.tcm-vet.com\/tr\/wp-json\/wp\/v2\/pages\/20749\/revisions"}],"wp:attachment":[{"href":"https:\/\/www.tcm-vet.com\/tr\/wp-json\/wp\/v2\/media?parent=20749"}],"curies":[{"name":"wp","href":"https:\/\/api.w.org\/{rel}","templated":true}]}}