{"id":20750,"date":"2025-10-19T17:27:40","date_gmt":"2025-10-19T17:27:40","guid":{"rendered":"https:\/\/www.tcm-vet.com\/affiliate-login\/"},"modified":"2025-12-04T21:10:04","modified_gmt":"2025-12-04T21:10:04","slug":"ortaklik-girisi","status":"publish","type":"page","link":"https:\/\/www.tcm-vet.com\/tr\/affiliate-login\/","title":{"rendered":"Ortak Giri\u015fi"},"content":{"rendered":"<form id=\"affwp-login-form-69e0ad7460375\" class=\"affwp-form affwp-login-form\" action=\"\" method=\"post\" data-trp-original-action=\"\">\n\t\t\t\n\t\t\t<fieldset>\n\t\t\t\t<legend>Hesab\u0131n\u0131za giri\u015f yap\u0131n<\/legend>\n\n\t\t\t\t\n\t\t\t\t<p>\n\t\t\t\t\t<label for=\"affwp-login-user-login\">Kullan\u0131c\u0131 ad\u0131<\/label>\n\t\t\t\t\t<input\n\t\t\t\t\t\tid=\"affwp-login-user-login\"\n\t\t\t\t\t\tclass=\"required\"\n\t\t\t\t\t\ttype=\"text\"\n\t\t\t\t\t\tname=\"affwp_user_login\"\n\t\t\t\t\t\ttitle=\"Kullan\u0131c\u0131 ad\u0131\"\n\t\t\t\t\t\tplaceholder=\"\"\n\t\t\t\t\t\/>\n\t\t\t\t<\/p>\n\n\t\t\t\t<p>\n\t\t\t\t\t<label for=\"affwp-login-user-pass\">\u015eifre<\/label>\n\t\t\t\t\t<input\n\t\t\t\t\t\tid=\"affwp-login-user-pass\"\n\t\t\t\t\t\tclass=\"password required\"\n\t\t\t\t\t\ttype=\"password\"\n\t\t\t\t\t\tname=\"affwp_user_pass\"\n\t\t\t\t\t\ttitle=\"\u015eifre\"\n\t\t\t\t\t\tplaceholder=\"\"\n\t\t\t\t\t\/>\n\t\t\t\t<\/p>\n\n\t\t\t\t<p>\n\t\t\t\t\t<label class=\"affwp-user-remember\" for=\"affwp-user-remember\">\n\t\t\t\t\t\t<input\n\t\t\t\t\t\t\tid=\"affwp-user-remember\"\n\t\t\t\t\t\t\ttype=\"checkbox\"\n\t\t\t\t\t\t\tname=\"affwp_user_remember\"\n\t\t\t\t\t\t\tvalue=\"1\"\n\t\t\t\t\t\t\/> Beni hat\u0131rla\t\t\t\t\t<\/label>\n\t\t\t\t<\/p>\n\n\n\t\t\t\t<p>\n\t\t\t\t\t<input type=\"hidden\" name=\"affwp_redirect\" value=\"https:\/\/wordpress\/tr\/wp-json\/wp\/v2\/pages\/20750\"\/>\n\t\t\t\t\t<input type=\"hidden\" name=\"affwp_login_nonce\" value=\"dab6c446ea\"\/>\n\t\t\t\t\t<input type=\"hidden\" name=\"affwp_action\" value=\"user_login\"\/>\n\n\t\t\t\t\t<input type=\"submit\" class=\"button\" value=\"Giri\u015f yap\" \/>\t\t\t\t<\/p>\n\n\t\t\t\t<p class=\"affwp-lost-password\">\n\t\t\t\t\t<a href=\"https:\/\/www.tcm-vet.com\/tr\/my-account\/lost-password\/\">\u015eifrenizi mi Unuttunuz ?<\/a>\n\t\t\t\t<\/p>\n\n\t\t\t\t\t\t\t<\/fieldset>\n\n\t\t\t\t\t<input type=\"hidden\" name=\"trp-form-language\" value=\"tr\"\/><\/form>","protected":false},"excerpt":{"rendered":"","protected":false},"author":1,"featured_media":0,"parent":0,"menu_order":0,"comment_status":"closed","ping_status":"closed","template":"","meta":{"_et_pb_use_builder":"","_et_pb_old_content":"","_et_gb_content_width":"1080","footnotes":""},"class_list":["post-20750","page","type-page","status-publish","hentry"],"jetpack-related-posts":[{"id":20760,"url":"https:\/\/www.tcm-vet.com\/tr\/affiliate-terms-of-use\/","url_meta":{"origin":20750,"position":0},"title":"Ortakl\u0131k Kullan\u0131m \u015eartlar\u0131","author":"TCMVET","date":"Ekim 19, 2025","format":false,"excerpt":"TCMVET'in yetkili bir orta\u011f\u0131 (Ortak) olarak, bu S\u00f6zle\u015fme'de (S\u00f6zle\u015fme) yer alan \u015fartlara ve ko\u015fullara uymay\u0131 kabul edersiniz. TCMVET'i bir Ortak olarak kaydolmadan ve tan\u0131tmadan \u00f6nce l\u00fctfen S\u00f6zle\u015fme'yi dikkatlice okuyun. Program'a kat\u0131l\u0131m\u0131n\u0131z, web sitemizi yasal olarak tan\u0131tmak i\u00e7in yaln\u0131zca bir\u2026","rel":"","context":"Benzer yaz\u0131","block_context":{"text":"Benzer yaz\u0131","link":""},"img":{"alt_text":"","src":"","width":0,"height":0},"classes":[]},{"id":3,"url":"https:\/\/www.tcm-vet.com\/tr\/privacy-policy\/","url_meta":{"origin":20750,"position":1},"title":"Gizlilik Politikas\u0131","author":"TCMVET","date":"Ekim 7, 2022","format":false,"excerpt":"Biz kimizWeb sitemiz: https:\/\/www.tcm-vet.com. YorumlarBir ziyaret\u00e7i sitede bir yorum b\u0131rakt\u0131\u011f\u0131nda, yorum formunda g\u00f6r\u00fcnt\u00fclenen verileri toplar\u0131z,\u2026","rel":"","context":"Benzer yaz\u0131","block_context":{"text":"Benzer yaz\u0131","link":""},"img":{"alt_text":"","src":"","width":0,"height":0},"classes":[]}],"jetpack_sharing_enabled":true,"jetpack_likes_enabled":true,"_links":{"self":[{"href":"https:\/\/www.tcm-vet.com\/tr\/wp-json\/wp\/v2\/pages\/20750","targetHints":{"allow":["GET"]}}],"collection":[{"href":"https:\/\/www.tcm-vet.com\/tr\/wp-json\/wp\/v2\/pages"}],"about":[{"href":"https:\/\/www.tcm-vet.com\/tr\/wp-json\/wp\/v2\/types\/page"}],"author":[{"embeddable":true,"href":"https:\/\/www.tcm-vet.com\/tr\/wp-json\/wp\/v2\/users\/1"}],"replies":[{"embeddable":true,"href":"https:\/\/www.tcm-vet.com\/tr\/wp-json\/wp\/v2\/comments?post=20750"}],"version-history":[{"count":0,"href":"https:\/\/www.tcm-vet.com\/tr\/wp-json\/wp\/v2\/pages\/20750\/revisions"}],"wp:attachment":[{"href":"https:\/\/www.tcm-vet.com\/tr\/wp-json\/wp\/v2\/media?parent=20750"}],"curies":[{"name":"wp","href":"https:\/\/api.w.org\/{rel}","templated":true}]}}