{"id":20760,"date":"2025-10-19T19:23:55","date_gmt":"2025-10-19T19:23:55","guid":{"rendered":"https:\/\/www.tcm-vet.com\/?page_id=20760"},"modified":"2025-11-20T16:17:27","modified_gmt":"2025-11-20T16:17:27","slug":"ortaklik-kullanim-sartlari","status":"publish","type":"page","link":"https:\/\/www.tcm-vet.com\/tr\/affiliate-terms-of-use\/","title":{"rendered":"Ortakl\u0131k Kullan\u0131m \u015eartlar\u0131"},"content":{"rendered":"<p>TCMVET'in yetkili bir orta\u011f\u0131 (Ortak) olarak, bu S\u00f6zle\u015fme'de (S\u00f6zle\u015fme) yer alan \u015fartlara ve ko\u015fullara uymay\u0131 kabul ediyorsunuz. TCMVET'i bir Ortak olarak kaydolmadan ve tan\u0131tmadan \u00f6nce l\u00fctfen S\u00f6zle\u015fme'yi dikkatlice okuyun.<\/p>\n\t\n\n\t\n\t\t<p>Program'a kat\u0131l\u0131m\u0131n\u0131z, yaln\u0131zca web sitemizi yasal olarak tan\u0131tmak ve TCMVET'e kendi web siteniz veya ki\u015fisel referanslar\u0131n\u0131z arac\u0131l\u0131\u011f\u0131yla y\u00f6nlendirilen bireylerin sat\u0131n ald\u0131\u011f\u0131 \u00fcyelikler ve \u00fcr\u00fcnler \u00fczerinden komisyon almak i\u00e7indir.<\/p>\n\t\n\n\t\n\t\t<p>TCMVET Ortak Program\u0131'na (Program) kaydoldu\u011funuzda, bu S\u00f6zle\u015fme'yi ve \u015fartlar\u0131n\u0131 kabul etti\u011finizi belirtmi\u015f olursunuz.<\/p>\n\t\n\n\t\n\t<h2 class=\"wp-block-heading\" id=\"approval-or-rejection\">Ba\u015fvurunun Onaylanmas\u0131 veya Reddedilmesi<\/h2>\n\t\n\n\t\n\t<p>Herhangi bir Ortak Program Ba\u015fvurusunu onaylama veya reddetme hakk\u0131n\u0131 tamamen ve mutlak takdirimize g\u00f6re sakl\u0131 tutuyoruz. Ortak Program Ba\u015fvurunuzun reddedilmesi nedeniyle bize kar\u015f\u0131 yasal bir ba\u015fvuruda bulunamayacaks\u0131n\u0131z.<\/p>\n\t\n\n\t\n\t<h2 class=\"wp-block-heading\" id=\"commissions\">Komisyonlar<\/h2>\n\t\n\n\t\n\t<p>Komisyonlar ayda bir kez \u00f6denecektir. Bir Ortak'\u0131n komisyon alabilmesi i\u00e7in, y\u00f6nlendirilen hesab\u0131n en az 31 g\u00fcn boyunca aktif kalmas\u0131 gerekmektedir.<\/p>\n\t\n\n\t\n\t<p>Kendinizi y\u00f6nlendiremezsiniz ve kendi hesaplar\u0131n\u0131z \u00fczerinden komisyon almayacaks\u0131n\u0131z.<\/p>\n\t\n\n\t\n\t<p>\u00d6demeler yaln\u0131zca ba\u015far\u0131yla tamamlanan i\u015flemler i\u00e7in g\u00f6nderilecektir. \u0130ade veya geri \u00f6deme ile sonu\u00e7lanan i\u015flemler \u00f6denmeyecektir.<\/p>\n\t\n\n\t\n\t<h2 class=\"wp-block-heading\" id=\"termination\">Fesih<\/h2>\n\t\n\n\t\n\t<p>Ortak ba\u015fvurunuz ve Program'daki durumunuz a\u015fa\u011f\u0131daki nedenlerden herhangi biri i\u00e7in ask\u0131ya al\u0131nabilir veya sonland\u0131r\u0131labilir:<\/p>\n\t\n\n\t\n\t<ul class=\"wp-block-list\">\n\t\t<li>Uygunsuz reklamlar (yanl\u0131\u015f iddialar, yan\u0131lt\u0131c\u0131 ba\u011flant\u0131lar vb.).<\/li>\n\t\t<li>Spam (toplu e-posta, toplu haber grubu g\u00f6nderimi vb.).<\/li>\n\t\t<li>Yasad\u0131\u015f\u0131 faaliyetleri i\u00e7eren veya te\u015fvik eden sitelerde reklam yapmak.<\/li>\n\t\t<li>Mevcut Federal Ticaret Komisyonu y\u00f6nergeleri ve d\u00fczenlemeleri veya ge\u00e7erli eyalet yasalar\u0131 uyar\u0131nca bir onay olarak nitelendirilebilecek herhangi bir tan\u0131t\u0131m i\u00e7in ortakl\u0131k ili\u015fkisini a\u00e7\u0131klamama.<\/li>\n\t\t\t\t<li>Fikri m\u00fclkiyet haklar\u0131n\u0131n ihlali. TCMVET, fikri m\u00fclkiyet haklar\u0131m\u0131z\u0131 korumak amac\u0131yla TCMVET'in ticari markalar\u0131n\u0131 kullananlardan lisans s\u00f6zle\u015fmeleri talep etme hakk\u0131n\u0131 sakl\u0131 tutar.<\/li>\n\t\t\t\t<li>Ortak komisyonunuzdan te\u015fvik olarak geri \u00f6demeler, kuponlar veya di\u011fer vaat edilen ikramiyeleri sunmak. Ancak, TCMVET ile di\u011fer \u00fcr\u00fcnleri birle\u015ftirmek veya bonus eklemek kabul edilebilir.<\/li>\n\t\t<li>Kendine y\u00f6nlendirme, sahte i\u015flemler, \u015f\u00fcpheli Ortak doland\u0131r\u0131c\u0131l\u0131\u011f\u0131.<\/li>\n\t<\/ul>\n\t\n\n\t\n\t\t<p>Yukar\u0131dakilere ek olarak, TCMVET, bu S\u00f6zle\u015fme'yi ihlal eden veya herhangi bir nedenle herhangi bir Ortak hesab\u0131n\u0131 istedi\u011fi zaman sonland\u0131rma hakk\u0131n\u0131 sakl\u0131 tutar.<\/p>\n\t\n\n\t\n\t<h2 class=\"wp-block-heading\" id=\"affiliate-links\">Ortak Ba\u011flant\u0131lar<\/h2>\n\t\n\n\t\n\t\t<p>Hem grafik hem de metin ba\u011flant\u0131lar\u0131n\u0131 hem web sitenizde hem de e-posta mesajlar\u0131n\u0131zda kullanabilirsiniz. Ayr\u0131ca TCMVET sitesini \u00e7evrimi\u00e7i ve \u00e7evrimd\u0131\u015f\u0131 ilanlarda, dergilerde ve gazetelerde de tan\u0131tabilirsiniz.<\/p>\n\t\n\n\t\n\t<p>Bizim taraf\u0131m\u0131zdan sa\u011flanan grafik ve metinleri kullanabilir veya kendi grafiklerinizi olu\u015fturabilirsiniz, yeter ki bunlar \u015fartlara uygun olarak uygun g\u00f6r\u00fcls\u00fcn ve Fesih b\u00f6l\u00fcm\u00fcnde belirtilen ihlallere neden olmas\u0131n.<\/p>\n\t\n\n\t\n\t<h2 class=\"wp-block-heading\" id=\"coupon-and-deal-sites\">Kupon ve Teklif Siteleri<\/h2>\n\t\n\n\t\n\t\t<p>TCMVET zaman zaman belirli ortaklara ve b\u00fclten abonelerine kupon sunar. \u00d6nceden onaylanmad\u0131ysan\u0131z \/ markal\u0131 bir kupon atanmad\u0131ysa, kuponu tan\u0131tman\u0131z yasakt\u0131r. A\u015fa\u011f\u0131da, \u00fcr\u00fcnlerimizi bir teklif veya kupon ile tan\u0131tmay\u0131 d\u00fc\u015f\u00fcnen herhangi bir ortak i\u00e7in ge\u00e7erli olan \u015fartlar bulunmaktad\u0131r:<\/p>\n\t\n\n\t\n\t<ul class=\"wp-block-list\">\n\t\t<li>Ortaklar, belirli bir orta\u011fa \u015fu anda yetkilendirilmi\u015f tekliflerin d\u0131\u015f\u0131nda bir \u015fey oldu\u011funu ima etmek i\u00e7in ortak ba\u011flant\u0131larda, butonlarda veya g\u00f6r\u00fcnt\u00fclerde yan\u0131lt\u0131c\u0131 metin kullanamaz.<\/li>\n\t\t\t\t<li>Ortaklar, TCMVET Kuponlar\u0131, TCMVET \u0130ndirimleri veya kuponlar\u0131n mevcut oldu\u011funu ima eden di\u011fer ifadeler \u00fczerinde teklif veremez.<\/li>\n\t\t<li>Ortaklar, kullan\u0131c\u0131 belirli bir tasarrufu etkinle\u015ftirmek i\u00e7in a\u00e7\u0131k\u00e7a i\u015faretlenmi\u015f bir ba\u011flant\u0131ya, butona veya g\u00f6r\u00fcnt\u00fcye t\u0131klayarak net ve a\u00e7\u0131k bir ilgi g\u00f6stermedi\u011fi s\u00fcrece, ortak \u00e7erezlerini ayarlayan a\u00e7\u0131l\u0131r pencereler, arka plan a\u00e7\u0131l\u0131r pencereler, iframe'ler, \u00e7er\u00e7eveler veya g\u00f6r\u00fcnen veya g\u00f6r\u00fcnmeyen di\u011fer eylemleri olu\u015fturamaz. Ba\u011flant\u0131n\u0131z ziyaret\u00e7iyi sat\u0131c\u0131 sitesine y\u00f6nlendirmelidir.<\/li>\n\t\t<li>Kullan\u0131c\u0131, bir ortak \u00e7erezi ayarlanmadan \u00f6nce kupon\/teklif\/tasarruf bilgilerini ve detaylar\u0131n\u0131 g\u00f6rebilmelidir (yani \u201ckuponlar\u0131 g\u00f6rmek i\u00e7in buraya t\u0131klay\u0131n ve sat\u0131c\u0131 sitesine bir pencere a\u00e7\u0131n\u201d izin verilmez).<\/li>\n\t\t<li>Ortak siteleri, mevcut kupon veya teklif yokken \u201cTeklif\/Kupon i\u00e7in t\u0131klay\u0131n (veya g\u00f6rmek i\u00e7in)\u201d veya herhangi bir varyasyon i\u00e7ermemelidir ve t\u0131klama sat\u0131c\u0131 sitesini a\u00e7\u0131yorsa veya bir \u00e7erez ayarl\u0131yorsa. Sat\u0131c\u0131 a\u00e7\u0131l\u0131\u015f sayfas\u0131nda b\u00f6yle bir metin bulunan ortaklar programdan derhal \u00e7\u0131kar\u0131lacakt\u0131r.<\/li>\n\t<\/ul>\n\t\n\n\t\n\t<h2 class=\"wp-block-heading\" id=\"ppc-policy\">T\u0131klama Ba\u015f\u0131na \u00d6deme (PPC) Politikas\u0131<\/h2>\n\t\n\n\t\n\t<p>PPC teklifi, \u00f6nceden yaz\u0131l\u0131 izin olmadan YASAKTIR.<\/p>\n\t\n\n\t\n\t<h2 class=\"wp-block-heading\" id=\"liability\">Sorumluluk<\/h2>\n\t\n\n\t\n\t\t<p>TCMVET, ortak izleme hatalar\u0131, veri taban\u0131 dosyalar\u0131n\u0131n kayb\u0131 veya Program'a ve\/veya web sitemize zarar verme niyetlerinin sonu\u00e7lar\u0131 nedeniyle dolayl\u0131 veya kazara hasarlardan (gelir kayb\u0131, komisyonlar) sorumlu olmayacakt\u0131r.<\/p>\n\t\n\n\t\n\t\t<p>Program ve\/veya TCMVET taraf\u0131ndan sat\u0131lan \u00fcyelikler veya \u00fcr\u00fcnler ile ilgili olarak a\u00e7\u0131k veya z\u0131mni herhangi bir garanti vermiyoruz. Program'\u0131n ve\/veya web sitemizin hatas\u0131z \u00e7al\u0131\u015faca\u011f\u0131na dair herhangi bir iddiada bulunmuyoruz ve kesintiler veya hatalar i\u00e7in sorumlu olmayaca\u011f\u0131z.<\/p>\n\t\n\n\t\n\t<h2 class=\"wp-block-heading\" id=\"term-of-agreement\">S\u00f6zle\u015fmenin S\u00fcresi<\/h2>\n\t\n\n\t\n\t<p>Bu S\u00f6zle\u015fmenin s\u00fcresi, Program'a kabul\u00fcn\u00fczle ba\u015flar ve Ortak hesab\u0131n\u0131z\u0131n feshedilmesiyle sona erer.<\/p>\n\t\n\n\t\n\t<p>Bu s\u00f6zle\u015fmenin \u015fartlar\u0131 ve ko\u015fullar\u0131 istedi\u011fimiz zaman de\u011fi\u015ftirilebilir. Bu S\u00f6zle\u015fmenin \u015fartlar\u0131 ve ko\u015fullar\u0131ndaki herhangi bir de\u011fi\u015fiklik sizin i\u00e7in kabul edilemezse, tek se\u00e7ene\u011finiz Ortak hesab\u0131n\u0131z\u0131 feshetmektir. Program'a devam eden kat\u0131l\u0131m\u0131n\u0131z, herhangi bir de\u011fi\u015fikli\u011fi kabul etti\u011finizi g\u00f6sterir.<\/p>\n\t\n\n\t\n\t<h2 class=\"wp-block-heading\" id=\"indemnification\">Tazminat<\/h2>\n\t\n\n\t\n\t\t<p>Ortak, TCMVET'i ve onun ba\u011fl\u0131 ve yan kurulu\u015flar\u0131n\u0131, yetkililerini, y\u00f6neticilerini, \u00e7al\u0131\u015fanlar\u0131n\u0131, lisans sahiplerini, haleflerini ve devralanlar\u0131n\u0131, TCMVET taraf\u0131ndan materyalleri iletmek ve da\u011f\u0131tmak i\u00e7in lisansl\u0131 veya yetkilendirilmi\u015f olanlar dahil olmak \u00fczere, bu S\u00f6zle\u015fme ile ba\u011flant\u0131l\u0131 olarak ortaya \u00e7\u0131kan veya bu S\u00f6zle\u015fme ile ilgili t\u00fcm taleplerden kaynaklanan her t\u00fcrl\u00fc sorumluluk, zarar, ceza, h\u00fck\u00fcm, talep, maliyet, kay\u0131p ve masraflardan (makul yasal \u00fccretler ve masraflar dahil) tazmin edecek ve zarar g\u00f6rmemesini sa\u011flayacakt\u0131r.<\/p>\n\t\n\n\t\n\t<h2 class=\"wp-block-heading\" id=\"electronic-signatures-effective\">Elektronik \u0130mzalar Ge\u00e7erli<\/h2>\n\t\n\n\t\n\t\t<p>Anla\u015fma, TCMVET i\u015ftirak program\u0131na kat\u0131l\u0131m\u0131n\u0131z\u0131n yasal olarak ba\u011flay\u0131c\u0131 \u015fartlar\u0131n\u0131 belirleyen bir elektronik s\u00f6zle\u015fmedir.<\/p>","protected":false},"excerpt":{"rendered":"<p>As an authorized affiliate (Affiliate) of TCMVET, you agree to abide by the terms and conditions contained in this Agreement (Agreement). Please read the entire Agreement carefully before registering and promoting TCMVET as an Affiliate. Your participation in the Program is solely to legally advertise our website to receive a commission on memberships and products [&hellip;]<\/p>\n","protected":false},"author":1,"featured_media":0,"parent":0,"menu_order":0,"comment_status":"closed","ping_status":"closed","template":"","meta":{"_et_pb_use_builder":"","_et_pb_old_content":"","_et_gb_content_width":"1080","footnotes":""},"class_list":["post-20760","page","type-page","status-publish","hentry"],"jetpack-related-posts":[],"jetpack_sharing_enabled":true,"jetpack_likes_enabled":true,"_links":{"self":[{"href":"https:\/\/www.tcm-vet.com\/tr\/wp-json\/wp\/v2\/pages\/20760","targetHints":{"allow":["GET"]}}],"collection":[{"href":"https:\/\/www.tcm-vet.com\/tr\/wp-json\/wp\/v2\/pages"}],"about":[{"href":"https:\/\/www.tcm-vet.com\/tr\/wp-json\/wp\/v2\/types\/page"}],"author":[{"embeddable":true,"href":"https:\/\/www.tcm-vet.com\/tr\/wp-json\/wp\/v2\/users\/1"}],"replies":[{"embeddable":true,"href":"https:\/\/www.tcm-vet.com\/tr\/wp-json\/wp\/v2\/comments?post=20760"}],"version-history":[{"count":0,"href":"https:\/\/www.tcm-vet.com\/tr\/wp-json\/wp\/v2\/pages\/20760\/revisions"}],"wp:attachment":[{"href":"https:\/\/www.tcm-vet.com\/tr\/wp-json\/wp\/v2\/media?parent=20760"}],"curies":[{"name":"wp","href":"https:\/\/api.w.org\/{rel}","templated":true}]}}