{"id":20786,"date":"2025-10-20T07:29:11","date_gmt":"2025-10-20T07:29:11","guid":{"rendered":"https:\/\/www.tcm-vet.com\/?page_id=20786"},"modified":"2025-12-04T19:04:47","modified_gmt":"2025-12-04T19:04:47","slug":"ortaklik-kaydi","status":"publish","type":"page","link":"https:\/\/www.tcm-vet.com\/tr\/affiliate-registration\/","title":{"rendered":"ortakl\u0131k-kay\u0131t"},"content":{"rendered":"<form id=\"affwp-register-form-2738\" class=\"affwp-form affwp-register-form\" action=\"\" method=\"post\" data-trp-original-action=\"\">\n\t\n\t<fieldset>\n\t\t<legend>New Affiliate Account Registration<\/legend>\n\n\t\t\n\t\t<p>\n\t\t\t<label for=\"affwp-user-name\">Your Name<\/label>\n\t\t\t<input id=\"affwp-user-name\" type=\"text\" name=\"affwp_user_name\" value=\"\" title=\"Your Name\"  required='required' \/>\n\t\t<\/p>\n\n\t\t<p>\n\t\t\t<label for=\"affwp-user-login\">Username<\/label>\n\t\t\t<input id=\"affwp-user-login\" required=\"required\" type=\"text\" name=\"affwp_user_login\" maxlength=\"60\" value=\"\" title=\"Username\" \/>\n\t\t<\/p>\n\n\t\t<p>\n\t\t\t<label for=\"affwp-user-email\">Account Email<\/label>\n\t\t\t<input id=\"affwp-user-email\" required=\"required\" type=\"email\" name=\"affwp_user_email\" value=\"\" title=\"Email Addresses\" \/>\n\t\t<\/p>\n\n\t\t<p>\n\t\t\t<label for=\"affwp-payment-email\">Payment Email<\/label>\n\t\t\t<input id=\"affwp-payment-email\" type=\"email\" name=\"affwp_payment_email\" value=\"\" title=\"Payment Email Addresses\" \/>\n\t\t<\/p>\n\n\t\t<p>\n\t\t\t<label for=\"affwp-user-url\">Your Website Link<\/label>\n\t\t\t<input id=\"affwp-user-url\" type=\"text\" name=\"affwp_user_url\" value=\"\" title=\"Your Website Link\"  \/>\n\t\t<\/p>\n\n\t\t<p>\n\t\t\t<label for=\"affwp-promotion-method\">How Do You Plan to Promote Us?<\/label>\n\t\t\t<textarea id=\"affwp-promotion-method\" name=\"affwp_promotion_method\" rows=\"5\" cols=\"30\" required='required'><\/textarea>\n\t\t<\/p>\n\n\t\t\n\t\t\t<p>\n\t\t\t\t<label for=\"affwp-user-pass\">Password<\/label>\n\t\t\t\t<input id=\"affwp-user-pass\" required=\"required\" class=\"password\" type=\"password\" name=\"affwp_user_pass\" \/>\n\t\t\t<\/p>\n\n\t\t\t<p>\n\t\t\t\t<label for=\"affwp-user-pass2\">Confirm Password<\/label>\n\t\t\t\t<input id=\"affwp-user-pass2\" required=\"required\" class=\"password\" type=\"password\" name=\"affwp_user_pass2\" \/>\n\t\t\t<\/p>\n\n\t\t\n\t\t\n\t\t\t\t\t\t\t<p>\n\t\t\t\t<label class=\"affwp-tos\" for=\"affwp-tos\">\n\t\t\t\t\t<input id=\"affwp-tos\" required=\"required\" type=\"checkbox\" name=\"affwp_tos\" \/>\n\t\t\t\t\t<a href=\"https:\/\/www.tcm-vet.com\/tr\/affiliate-terms-of-use\/\" target=\"_blank\">Kullan\u0131m \u015eartlar\u0131m\u0131z\u0131 ve Gizlilik Politikam\u0131z\u0131 kabul edin<\/a>\n\t\t\t\t<\/label>\n\t\t\t<\/p>\n\t\t\n\t\t\n\t\t<p>\n\t\t\t<input type=\"hidden\" name=\"affwp_honeypot\" value=\"\" \/>\n\t\t\t<input type=\"hidden\" name=\"affwp_redirect\" value=\"https:\/\/www.tcm-vet.com\/tr\/affiliate-login\/\"\/>\n\t\t\t<input type=\"hidden\" name=\"affwp_register_nonce\" value=\"fa79b75fde\" \/>\n\t\t\t<input type=\"hidden\" name=\"affwp_action\" value=\"affiliate_register\" \/>\n\n\t\t\t<input type=\"submit\" class=\"button\" value=\"Register\" \/>\t\t<\/p>\n\n\t\t\t<\/fieldset>\n\n\t<input type=\"hidden\" name=\"trp-form-language\" value=\"tr\"\/><\/form>","protected":false},"excerpt":{"rendered":"","protected":false},"author":1,"featured_media":0,"parent":0,"menu_order":0,"comment_status":"closed","ping_status":"closed","template":"","meta":{"_et_pb_use_builder":"off","_et_pb_old_content":"","_et_gb_content_width":"1080","footnotes":""},"class_list":["post-20786","page","type-page","status-publish","hentry"],"jetpack-related-posts":[{"id":20760,"url":"https:\/\/www.tcm-vet.com\/tr\/affiliate-terms-of-use\/","url_meta":{"origin":20786,"position":0},"title":"Ortakl\u0131k Kullan\u0131m \u015eartlar\u0131","author":"TCMVET","date":"Ekim 19, 2025","format":false,"excerpt":"TCMVET'in yetkili bir orta\u011f\u0131 (Ortak) olarak, bu S\u00f6zle\u015fme'de (S\u00f6zle\u015fme) yer alan \u015fartlara ve ko\u015fullara uymay\u0131 kabul edersiniz. TCMVET'i bir Ortak olarak kaydolmadan ve tan\u0131tmadan \u00f6nce l\u00fctfen S\u00f6zle\u015fme'yi dikkatlice okuyun. Program'a kat\u0131l\u0131m\u0131n\u0131z, web sitemizi yasal olarak tan\u0131tmak i\u00e7in yaln\u0131zca bir\u2026","rel":"","context":"Benzer yaz\u0131","block_context":{"text":"Benzer yaz\u0131","link":""},"img":{"alt_text":"","src":"","width":0,"height":0},"classes":[]},{"id":20749,"url":"https:\/\/www.tcm-vet.com\/tr\/affiliate-area\/","url_meta":{"origin":20786,"position":1},"title":"Ortakl\u0131k Alan\u0131","author":"TCMVET","date":"Ekim 19, 2025","format":false,"excerpt":"","rel":"","context":"Benzer yaz\u0131","block_context":{"text":"Benzer yaz\u0131","link":""},"img":{"alt_text":"","src":"","width":0,"height":0},"classes":[]},{"id":20750,"url":"https:\/\/www.tcm-vet.com\/tr\/affiliate-login\/","url_meta":{"origin":20786,"position":2},"title":"Ortak Giri\u015fi","author":"TCMVET","date":"Ekim 19, 2025","format":false,"excerpt":"","rel":"","context":"Benzer yaz\u0131","block_context":{"text":"Benzer yaz\u0131","link":""},"img":{"alt_text":"","src":"","width":0,"height":0},"classes":[]}],"jetpack_sharing_enabled":true,"jetpack_likes_enabled":true,"_links":{"self":[{"href":"https:\/\/www.tcm-vet.com\/tr\/wp-json\/wp\/v2\/pages\/20786","targetHints":{"allow":["GET"]}}],"collection":[{"href":"https:\/\/www.tcm-vet.com\/tr\/wp-json\/wp\/v2\/pages"}],"about":[{"href":"https:\/\/www.tcm-vet.com\/tr\/wp-json\/wp\/v2\/types\/page"}],"author":[{"embeddable":true,"href":"https:\/\/www.tcm-vet.com\/tr\/wp-json\/wp\/v2\/users\/1"}],"replies":[{"embeddable":true,"href":"https:\/\/www.tcm-vet.com\/tr\/wp-json\/wp\/v2\/comments?post=20786"}],"version-history":[{"count":0,"href":"https:\/\/www.tcm-vet.com\/tr\/wp-json\/wp\/v2\/pages\/20786\/revisions"}],"wp:attachment":[{"href":"https:\/\/www.tcm-vet.com\/tr\/wp-json\/wp\/v2\/media?parent=20786"}],"curies":[{"name":"wp","href":"https:\/\/api.w.org\/{rel}","templated":true}]}}