{"id":2141,"date":"2023-02-24T17:45:01","date_gmt":"2023-02-24T17:45:01","guid":{"rendered":"https:\/\/www.tcm-vet.com\/?page_id=2141"},"modified":"2025-11-28T18:43:11","modified_gmt":"2025-11-28T18:43:11","slug":"30-gun-garanti","status":"publish","type":"page","link":"https:\/\/www.tcm-vet.com\/tr\/30-days-guarantee\/","title":{"rendered":"30 g\u00fcn garanti"},"content":{"rendered":"<p>   Her evcil hayvan sahibi, \u00fcr\u00fcnlerimizi denemek i\u00e7in kendine g\u00fcvenli ve rahat hissetmek istiyoruz. Bu y\u00fczden, bask\u0131 veya endi\u015fe olmadan do\u011fal bitkisel deste\u011fin faydalar\u0131n\u0131 ger\u00e7ekten deneyimlemeniz i\u00e7in size ve evcil hayvan\u0131n\u0131za 30 G\u00fcnl\u00fck Memnuniyet Garantisi sunuyoruz.<\/p>\n\n\n\n<p>Do\u011fal bitkisel takviyeler, re\u00e7eteli ila\u00e7lardan farkl\u0131 \u00e7al\u0131\u015f\u0131r. Anl\u0131k de\u011fi\u015fiklikler yaratmazlar. Bunun yerine, emilmek, v\u00fccudu d\u00fczenlemek ve i\u00e7ten dengeyi yeniden sa\u011flamak i\u00e7in zamana ihtiya\u00e7 duyarlar. Bu nedenle, \u00fcr\u00fcn\u00fcn onlara uygun olup olmad\u0131\u011f\u0131na karar vermeden \u00f6nce evcil hayvan\u0131n\u0131z\u0131n \u00fcr\u00fcn\u00fc en az 30 g\u00fcn kullanmas\u0131n\u0131 samimiyetle \u00f6neriyoruz.<\/p>\n\n\n\n<p>E\u011fer, 30 g\u00fcn boyunca s\u00fcrekli kullan\u0131m sonras\u0131nda, \u00fcr\u00fcn\u00fcn beklentilerinizi kar\u015f\u0131lamad\u0131\u011f\u0131n\u0131 d\u00fc\u015f\u00fcn\u00fcyorsan\u0131z, bizimle ileti\u015fime ge\u00e7mekten \u00e7ekinmeyin. M\u00fc\u015fteri hizmetleri ekibimiz, iade veya geri \u00f6deme konusunda size memnuniyetle yard\u0131mc\u0131 olacakt\u0131r. Tam detaylar i\u00e7in l\u00fctfen \u0130ade ve Geri \u00d6deme Politikas\u0131 sayfam\u0131z\u0131 ziyaret edin.<\/p>\n\n\n\n<p><strong>Bilimsel A\u00e7\u0131klama: Do\u011fal Bitkisel Takviyelerin 30 G\u00fcne Neden \u0130htiyac\u0131 Var?<\/strong><\/p>\n\n\n\n<p>Do\u011fal bitkisel takviyeler nazik, b\u00fct\u00fcnsel ve \u00e7ok sistemli bir do\u011faya sahiptir. H\u0131zl\u0131 bir \u015fekilde belirli yollar \u00fczerinde etki eden re\u00e7eteli ila\u00e7lar\u0131n aksine, bitkiler yava\u015f birikim ve i\u00e7 d\u00fczenlemeye dayan\u0131r. A\u015fa\u011f\u0131da 30 g\u00fcnl\u00fck zaman diliminin arkas\u0131ndaki bilim bulunmaktad\u0131r.<\/p>\n\n\n\n<ol class=\"wp-block-list\">\n<li>Bitkilerin emilmesi ve v\u00fccutta birikmesi i\u00e7in zamana ihtiyac\u0131 vard\u0131r.<br>Bitkisel bile\u015fenler sindirilir, emilir ve kan dola\u015f\u0131m\u0131nda da\u011f\u0131l\u0131r. Zamanla ba\u011f\u0131\u015f\u0131kl\u0131\u011f\u0131, metabolizmay\u0131 ve h\u00fccresel sa\u011fl\u0131\u011f\u0131 etkilerler. Bu s\u00fcre\u00e7 zaman al\u0131r, bu y\u00fczden etkiler hemen g\u00f6r\u00fcnmez.<\/li>\n\n\n\n<li>Bitkisel destek sistemik olarak \u00e7al\u0131\u015f\u0131r, sadece semptom semptom de\u011fil.<br>Do\u011fal bitkiler, ba\u011f\u0131\u015f\u0131kl\u0131k fonksiyonunu desteklemek, karaci\u011fer ve b\u00f6brek sa\u011fl\u0131\u011f\u0131n\u0131 te\u015fvik etmek, kronik iltihab\u0131 azaltmak, sindirim sa\u011fl\u0131\u011f\u0131n\u0131 desteklemek ve h\u00fccresel onar\u0131ma yard\u0131mc\u0131 olmak i\u00e7in birlikte \u00e7al\u0131\u015fan birden fazla aktif bile\u015fen i\u00e7erir. Sistem genelinde iyile\u015fme do\u011fal olarak birka\u00e7 hafta al\u0131r. Belirgin de\u011fi\u015fiklikler i\u00e7in 3-4 haftal\u0131k bir d\u00f6nem biyolojik olarak normaldir.<\/li>\n\n\n\n<li>V\u00fccudun kendini iyile\u015ftirme s\u00fcreci zorlanamaz; sadece desteklenebilir.<br>Bitkiler, v\u00fccudun mekanizmalar\u0131n\u0131 ge\u00e7ersiz k\u0131lmaz. Bunun yerine, v\u00fccudun iyile\u015fme i\u00e7in kulland\u0131\u011f\u0131 kaynaklar\u0131 sa\u011flarlar. Metabolik at\u0131klar\u0131 temizleme, dokular\u0131 onarma ve ba\u011f\u0131\u015f\u0131kl\u0131k dengesini d\u00fczenleme gibi do\u011fal s\u00fcre\u00e7lerin hepsi zaman gerektirir. Bu nedenle, 30 g\u00fcn do\u011fal ayarlamalar i\u00e7in bilimsel olarak makul bir temel olarak kabul edilir.<\/li>\n\n\n\n<li>Her evcil hayvan farkl\u0131 \u015fekilde emer ve tepki verir.<br>Bitkisel etkinlik, ya\u015f, metabolizma, sindirim sa\u011fl\u0131\u011f\u0131, v\u00fccut durumu, kilo ve diyet gibi fakt\u00f6rlere ba\u011fl\u0131 olarak de\u011fi\u015fir. Baz\u0131 evcil hayvanlar daha h\u0131zl\u0131 iyile\u015fme g\u00f6sterirken, di\u011ferleri daha uzun bir ayarlama s\u00fcresine ihtiya\u00e7 duyar.<\/li>\n\n\n\n<li>Bitkisel faydalar birikimlidir, anl\u0131k de\u011fildir.<br>Bitkisel terapinin g\u00fcc\u00fc tutarl\u0131l\u0131\u011f\u0131ndad\u0131r. K\u00fc\u00e7\u00fck iyile\u015fmeler yava\u015f yava\u015f birikir ve genel sonu\u00e7 belirgin hale gelir.<\/li>\n<\/ol>\n\n\n\n<p><strong>Sonu\u00e7: 30 G\u00fcn Do\u011fal \u0130yile\u015fme Ritmi<\/strong><\/p>\n\n\n\n<p>Bitkiler, v\u00fccudu de\u011fi\u015fmeye zorlamaz; do\u011fal olarak dengeyi yeniden sa\u011flamas\u0131n\u0131 te\u015fvik eder. Evcil hayvan\u0131n\u0131za en az 30 g\u00fcn vermek, bu bile\u015fenlerin v\u00fccudun kendi s\u00fcre\u00e7leriyle uyum i\u00e7inde \u00e7al\u0131\u015fmas\u0131na olanak tan\u0131r.<\/p>\n\n\n\n<p>Do\u011fal form\u00fcllerimizin evcil hayvan\u0131n\u0131za olumlu de\u011fi\u015fiklikler getirmesini umuyoruz. E\u011fer, 30 g\u00fcn boyunca s\u00fcrekli kullan\u0131m sonras\u0131nda \u00fcr\u00fcn\u00fcn uygun olmad\u0131\u011f\u0131n\u0131 d\u00fc\u015f\u00fcn\u00fcyorsan\u0131z, ekibimiz her zaman dost\u00e7a ve stres i\u00e7ermeyen bir iade s\u00fcreci ile yard\u0131mc\u0131 olmaya haz\u0131rd\u0131r.<\/p>\n\n\n\n<p>Daha fazla bilgi i\u00e7in l\u00fctfen \u0130ade ve Geri \u00d6deme Politikas\u0131 sayfam\u0131z\u0131 ziyaret edin.<\/p>","protected":false},"excerpt":{"rendered":"<p>We want every pet parent to feel confident and comfortable trying our products. That\u2019s why we offer a 30-Day Satisfaction Assurance, giving you and your pet the opportunity to truly experience the benefits of natural herbal support without pressure or worry. Natural herbal supplements work differently from prescription medications. They do not create instant changes. [&hellip;]<\/p>\n","protected":false},"author":1,"featured_media":0,"parent":0,"menu_order":0,"comment_status":"closed","ping_status":"closed","template":"","meta":{"_et_pb_use_builder":"off","_et_pb_old_content":"<!-- wp:paragraph -->\n<p>We are so confident in our products that we offer a 30-day money-back guarantee! We simply ask that you try out any product for 30 days before deciding whether to initiate the return process. Why? It\u2019s quite simple. Natural herbal supplements need time to take effect within your pet\u2019s body; this means it might take weeks or even months to see results. Remember, these are not prescription drugs, but wild, natural herbal supplements. Let them work, and give them a chance to surprise and benefit you! We hope our products are perfect for your pet, but if for any reason you are not satisfied with your purchase, please contact our customer service team for assistance with obtaining a return authorization\/refund.<\/p>\n<!-- \/wp:paragraph -->\n\n<!-- wp:paragraph -->\n<p><strong>If you wish to make a return, request a refund, or learn more about our policies, please visit our Returns and Refunds Policy page.<\/strong><\/p>\n<!-- \/wp:paragraph -->","_et_gb_content_width":"1080","footnotes":""},"class_list":["post-2141","page","type-page","status-publish","hentry"],"jetpack-related-posts":[],"jetpack_sharing_enabled":true,"jetpack_likes_enabled":true,"_links":{"self":[{"href":"https:\/\/www.tcm-vet.com\/tr\/wp-json\/wp\/v2\/pages\/2141","targetHints":{"allow":["GET"]}}],"collection":[{"href":"https:\/\/www.tcm-vet.com\/tr\/wp-json\/wp\/v2\/pages"}],"about":[{"href":"https:\/\/www.tcm-vet.com\/tr\/wp-json\/wp\/v2\/types\/page"}],"author":[{"embeddable":true,"href":"https:\/\/www.tcm-vet.com\/tr\/wp-json\/wp\/v2\/users\/1"}],"replies":[{"embeddable":true,"href":"https:\/\/www.tcm-vet.com\/tr\/wp-json\/wp\/v2\/comments?post=2141"}],"version-history":[{"count":0,"href":"https:\/\/www.tcm-vet.com\/tr\/wp-json\/wp\/v2\/pages\/2141\/revisions"}],"wp:attachment":[{"href":"https:\/\/www.tcm-vet.com\/tr\/wp-json\/wp\/v2\/media?parent=2141"}],"curies":[{"name":"wp","href":"https:\/\/api.w.org\/{rel}","templated":true}]}}