{"id":26816,"date":"2026-02-01T16:42:35","date_gmt":"2026-02-01T16:42:35","guid":{"rendered":"https:\/\/www.tcm-vet.com\/user-dashboard\/"},"modified":"2026-02-01T16:42:35","modified_gmt":"2026-02-01T16:42:35","slug":"kullanici-kontrol-paneli","status":"publish","type":"page","link":"https:\/\/www.tcm-vet.com\/tr\/user-dashboard\/","title":{"rendered":"Kullan\u0131c\u0131 Kontrol Paneli"},"content":{"rendered":"<p>[wpdm_user_dashboard]<\/p>\n","protected":false},"excerpt":{"rendered":"<p>[wpdm_user_dashboard]<\/p>\n","protected":false},"author":1,"featured_media":0,"parent":0,"menu_order":0,"comment_status":"closed","ping_status":"closed","template":"","meta":{"_et_pb_use_builder":"","_et_pb_old_content":"","_et_gb_content_width":"","footnotes":""},"class_list":["post-26816","page","type-page","status-publish","hentry"],"jetpack-related-posts":[{"id":3,"url":"https:\/\/www.tcm-vet.com\/tr\/privacy-policy\/","url_meta":{"origin":26816,"position":0},"title":"Gizlilik Politikas\u0131","author":"TCMVET","date":"Ekim 7, 2022","format":false,"excerpt":"Biz kimizWeb sitemiz: https:\/\/www.tcm-vet.com. YorumlarBir ziyaret\u00e7i sitede bir yorum b\u0131rakt\u0131\u011f\u0131nda, yorum formunda g\u00f6r\u00fcnt\u00fclenen verileri toplar\u0131z,\u2026","rel":"","context":"Benzer yaz\u0131","block_context":{"text":"Benzer yaz\u0131","link":""},"img":{"alt_text":"","src":"","width":0,"height":0},"classes":[]},{"id":20760,"url":"https:\/\/www.tcm-vet.com\/tr\/affiliate-terms-of-use\/","url_meta":{"origin":26816,"position":1},"title":"Ortakl\u0131k Kullan\u0131m \u015eartlar\u0131","author":"TCMVET","date":"Ekim 19, 2025","format":false,"excerpt":"TCMVET'in yetkili bir orta\u011f\u0131 (Ortak) olarak, bu S\u00f6zle\u015fme'de (S\u00f6zle\u015fme) yer alan \u015fartlara ve ko\u015fullara uymay\u0131 kabul edersiniz. TCMVET'i bir Ortak olarak kaydolmadan ve tan\u0131tmadan \u00f6nce l\u00fctfen S\u00f6zle\u015fme'yi dikkatlice okuyun. Program'a kat\u0131l\u0131m\u0131n\u0131z, web sitemizi yasal olarak tan\u0131tmak i\u00e7in yaln\u0131zca bir\u2026","rel":"","context":"Benzer yaz\u0131","block_context":{"text":"Benzer yaz\u0131","link":""},"img":{"alt_text":"","src":"","width":0,"height":0},"classes":[]},{"id":613,"url":"https:\/\/www.tcm-vet.com\/tr\/calculator\/","url_meta":{"origin":26816,"position":2},"title":"Hesap makinesi","author":"TCMVET","date":"Ekim 18, 2022","format":false,"excerpt":"","rel":"","context":"Benzer yaz\u0131","block_context":{"text":"Benzer yaz\u0131","link":""},"img":{"alt_text":"","src":"","width":0,"height":0},"classes":[]}],"jetpack_sharing_enabled":true,"jetpack_likes_enabled":true,"_links":{"self":[{"href":"https:\/\/www.tcm-vet.com\/tr\/wp-json\/wp\/v2\/pages\/26816","targetHints":{"allow":["GET"]}}],"collection":[{"href":"https:\/\/www.tcm-vet.com\/tr\/wp-json\/wp\/v2\/pages"}],"about":[{"href":"https:\/\/www.tcm-vet.com\/tr\/wp-json\/wp\/v2\/types\/page"}],"author":[{"embeddable":true,"href":"https:\/\/www.tcm-vet.com\/tr\/wp-json\/wp\/v2\/users\/1"}],"replies":[{"embeddable":true,"href":"https:\/\/www.tcm-vet.com\/tr\/wp-json\/wp\/v2\/comments?post=26816"}],"version-history":[{"count":0,"href":"https:\/\/www.tcm-vet.com\/tr\/wp-json\/wp\/v2\/pages\/26816\/revisions"}],"wp:attachment":[{"href":"https:\/\/www.tcm-vet.com\/tr\/wp-json\/wp\/v2\/media?parent=26816"}],"curies":[{"name":"wp","href":"https:\/\/api.w.org\/{rel}","templated":true}]}}