{"id":4352,"date":"2024-05-25T11:56:17","date_gmt":"2024-05-25T11:56:17","guid":{"rendered":"https:\/\/www.tcm-vet.com\/booking-page\/"},"modified":"2025-11-20T16:17:50","modified_gmt":"2025-11-20T16:17:50","slug":"rezervasyon-sayfasi","status":"publish","type":"page","link":"https:\/\/www.tcm-vet.com\/tr\/booking-page\/","title":{"rendered":"Rezervasyon"},"content":{"rendered":"<p>[wap_widget title=&#8221;Book now&#8221; popup ]<\/p>\n","protected":false},"excerpt":{"rendered":"","protected":false},"author":1,"featured_media":0,"parent":0,"menu_order":0,"comment_status":"closed","ping_status":"closed","template":"","meta":{"_et_pb_use_builder":"","_et_pb_old_content":"","_et_gb_content_width":"","footnotes":""},"class_list":["post-4352","page","type-page","status-publish","hentry"],"jetpack-related-posts":[{"id":613,"url":"https:\/\/www.tcm-vet.com\/tr\/calculator\/","url_meta":{"origin":4352,"position":0},"title":"Hesap makinesi","author":"TCMVET","date":"Ekim 18, 2022","format":false,"excerpt":"\u0130ki mod aras\u0131nda ge\u00e7i\u015f yapmak m\u00fcmk\u00fcnd\u00fcr, se\u00e7in; bunu e\u015fle\u015ftirmek i\u00e7in\u2026","rel":"","context":"Benzer yaz\u0131","block_context":{"text":"Benzer yaz\u0131","link":""},"img":{"alt_text":"","src":"","width":0,"height":0},"classes":[]},{"id":26958,"url":"https:\/\/www.tcm-vet.com\/tr\/store\/","url_meta":{"origin":4352,"position":1},"title":"ma\u011faza","author":"TCMVET","date":"\u015eubat 6, 2026","format":false,"excerpt":"","rel":"","context":"Benzer yaz\u0131","block_context":{"text":"Benzer yaz\u0131","link":""},"img":{"alt_text":"","src":"","width":0,"height":0},"classes":[]},{"id":26547,"url":"https:\/\/www.tcm-vet.com\/tr\/the-guardian-project\/","url_meta":{"origin":4352,"position":2},"title":"Guardian Projesi","author":"TCMVET","date":"Ocak 25, 2026","format":false,"excerpt":"","rel":"","context":"Benzer yaz\u0131","block_context":{"text":"Benzer yaz\u0131","link":""},"img":{"alt_text":"","src":"","width":0,"height":0},"classes":[]},{"id":26726,"url":"https:\/\/www.tcm-vet.com\/tr\/yang-daily-care-plan-for-dogs\/","url_meta":{"origin":4352,"position":3},"title":"Yang G\u00fcnl\u00fck K\u00f6pek Bak\u0131m Plan\u0131","author":"TCMVET","date":"Ocak 30, 2026","format":false,"excerpt":"","rel":"","context":"Benzer yaz\u0131","block_context":{"text":"Benzer yaz\u0131","link":""},"img":{"alt_text":"","src":"","width":0,"height":0},"classes":[]},{"id":63,"url":"https:\/\/www.tcm-vet.com\/tr\/product\/","url_meta":{"origin":4352,"position":4},"title":"\u00dcr\u00fcn","author":"TCMVET","date":"Ekim 7, 2022","format":false,"excerpt":"","rel":"","context":"Benzer yaz\u0131","block_context":{"text":"Benzer yaz\u0131","link":""},"img":{"alt_text":"","src":"","width":0,"height":0},"classes":[]},{"id":478,"url":"https:\/\/www.tcm-vet.com\/tr\/terms-of-service\/","url_meta":{"origin":4352,"position":5},"title":"Hizmet \u015eartlar\u0131","author":"TCMVET","date":"Ekim 13, 2022","format":false,"excerpt":"","rel":"","context":"Benzer yaz\u0131","block_context":{"text":"Benzer yaz\u0131","link":""},"img":{"alt_text":"","src":"","width":0,"height":0},"classes":[]}],"jetpack_sharing_enabled":true,"jetpack_likes_enabled":true,"_links":{"self":[{"href":"https:\/\/www.tcm-vet.com\/tr\/wp-json\/wp\/v2\/pages\/4352","targetHints":{"allow":["GET"]}}],"collection":[{"href":"https:\/\/www.tcm-vet.com\/tr\/wp-json\/wp\/v2\/pages"}],"about":[{"href":"https:\/\/www.tcm-vet.com\/tr\/wp-json\/wp\/v2\/types\/page"}],"author":[{"embeddable":true,"href":"https:\/\/www.tcm-vet.com\/tr\/wp-json\/wp\/v2\/users\/1"}],"replies":[{"embeddable":true,"href":"https:\/\/www.tcm-vet.com\/tr\/wp-json\/wp\/v2\/comments?post=4352"}],"version-history":[{"count":0,"href":"https:\/\/www.tcm-vet.com\/tr\/wp-json\/wp\/v2\/pages\/4352\/revisions"}],"wp:attachment":[{"href":"https:\/\/www.tcm-vet.com\/tr\/wp-json\/wp\/v2\/media?parent=4352"}],"curies":[{"name":"wp","href":"https:\/\/api.w.org\/{rel}","templated":true}]}}